{"id":796385,"date":"2025-06-17T22:48:09","date_gmt":"2025-06-17T19:48:09","guid":{"rendered":"https:\/\/nextsnkr.com\/product\/air-jordan-red\/"},"modified":"2026-02-01T21:00:50","modified_gmt":"2026-02-01T18:00:50","slug":"air-jordan-red","status":"publish","type":"product","link":"https:\/\/nextsnkr.com\/lt\/produktas\/air-jordan-red\/","title":{"rendered":"&#8222;AIR JORDAN Red&#8221; kepur\u0117 &#8211; stilinga akrilo \u017eiemos kepur\u0117"},"content":{"rendered":"<h2>&#8222;AIR JORDAN Red&#8221; kepur\u0117 &#8211; stilinga akrilo \u017eiemos kepur\u0117<\/h2>\n<p>&#8222;AIR JORDAN Red&#8221; kepur\u0117 yra universalus \u0161iltos ir patogios \u017eiemos modelis. Pagaminta i\u0161 mink\u0161to akrilo, ji suteikia \u0161ilum\u0105 ir malon\u0173 poj\u016bt\u012f d\u0117vint. Erdvinis siuvin\u0117jimas prideda stiling\u0105 akcent\u0105 ir pabr\u0117\u017eia prek\u0117s \u017eenkl\u0105, o universalus dydis tinka daugumai suaugusi\u0173j\u0173. Lengva prie\u017ei\u016bra \u2014 skalbimas rekomenduojamas 30\u00b0C temperat\u016broje. idealus pasirinkimas mados dizaino ir apsaugos nuo \u0161al\u010dio deriniui kasdieniame gyvenime.<\/p>\n","protected":false},"excerpt":{"rendered":"<p>&#8222;AIR JORDAN Red&#8221; kepur\u0117 yra universalus \u0161iltos ir patogios \u017eiemos modelis. Pagaminta i\u0161 mink\u0161to akrilo, ji suteikia \u0161ilum\u0105 ir malon\u0173 poj\u016bt\u012f d\u0117vint. Erdvinis siuvin\u0117jimas prideda stiling\u0105 akcent\u0105 ir pabr\u0117\u017eia prek\u0117s \u017eenkl\u0105, o universalus dydis tinka daugumai suaugusi\u0173j\u0173. Lengva prie\u017ei\u016bra \u2014 skalbimas rekomenduojamas 30\u00b0C temperat\u016broje. idealus pasirinkimas mados dizaino ir apsaugos nuo \u0161al\u010dio deriniui kasdieniame gyvenime.<\/p>\n","protected":false},"featured_media":796388,"comment_status":"open","ping_status":"open","template":"","meta":[],"product_brand":[],"product_cat":[3388,3264,4453],"product_tag":[],"class_list":{"0":"post-796385","1":"product","2":"type-product","3":"status-publish","4":"has-post-thumbnail","6":"product_cat-nike-jordan","7":"product_cat-all-product","8":"product_cat-shapky","9":"pa_rozmir-one-size","11":"first","12":"instock","13":"purchasable","14":"product-type-simple"},"_links":{"self":[{"href":"https:\/\/nextsnkr.com\/lt\/wp-json\/wp\/v2\/product\/796385","targetHints":{"allow":["GET"]}}],"collection":[{"href":"https:\/\/nextsnkr.com\/lt\/wp-json\/wp\/v2\/product"}],"about":[{"href":"https:\/\/nextsnkr.com\/lt\/wp-json\/wp\/v2\/types\/product"}],"replies":[{"embeddable":true,"href":"https:\/\/nextsnkr.com\/lt\/wp-json\/wp\/v2\/comments?post=796385"}],"version-history":[{"count":0,"href":"https:\/\/nextsnkr.com\/lt\/wp-json\/wp\/v2\/product\/796385\/revisions"}],"wp:featuredmedia":[{"embeddable":true,"href":"https:\/\/nextsnkr.com\/lt\/wp-json\/wp\/v2\/media\/796388"}],"wp:attachment":[{"href":"https:\/\/nextsnkr.com\/lt\/wp-json\/wp\/v2\/media?parent=796385"}],"wp:term":[{"taxonomy":"product_brand","embeddable":true,"href":"https:\/\/nextsnkr.com\/lt\/wp-json\/wp\/v2\/product_brand?post=796385"},{"taxonomy":"product_cat","embeddable":true,"href":"https:\/\/nextsnkr.com\/lt\/wp-json\/wp\/v2\/product_cat?post=796385"},{"taxonomy":"product_tag","embeddable":true,"href":"https:\/\/nextsnkr.com\/lt\/wp-json\/wp\/v2\/product_tag?post=796385"}],"curies":[{"name":"wp","href":"https:\/\/api.w.org\/{rel}","templated":true}]}}