{"id":795742,"date":"2025-06-13T10:06:24","date_gmt":"2025-06-13T07:06:24","guid":{"rendered":"https:\/\/nextsnkr.com\/product\/3-xl-black\/"},"modified":"2026-02-01T21:00:20","modified_gmt":"2026-02-01T18:00:20","slug":"3-xl-black","status":"publish","type":"product","link":"https:\/\/nextsnkr.com\/lt\/produktas\/3-xl-black\/","title":{"rendered":"Storulis 3 XL Black juodos odos"},"content":{"rendered":"<h2>Storulis 3 XL Black juodos odos<\/h2>\n<p>3 XL Black sportba\u010diai yra pagaminti i\u0161 auk\u0161tos kokyb\u0117s nat\u016bralios odos, kuri u\u017etikrina ilgaam\u017ei\u0161kum\u0105, stiling\u0105 i\u0161vaizd\u0105 ir ilgaam\u017ei\u0161kum\u0105. Klasikinis juodas dizainas daro model\u012f universal\u0173 ir lengv\u0105 kartu su bet kokia drabu\u017ei\u0173 spinta. Patogus padas u\u017etikrina komfort\u0105 kasdieni\u0173 pasivaik\u0161\u010diojim\u0173 metu ir aktyv\u0173 gyvenimo temp\u0105. Idealus pasirinkimas ie\u0161kantiems patikim\u0173, prakti\u0161k\u0173 ir stiling\u0173 odini\u0173 sportba\u010di\u0173. Gamintojas: Kinija. SKU: 165-700269<\/p>\n","protected":false},"excerpt":{"rendered":"<p>3 XL Black sportba\u010diai yra pagaminti i\u0161 auk\u0161tos kokyb\u0117s nat\u016bralios odos, kuri u\u017etikrina ilgaam\u017ei\u0161kum\u0105, stiling\u0105 i\u0161vaizd\u0105 ir ilgaam\u017ei\u0161kum\u0105. Klasikinis juodas dizainas daro model\u012f universal\u0173 ir lengv\u0105 kartu su bet kokia drabu\u017ei\u0173 spinta. Patogus padas u\u017etikrina komfort\u0105 kasdieni\u0173 pasivaik\u0161\u010diojim\u0173 metu ir aktyv\u0173 gyvenimo temp\u0105. Idealus pasirinkimas ie\u0161kantiems patikim\u0173, prakti\u0161k\u0173 ir stiling\u0173 odini\u0173 sportba\u010di\u0173. Gamintojas: Kinija. SKU: 165-700269<\/p>\n","protected":false},"featured_media":795743,"comment_status":"open","ping_status":"open","template":"","meta":[],"product_brand":[],"product_cat":[3264,3265],"product_tag":[],"class_list":{"0":"post-795742","1":"product","2":"type-product","3":"status-publish","4":"has-post-thumbnail","6":"product_cat-all-product","7":"product_cat-krosivky","8":"pa_rozmir-910","9":"pa_rozmir-912","10":"pa_rozmir-914","11":"pa_rozmir-915","12":"pa_rozmir-916","13":"pa_rozmir-917","14":"pa_rozmir-918","15":"pa_rozmir-919","16":"pa_rozmir-920","17":"pa_rozmir-921","18":"pa_rozmir-922","20":"first","21":"instock","22":"purchasable","23":"product-type-variable"},"_links":{"self":[{"href":"https:\/\/nextsnkr.com\/lt\/wp-json\/wp\/v2\/product\/795742","targetHints":{"allow":["GET"]}}],"collection":[{"href":"https:\/\/nextsnkr.com\/lt\/wp-json\/wp\/v2\/product"}],"about":[{"href":"https:\/\/nextsnkr.com\/lt\/wp-json\/wp\/v2\/types\/product"}],"replies":[{"embeddable":true,"href":"https:\/\/nextsnkr.com\/lt\/wp-json\/wp\/v2\/comments?post=795742"}],"version-history":[{"count":0,"href":"https:\/\/nextsnkr.com\/lt\/wp-json\/wp\/v2\/product\/795742\/revisions"}],"wp:featuredmedia":[{"embeddable":true,"href":"https:\/\/nextsnkr.com\/lt\/wp-json\/wp\/v2\/media\/795743"}],"wp:attachment":[{"href":"https:\/\/nextsnkr.com\/lt\/wp-json\/wp\/v2\/media?parent=795742"}],"wp:term":[{"taxonomy":"product_brand","embeddable":true,"href":"https:\/\/nextsnkr.com\/lt\/wp-json\/wp\/v2\/product_brand?post=795742"},{"taxonomy":"product_cat","embeddable":true,"href":"https:\/\/nextsnkr.com\/lt\/wp-json\/wp\/v2\/product_cat?post=795742"},{"taxonomy":"product_tag","embeddable":true,"href":"https:\/\/nextsnkr.com\/lt\/wp-json\/wp\/v2\/product_tag?post=795742"}],"curies":[{"name":"wp","href":"https:\/\/api.w.org\/{rel}","templated":true}]}}