{"id":794050,"date":"2025-06-13T10:10:10","date_gmt":"2025-06-13T07:10:10","guid":{"rendered":"https:\/\/nextsnkr.com\/product\/triple-s-clear-sole-white-violet\/"},"modified":"2026-02-01T20:59:09","modified_gmt":"2026-02-01T17:59:09","slug":"triple-s-clear-sole-white-violet","status":"publish","type":"product","link":"https:\/\/nextsnkr.com\/lt\/produktas\/triple-s-clear-sole-white-violet\/","title":{"rendered":"Triple s Clear Sole white violet sportba\u010diai-odiniai stilingi vyri\u0161ki"},"content":{"rendered":"<h2>Triple s Clear Sole white violet sportba\u010diai-odiniai stilingi vyri\u0161ki<\/h2>\n<p>Triple s Clear Sole white Violet sportba\u010diai gaminami i\u0161 kokybi\u0161kos odos ir i\u0161siskiria masyviu dizainu bei skaidriu padu. Modelis sujungia tendencijos i\u0161vaizd\u0105, patikim\u0105 fiksacij\u0105 ir didesn\u012f komfort\u0105 vaik\u0161\u010diojant. Baltos ir violetin\u0117s spalvos derinys prideda stili\u0173, o tvirtos med\u017eiagos u\u017etikrina ilgaam\u017ei\u0161kum\u0105. Idealus pasirinkimas ie\u0161kantiems mading\u0173 ir patogi\u0173 sportba\u010di\u0173 kiekvienai dienai.<\/p>\n","protected":false},"excerpt":{"rendered":"<p>Triple s Clear Sole white Violet sportba\u010diai gaminami i\u0161 kokybi\u0161kos odos ir i\u0161siskiria masyviu dizainu bei skaidriu padu. Modelis sujungia tendencijos i\u0161vaizd\u0105, patikim\u0105 fiksacij\u0105 ir didesn\u012f komfort\u0105 vaik\u0161\u010diojant. Baltos ir violetin\u0117s spalvos derinys prideda stili\u0173, o tvirtos med\u017eiagos u\u017etikrina ilgaam\u017ei\u0161kum\u0105. Idealus pasirinkimas ie\u0161kantiems mading\u0173 ir patogi\u0173 sportba\u010di\u0173 kiekvienai dienai.<\/p>\n","protected":false},"featured_media":794051,"comment_status":"open","ping_status":"open","template":"","meta":[],"product_brand":[],"product_cat":[3264,3265],"product_tag":[],"class_list":{"0":"post-794050","1":"product","2":"type-product","3":"status-publish","4":"has-post-thumbnail","6":"product_cat-all-product","7":"product_cat-krosivky","8":"pa_rozmir-910","9":"pa_rozmir-912","10":"pa_rozmir-914","11":"pa_rozmir-915","12":"pa_rozmir-916","13":"pa_rozmir-917","14":"pa_rozmir-918","15":"pa_rozmir-919","16":"pa_rozmir-920","17":"pa_rozmir-921","18":"pa_rozmir-922","20":"first","21":"instock","22":"purchasable","23":"product-type-variable"},"_links":{"self":[{"href":"https:\/\/nextsnkr.com\/lt\/wp-json\/wp\/v2\/product\/794050","targetHints":{"allow":["GET"]}}],"collection":[{"href":"https:\/\/nextsnkr.com\/lt\/wp-json\/wp\/v2\/product"}],"about":[{"href":"https:\/\/nextsnkr.com\/lt\/wp-json\/wp\/v2\/types\/product"}],"replies":[{"embeddable":true,"href":"https:\/\/nextsnkr.com\/lt\/wp-json\/wp\/v2\/comments?post=794050"}],"version-history":[{"count":0,"href":"https:\/\/nextsnkr.com\/lt\/wp-json\/wp\/v2\/product\/794050\/revisions"}],"wp:featuredmedia":[{"embeddable":true,"href":"https:\/\/nextsnkr.com\/lt\/wp-json\/wp\/v2\/media\/794051"}],"wp:attachment":[{"href":"https:\/\/nextsnkr.com\/lt\/wp-json\/wp\/v2\/media?parent=794050"}],"wp:term":[{"taxonomy":"product_brand","embeddable":true,"href":"https:\/\/nextsnkr.com\/lt\/wp-json\/wp\/v2\/product_brand?post=794050"},{"taxonomy":"product_cat","embeddable":true,"href":"https:\/\/nextsnkr.com\/lt\/wp-json\/wp\/v2\/product_cat?post=794050"},{"taxonomy":"product_tag","embeddable":true,"href":"https:\/\/nextsnkr.com\/lt\/wp-json\/wp\/v2\/product_tag?post=794050"}],"curies":[{"name":"wp","href":"https:\/\/api.w.org\/{rel}","templated":true}]}}