{"id":793697,"date":"2025-06-13T10:10:51","date_gmt":"2025-06-13T07:10:51","guid":{"rendered":"https:\/\/nextsnkr.com\/product\/tripl-s-clear-sole-pink\/"},"modified":"2026-02-01T20:58:48","modified_gmt":"2026-02-01T17:58:48","slug":"tripl-s-clear-sole-pink","status":"publish","type":"product","link":"https:\/\/nextsnkr.com\/lt\/produktas\/tripl-s-clear-sole-pink\/","title":{"rendered":"Tripl s Clear Sole Pink sportba\u010diai &#8211; stilingi odiniai moteri\u0161ki sportba\u010diai"},"content":{"rendered":"<h2>Tripl s Clear Sole Pink sportba\u010diai &#8211; stilingi odiniai moteri\u0161ki sportba\u010diai<\/h2>\n<p>&#8222;Tripl s Clear Sole Pink&#8221; sportba\u010diai &#8211; kokybi\u0161ki batai, derinantys komfort\u0105 ir ry\u0161k\u0173 dizain\u0105. Skaidrus &#8222;Clear Sole&#8221; padas u\u017etikrina patikim\u0105 nusid\u0117v\u0117jim\u0105 ir i\u0161skiria model\u012f tarp kit\u0173. D\u0117l patikimo gamintojo Siuvimo i\u0161 Kinijos, sportba\u010diai yra atspar\u016bs dilimui ir patogumui d\u0117v\u0117ti kasdien. Idealus pasirinkimas tiems, kurie nori prid\u0117ti stilingo akcento \u012fvaizd\u012f ir gauti maksimal\u0173 komfort\u0105.<\/p>\n","protected":false},"excerpt":{"rendered":"<p>&#8222;Tripl s Clear Sole Pink&#8221; sportba\u010diai &#8211; kokybi\u0161ki batai, derinantys komfort\u0105 ir ry\u0161k\u0173 dizain\u0105. Skaidrus &#8222;Clear Sole&#8221; padas u\u017etikrina patikim\u0105 nusid\u0117v\u0117jim\u0105 ir i\u0161skiria model\u012f tarp kit\u0173. D\u0117l patikimo gamintojo Siuvimo i\u0161 Kinijos, sportba\u010diai yra atspar\u016bs dilimui ir patogumui d\u0117v\u0117ti kasdien. Idealus pasirinkimas tiems, kurie nori prid\u0117ti stilingo akcento \u012fvaizd\u012f ir gauti maksimal\u0173 komfort\u0105.<\/p>\n","protected":false},"featured_media":793698,"comment_status":"open","ping_status":"open","template":"","meta":[],"product_brand":[],"product_cat":[3264,3265],"product_tag":[],"class_list":{"0":"post-793697","1":"product","2":"type-product","3":"status-publish","4":"has-post-thumbnail","6":"product_cat-all-product","7":"product_cat-krosivky","8":"pa_rozmir-910","9":"pa_rozmir-912","10":"pa_rozmir-914","11":"pa_rozmir-915","12":"pa_rozmir-916","13":"pa_rozmir-917","14":"pa_rozmir-918","15":"pa_rozmir-919","16":"pa_rozmir-920","17":"pa_rozmir-921","18":"pa_rozmir-922","20":"first","21":"onbackorder","22":"purchasable","23":"product-type-variable"},"_links":{"self":[{"href":"https:\/\/nextsnkr.com\/lt\/wp-json\/wp\/v2\/product\/793697","targetHints":{"allow":["GET"]}}],"collection":[{"href":"https:\/\/nextsnkr.com\/lt\/wp-json\/wp\/v2\/product"}],"about":[{"href":"https:\/\/nextsnkr.com\/lt\/wp-json\/wp\/v2\/types\/product"}],"replies":[{"embeddable":true,"href":"https:\/\/nextsnkr.com\/lt\/wp-json\/wp\/v2\/comments?post=793697"}],"version-history":[{"count":0,"href":"https:\/\/nextsnkr.com\/lt\/wp-json\/wp\/v2\/product\/793697\/revisions"}],"wp:featuredmedia":[{"embeddable":true,"href":"https:\/\/nextsnkr.com\/lt\/wp-json\/wp\/v2\/media\/793698"}],"wp:attachment":[{"href":"https:\/\/nextsnkr.com\/lt\/wp-json\/wp\/v2\/media?parent=793697"}],"wp:term":[{"taxonomy":"product_brand","embeddable":true,"href":"https:\/\/nextsnkr.com\/lt\/wp-json\/wp\/v2\/product_brand?post=793697"},{"taxonomy":"product_cat","embeddable":true,"href":"https:\/\/nextsnkr.com\/lt\/wp-json\/wp\/v2\/product_cat?post=793697"},{"taxonomy":"product_tag","embeddable":true,"href":"https:\/\/nextsnkr.com\/lt\/wp-json\/wp\/v2\/product_tag?post=793697"}],"curies":[{"name":"wp","href":"https:\/\/api.w.org\/{rel}","templated":true}]}}