{"id":789788,"date":"2025-06-13T10:20:00","date_gmt":"2025-06-13T07:20:00","guid":{"rendered":"https:\/\/nextsnkr.com\/product\/ct302-grey-blue\/"},"modified":"2026-02-01T20:56:53","modified_gmt":"2026-02-01T17:56:53","slug":"ct302-grey-blue","status":"publish","type":"product","link":"https:\/\/nextsnkr.com\/lt\/produktas\/ct302-grey-blue\/","title":{"rendered":"Ct302 Pilka m\u0117lyna-odiniai stilingi vyri\u0161ki sportba\u010diai"},"content":{"rendered":"<h2>Ct302 Pilka m\u0117lyna-odiniai stilingi vyri\u0161ki sportba\u010diai<\/h2>\n<p>&#8222;Ct302 Grey Blue&#8221; k\u0117d\u0117s yra pagamintos i\u0161 auk\u0161tos kokyb\u0117s odos ir sujungia komfort\u0105, stiprum\u0105 ir modern\u0173 dizain\u0105. Pilka spalva kartu su m\u0117lynais akcentais daro model\u012f universal\u0173 kasdieniam stiliui. Patogus sodinimas, patikimas padas ir patvarios med\u017eiagos u\u017etikrina malon\u0173 d\u0117v\u0117jim\u0105 vis\u0105 dien\u0105. Idealus pasirinkimas ie\u0161kantiems prakti\u0161k\u0173 ir mading\u0173 ked\u0173 kiekvienai dienai.<\/p>\n","protected":false},"excerpt":{"rendered":"<p>&#8222;Ct302 Grey Blue&#8221; k\u0117d\u0117s yra pagamintos i\u0161 auk\u0161tos kokyb\u0117s odos ir sujungia komfort\u0105, stiprum\u0105 ir modern\u0173 dizain\u0105. Pilka spalva kartu su m\u0117lynais akcentais daro model\u012f universal\u0173 kasdieniam stiliui. Patogus sodinimas, patikimas padas ir patvarios med\u017eiagos u\u017etikrina malon\u0173 d\u0117v\u0117jim\u0105 vis\u0105 dien\u0105. Idealus pasirinkimas ie\u0161kantiems prakti\u0161k\u0173 ir mading\u0173 ked\u0173 kiekvienai dienai.<\/p>\n","protected":false},"featured_media":789789,"comment_status":"open","ping_status":"open","template":"","meta":[],"product_brand":[],"product_cat":[3264,3323],"product_tag":[],"class_list":{"0":"post-789788","1":"product","2":"type-product","3":"status-publish","4":"has-post-thumbnail","6":"product_cat-all-product","7":"product_cat-kedy","8":"pa_rozmir-910","9":"pa_rozmir-912","10":"pa_rozmir-914","11":"pa_rozmir-915","12":"pa_rozmir-916","13":"pa_rozmir-917","14":"pa_rozmir-918","15":"pa_rozmir-919","16":"pa_rozmir-920","17":"pa_rozmir-921","18":"pa_rozmir-922","20":"first","21":"instock","22":"purchasable","23":"product-type-variable"},"_links":{"self":[{"href":"https:\/\/nextsnkr.com\/lt\/wp-json\/wp\/v2\/product\/789788","targetHints":{"allow":["GET"]}}],"collection":[{"href":"https:\/\/nextsnkr.com\/lt\/wp-json\/wp\/v2\/product"}],"about":[{"href":"https:\/\/nextsnkr.com\/lt\/wp-json\/wp\/v2\/types\/product"}],"replies":[{"embeddable":true,"href":"https:\/\/nextsnkr.com\/lt\/wp-json\/wp\/v2\/comments?post=789788"}],"version-history":[{"count":0,"href":"https:\/\/nextsnkr.com\/lt\/wp-json\/wp\/v2\/product\/789788\/revisions"}],"wp:featuredmedia":[{"embeddable":true,"href":"https:\/\/nextsnkr.com\/lt\/wp-json\/wp\/v2\/media\/789789"}],"wp:attachment":[{"href":"https:\/\/nextsnkr.com\/lt\/wp-json\/wp\/v2\/media?parent=789788"}],"wp:term":[{"taxonomy":"product_brand","embeddable":true,"href":"https:\/\/nextsnkr.com\/lt\/wp-json\/wp\/v2\/product_brand?post=789788"},{"taxonomy":"product_cat","embeddable":true,"href":"https:\/\/nextsnkr.com\/lt\/wp-json\/wp\/v2\/product_cat?post=789788"},{"taxonomy":"product_tag","embeddable":true,"href":"https:\/\/nextsnkr.com\/lt\/wp-json\/wp\/v2\/product_tag?post=789788"}],"curies":[{"name":"wp","href":"https:\/\/api.w.org\/{rel}","templated":true}]}}