{"id":787948,"date":"2025-06-13T10:23:40","date_gmt":"2025-06-13T07:23:40","guid":{"rendered":"https:\/\/nextsnkr.com\/product\/gazelle-bold-brown\/"},"modified":"2026-02-01T20:56:08","modified_gmt":"2026-02-01T17:56:08","slug":"gazelle-bold-brown","status":"publish","type":"product","link":"https:\/\/nextsnkr.com\/lt\/produktas\/gazelle-bold-brown\/","title":{"rendered":"&#8222;Gazelle Bold Brown&#8221; &#8211; Moteri\u0161ki zom\u0161iniai sportba\u010diai stilingos rudos spalvos"},"content":{"rendered":"<h2>&#8222;Gazelle Bold Brown&#8221; &#8211; Moteri\u0161ki zom\u0161iniai sportba\u010diai stilingos rudos spalvos<\/h2>\n<p>&#8222;Gazelle Bold Brown&#8221; yra klasikinio dizaino ir \u0161iuolaikinio komforto derinys. Pagaminti i\u0161 auk\u0161tos kokyb\u0117s zom\u0161os, jie suteikia mink\u0161tum\u0105, ilgaam\u017ei\u0161kum\u0105 ir malon\u0173 lyt\u0117jimo efekt\u0105. Modelis yra patogus kasdieniniam d\u0117v\u0117jimui, pasivaik\u0161\u010diojimams ir aktyviam poilsiui. Stilingas rudas atspalvis lengvai derinamas su bet kokiu casual b\u016bdu. Gamyba Vietname garantuoja tvarking\u0105 siuvim\u0105 ir auk\u0161t\u0105 med\u017eiag\u0173 kokyb\u0119. &#8222;Gazelle Bold Brown&#8221; yra puikus pasirinkimas tiems, kurie vertina komfort\u0105 ir stili\u0173.<\/p>\n","protected":false},"excerpt":{"rendered":"<p>&#8222;Gazelle Bold Brown&#8221; yra klasikinio dizaino ir \u0161iuolaikinio komforto derinys. Pagaminti i\u0161 auk\u0161tos kokyb\u0117s zom\u0161os, jie suteikia mink\u0161tum\u0105, ilgaam\u017ei\u0161kum\u0105 ir malon\u0173 lyt\u0117jimo efekt\u0105. Modelis yra patogus kasdieniniam d\u0117v\u0117jimui, pasivaik\u0161\u010diojimams ir aktyviam poilsiui. Stilingas rudas atspalvis lengvai derinamas su bet kokiu casual b\u016bdu. Gamyba Vietname garantuoja tvarking\u0105 siuvim\u0105 ir auk\u0161t\u0105 med\u017eiag\u0173 kokyb\u0119. &#8222;Gazelle Bold Brown&#8221; yra puikus pasirinkimas tiems, kurie vertina komfort\u0105 ir stili\u0173.<\/p>\n","protected":false},"featured_media":787949,"comment_status":"open","ping_status":"open","template":"","meta":[],"product_brand":[],"product_cat":[3264,3323],"product_tag":[],"class_list":{"0":"post-787948","1":"product","2":"type-product","3":"status-publish","4":"has-post-thumbnail","6":"product_cat-all-product","7":"product_cat-kedy","8":"pa_rozmir-910","9":"pa_rozmir-912","10":"pa_rozmir-914","11":"pa_rozmir-915","12":"pa_rozmir-916","13":"pa_rozmir-917","14":"pa_rozmir-918","15":"pa_rozmir-919","16":"pa_rozmir-920","17":"pa_rozmir-921","18":"pa_rozmir-922","20":"first","21":"instock","22":"purchasable","23":"product-type-variable"},"_links":{"self":[{"href":"https:\/\/nextsnkr.com\/lt\/wp-json\/wp\/v2\/product\/787948","targetHints":{"allow":["GET"]}}],"collection":[{"href":"https:\/\/nextsnkr.com\/lt\/wp-json\/wp\/v2\/product"}],"about":[{"href":"https:\/\/nextsnkr.com\/lt\/wp-json\/wp\/v2\/types\/product"}],"replies":[{"embeddable":true,"href":"https:\/\/nextsnkr.com\/lt\/wp-json\/wp\/v2\/comments?post=787948"}],"version-history":[{"count":0,"href":"https:\/\/nextsnkr.com\/lt\/wp-json\/wp\/v2\/product\/787948\/revisions"}],"wp:featuredmedia":[{"embeddable":true,"href":"https:\/\/nextsnkr.com\/lt\/wp-json\/wp\/v2\/media\/787949"}],"wp:attachment":[{"href":"https:\/\/nextsnkr.com\/lt\/wp-json\/wp\/v2\/media?parent=787948"}],"wp:term":[{"taxonomy":"product_brand","embeddable":true,"href":"https:\/\/nextsnkr.com\/lt\/wp-json\/wp\/v2\/product_brand?post=787948"},{"taxonomy":"product_cat","embeddable":true,"href":"https:\/\/nextsnkr.com\/lt\/wp-json\/wp\/v2\/product_cat?post=787948"},{"taxonomy":"product_tag","embeddable":true,"href":"https:\/\/nextsnkr.com\/lt\/wp-json\/wp\/v2\/product_tag?post=787948"}],"curies":[{"name":"wp","href":"https:\/\/api.w.org\/{rel}","templated":true}]}}