{"id":786062,"date":"2025-06-13T10:26:47","date_gmt":"2025-06-13T07:26:47","guid":{"rendered":"https:\/\/nextsnkr.com\/product\/alexander-mcqueen-pink\/"},"modified":"2026-02-01T20:55:22","modified_gmt":"2026-02-01T17:55:22","slug":"alexander-mcqueen-pink","status":"publish","type":"product","link":"https:\/\/nextsnkr.com\/lt\/produktas\/alexander-mcqueen-pink\/","title":{"rendered":"Alexander McQueen Pink odiniai stilingi kasdieniam d\u0117v\u0117jimui"},"content":{"rendered":"<h2>Alexander McQueen Pink odiniai stilingi kasdieniam d\u0117v\u0117jimui<\/h2>\n<p>Prabang\u016bs Alexander McQueen Pink gaminami i\u0161 auk\u0161tos kokyb\u0117s nat\u016bralios odos ital\u0173 gamintojo, kuris garantuoja ilgaam\u017ei\u0161kum\u0105 ir komfort\u0105. Mink\u0161tas padas suteikia vaik\u0161\u010diojimo lengvum\u0105, o \u0161velnus ro\u017einis atspalvis prideda rafinuotumo ir stiliaus. Idealus modelis mading\u0173 vaizd\u0173 k\u016brimui ir kasdieniniam d\u0117v\u0117jimui. \u0160ie k\u0117d\u0117s derina auk\u0161\u010diausios kokyb\u0117s, komforto ir unikal\u0173 dizain\u0105, tod\u0117l jie yra pageidautinas pasirinkimas tikriems mados \u017einovams.<\/p>\n","protected":false},"excerpt":{"rendered":"<p>Prabang\u016bs Alexander McQueen Pink gaminami i\u0161 auk\u0161tos kokyb\u0117s nat\u016bralios odos ital\u0173 gamintojo, kuris garantuoja ilgaam\u017ei\u0161kum\u0105 ir komfort\u0105. Mink\u0161tas padas suteikia vaik\u0161\u010diojimo lengvum\u0105, o \u0161velnus ro\u017einis atspalvis prideda rafinuotumo ir stiliaus. Idealus modelis mading\u0173 vaizd\u0173 k\u016brimui ir kasdieniniam d\u0117v\u0117jimui. \u0160ie k\u0117d\u0117s derina auk\u0161\u010diausios kokyb\u0117s, komforto ir unikal\u0173 dizain\u0105, tod\u0117l jie yra pageidautinas pasirinkimas tikriems mados \u017einovams.<\/p>\n","protected":false},"featured_media":786063,"comment_status":"open","ping_status":"open","template":"","meta":[],"product_brand":[],"product_cat":[3264,3323],"product_tag":[],"class_list":{"0":"post-786062","1":"product","2":"type-product","3":"status-publish","4":"has-post-thumbnail","6":"product_cat-all-product","7":"product_cat-kedy","8":"pa_rozmir-910","9":"pa_rozmir-912","10":"pa_rozmir-914","11":"pa_rozmir-915","12":"pa_rozmir-916","13":"pa_rozmir-917","14":"pa_rozmir-918","15":"pa_rozmir-919","16":"pa_rozmir-920","17":"pa_rozmir-921","18":"pa_rozmir-922","20":"first","21":"onbackorder","22":"purchasable","23":"product-type-variable"},"_links":{"self":[{"href":"https:\/\/nextsnkr.com\/lt\/wp-json\/wp\/v2\/product\/786062","targetHints":{"allow":["GET"]}}],"collection":[{"href":"https:\/\/nextsnkr.com\/lt\/wp-json\/wp\/v2\/product"}],"about":[{"href":"https:\/\/nextsnkr.com\/lt\/wp-json\/wp\/v2\/types\/product"}],"replies":[{"embeddable":true,"href":"https:\/\/nextsnkr.com\/lt\/wp-json\/wp\/v2\/comments?post=786062"}],"version-history":[{"count":0,"href":"https:\/\/nextsnkr.com\/lt\/wp-json\/wp\/v2\/product\/786062\/revisions"}],"wp:featuredmedia":[{"embeddable":true,"href":"https:\/\/nextsnkr.com\/lt\/wp-json\/wp\/v2\/media\/786063"}],"wp:attachment":[{"href":"https:\/\/nextsnkr.com\/lt\/wp-json\/wp\/v2\/media?parent=786062"}],"wp:term":[{"taxonomy":"product_brand","embeddable":true,"href":"https:\/\/nextsnkr.com\/lt\/wp-json\/wp\/v2\/product_brand?post=786062"},{"taxonomy":"product_cat","embeddable":true,"href":"https:\/\/nextsnkr.com\/lt\/wp-json\/wp\/v2\/product_cat?post=786062"},{"taxonomy":"product_tag","embeddable":true,"href":"https:\/\/nextsnkr.com\/lt\/wp-json\/wp\/v2\/product_tag?post=786062"}],"curies":[{"name":"wp","href":"https:\/\/api.w.org\/{rel}","templated":true}]}}