{"id":785572,"date":"2025-06-13T10:27:33","date_gmt":"2025-06-13T07:27:33","guid":{"rendered":"https:\/\/nextsnkr.com\/product\/balenciaga-track-black-3\/"},"modified":"2026-02-01T20:55:12","modified_gmt":"2026-02-01T17:55:12","slug":"balenciaga-track-black-3","status":"publish","type":"product","link":"https:\/\/nextsnkr.com\/lt\/produktas\/balenciaga-track-black-3\/","title":{"rendered":"Storulis Balenciaga &#8221; Track Black-odos vyri\u0161ki, stilius ir komfortas"},"content":{"rendered":"<h2>Storulis Balenciaga &#8221; Track Black-odos vyri\u0161ki, stilius ir komfortas<\/h2>\n<p>Storulis Balenciaga &#8221; Track Black sukurta i\u0161 kokyb\u0117s odos ir skiriasi tvirt\u0105 sandaros, suteikianti komfort\u0105 net ir per aktyvaus naudojimo. Modernus multipart dizainas prideda paveiksl\u0105 \u0431\u0440\u0443\u0442\u0430\u043b\u044c\u043d\u043e\u0441\u0442\u0438 ir \u043f\u0440\u0435\u043c\u0438\u0430\u043b\u044c\u043d\u043e\u0433\u043e stiliaus. Amortizuojantis padas palaiko p\u0117d\u0105 ir palengvina \u017eingsnius. Auk\u0161tos kokyb\u0117s gamybos i\u0161 \u0412\u044c\u0435\u0442\u043d\u0430\u043c\u0430 u\u017etikrina ilgaam\u017ei\u0161kum\u0105. Pasirinkite Balenciaga &#8221; Track did\u017eiausi\u0105 derinys stiliaus ir patogumo.<\/p>\n","protected":false},"excerpt":{"rendered":"<p>Storulis Balenciaga &#8221; Track Black sukurta i\u0161 kokyb\u0117s odos ir skiriasi tvirt\u0105 sandaros, suteikianti komfort\u0105 net ir per aktyvaus naudojimo. Modernus multipart dizainas prideda paveiksl\u0105 \u0431\u0440\u0443\u0442\u0430\u043b\u044c\u043d\u043e\u0441\u0442\u0438 ir \u043f\u0440\u0435\u043c\u0438\u0430\u043b\u044c\u043d\u043e\u0433\u043e stiliaus. Amortizuojantis padas palaiko p\u0117d\u0105 ir palengvina \u017eingsnius. Auk\u0161tos kokyb\u0117s gamybos i\u0161 \u0412\u044c\u0435\u0442\u043d\u0430\u043c\u0430 u\u017etikrina ilgaam\u017ei\u0161kum\u0105. Pasirinkite Balenciaga &#8221; Track did\u017eiausi\u0105 derinys stiliaus ir patogumo.<\/p>\n","protected":false},"featured_media":785574,"comment_status":"open","ping_status":"open","template":"","meta":[],"product_brand":[],"product_cat":[3264,3265],"product_tag":[],"class_list":{"0":"post-785572","1":"product","2":"type-product","3":"status-publish","4":"has-post-thumbnail","6":"product_cat-all-product","7":"product_cat-krosivky","8":"pa_rozmir-910","9":"pa_rozmir-912","10":"pa_rozmir-914","11":"pa_rozmir-915","12":"pa_rozmir-916","13":"pa_rozmir-917","14":"pa_rozmir-918","15":"pa_rozmir-919","16":"pa_rozmir-920","17":"pa_rozmir-921","18":"pa_rozmir-922","20":"first","21":"instock","22":"purchasable","23":"product-type-variable"},"_links":{"self":[{"href":"https:\/\/nextsnkr.com\/lt\/wp-json\/wp\/v2\/product\/785572","targetHints":{"allow":["GET"]}}],"collection":[{"href":"https:\/\/nextsnkr.com\/lt\/wp-json\/wp\/v2\/product"}],"about":[{"href":"https:\/\/nextsnkr.com\/lt\/wp-json\/wp\/v2\/types\/product"}],"replies":[{"embeddable":true,"href":"https:\/\/nextsnkr.com\/lt\/wp-json\/wp\/v2\/comments?post=785572"}],"version-history":[{"count":0,"href":"https:\/\/nextsnkr.com\/lt\/wp-json\/wp\/v2\/product\/785572\/revisions"}],"wp:featuredmedia":[{"embeddable":true,"href":"https:\/\/nextsnkr.com\/lt\/wp-json\/wp\/v2\/media\/785574"}],"wp:attachment":[{"href":"https:\/\/nextsnkr.com\/lt\/wp-json\/wp\/v2\/media?parent=785572"}],"wp:term":[{"taxonomy":"product_brand","embeddable":true,"href":"https:\/\/nextsnkr.com\/lt\/wp-json\/wp\/v2\/product_brand?post=785572"},{"taxonomy":"product_cat","embeddable":true,"href":"https:\/\/nextsnkr.com\/lt\/wp-json\/wp\/v2\/product_cat?post=785572"},{"taxonomy":"product_tag","embeddable":true,"href":"https:\/\/nextsnkr.com\/lt\/wp-json\/wp\/v2\/product_tag?post=785572"}],"curies":[{"name":"wp","href":"https:\/\/api.w.org\/{rel}","templated":true}]}}