{"id":783580,"date":"2025-06-13T10:31:05","date_gmt":"2025-06-13T07:31:05","guid":{"rendered":"https:\/\/nextsnkr.com\/product\/990v6-x-loro-piana\/"},"modified":"2026-02-01T20:54:32","modified_gmt":"2026-02-01T17:54:32","slug":"990v6-x-loro-piana","status":"publish","type":"product","link":"https:\/\/nextsnkr.com\/lt\/produktas\/990v6-x-loro-piana\/","title":{"rendered":"Sportba\u010diai 990v6 X Loro Piana-auk\u0161\u010diausios kokyb\u0117s odiniai ir tekstiliniai Batai"},"content":{"rendered":"<h2>Sportba\u010diai 990v6 X Loro Piana-auk\u0161\u010diausios kokyb\u0117s odiniai ir tekstiliniai Batai<\/h2>\n<p>Sportba\u010diai 990v6 X Loro Piana derina auk\u0161\u010diausios kokyb\u0117s med\u017eiagas &#8211; nat\u016brali\u0105 od\u0105 ir patvari\u0105 tekstil\u0119, kuri u\u017etikrina komfort\u0105, ilgaam\u017ei\u0161kum\u0105 ir stili\u0173. Rafinuotas dizainas, bendradarbiaujant su Loro Piana, pabr\u0117\u017eia status\u0105 ir d\u0117mes\u012f detal\u0117ms. Modelis yra patogus d\u0117v\u0117ti kasdien d\u0117l apgalvoto nusid\u0117v\u0117jimo ir lengvo pado. Pagaminti Vietname, \u0161ie sportba\u010diai bus idealus pasirinkimas tiems, kurie vertina elegancijos, kokyb\u0117s ir funkcionalumo derin\u012f.<\/p>\n","protected":false},"excerpt":{"rendered":"<p>Sportba\u010diai 990v6 X Loro Piana derina auk\u0161\u010diausios kokyb\u0117s med\u017eiagas &#8211; nat\u016brali\u0105 od\u0105 ir patvari\u0105 tekstil\u0119, kuri u\u017etikrina komfort\u0105, ilgaam\u017ei\u0161kum\u0105 ir stili\u0173. Rafinuotas dizainas, bendradarbiaujant su Loro Piana, pabr\u0117\u017eia status\u0105 ir d\u0117mes\u012f detal\u0117ms. Modelis yra patogus d\u0117v\u0117ti kasdien d\u0117l apgalvoto nusid\u0117v\u0117jimo ir lengvo pado. Pagaminti Vietname, \u0161ie sportba\u010diai bus idealus pasirinkimas tiems, kurie vertina elegancijos, kokyb\u0117s ir funkcionalumo derin\u012f.<\/p>\n","protected":false},"featured_media":783582,"comment_status":"open","ping_status":"open","template":"","meta":[],"product_brand":[],"product_cat":[3264,3265],"product_tag":[],"class_list":{"0":"post-783580","1":"product","2":"type-product","3":"status-publish","4":"has-post-thumbnail","6":"product_cat-all-product","7":"product_cat-krosivky","8":"pa_rozmir-910","9":"pa_rozmir-912","10":"pa_rozmir-914","11":"pa_rozmir-915","12":"pa_rozmir-916","13":"pa_rozmir-917","14":"pa_rozmir-918","15":"pa_rozmir-919","16":"pa_rozmir-920","17":"pa_rozmir-921","19":"first","20":"instock","21":"purchasable","22":"product-type-variable"},"_links":{"self":[{"href":"https:\/\/nextsnkr.com\/lt\/wp-json\/wp\/v2\/product\/783580","targetHints":{"allow":["GET"]}}],"collection":[{"href":"https:\/\/nextsnkr.com\/lt\/wp-json\/wp\/v2\/product"}],"about":[{"href":"https:\/\/nextsnkr.com\/lt\/wp-json\/wp\/v2\/types\/product"}],"replies":[{"embeddable":true,"href":"https:\/\/nextsnkr.com\/lt\/wp-json\/wp\/v2\/comments?post=783580"}],"version-history":[{"count":0,"href":"https:\/\/nextsnkr.com\/lt\/wp-json\/wp\/v2\/product\/783580\/revisions"}],"wp:featuredmedia":[{"embeddable":true,"href":"https:\/\/nextsnkr.com\/lt\/wp-json\/wp\/v2\/media\/783582"}],"wp:attachment":[{"href":"https:\/\/nextsnkr.com\/lt\/wp-json\/wp\/v2\/media?parent=783580"}],"wp:term":[{"taxonomy":"product_brand","embeddable":true,"href":"https:\/\/nextsnkr.com\/lt\/wp-json\/wp\/v2\/product_brand?post=783580"},{"taxonomy":"product_cat","embeddable":true,"href":"https:\/\/nextsnkr.com\/lt\/wp-json\/wp\/v2\/product_cat?post=783580"},{"taxonomy":"product_tag","embeddable":true,"href":"https:\/\/nextsnkr.com\/lt\/wp-json\/wp\/v2\/product_tag?post=783580"}],"curies":[{"name":"wp","href":"https:\/\/api.w.org\/{rel}","templated":true}]}}