{"id":782755,"date":"2025-06-13T10:32:32","date_gmt":"2025-06-13T07:32:32","guid":{"rendered":"https:\/\/nextsnkr.com\/product\/1906r-black-metallic-silver\/"},"modified":"2026-02-01T20:54:13","modified_gmt":"2026-02-01T17:54:13","slug":"1906r-black-metallic-silver-2","status":"publish","type":"product","link":"https:\/\/nextsnkr.com\/lt\/produktas\/1906r-black-metallic-silver-2\/","title":{"rendered":"Sportba\u010diai 1906r Black metallic Silver &#8211; vyri\u0161ki odiniai-tekstiliniai sportba\u010diai"},"content":{"rendered":"<h2>Sportba\u010diai 1906r Black metallic Silver &#8211; vyri\u0161ki odiniai-tekstiliniai sportba\u010diai<\/h2>\n<p>1906r Black metallic Silver sportiniai bateliai derina modern\u0173 dizain\u0105, patikimum\u0105 ir komfort\u0105. Pagaminti i\u0161 odos ir tekstil\u0117s derinio, jie u\u017etikrina stiprum\u0105, v\u0117dinim\u0105 ir patog\u0173 sodinim\u0105. Stilingas juodo ir metalinio sidabro derinys daro model\u012f universaliu kasdieniam d\u0117v\u0117jimui, treniruot\u0117ms ir aktyviam poilsiui. Gamintojas Vietnamas garantuoja siuvimo kokyb\u0119 ir ilgaam\u017ei\u0161kum\u0105. 1906r &#8222;Black metallic Silver&#8221; yra puikus pasirinkimas tiems, kurie vertina stili\u0173, komfort\u0105 ir patikimas med\u017eiagas.<\/p>\n","protected":false},"excerpt":{"rendered":"<p>1906r Black metallic Silver sportiniai bateliai derina modern\u0173 dizain\u0105, patikimum\u0105 ir komfort\u0105. Pagaminti i\u0161 odos ir tekstil\u0117s derinio, jie u\u017etikrina stiprum\u0105, v\u0117dinim\u0105 ir patog\u0173 sodinim\u0105. Stilingas juodo ir metalinio sidabro derinys daro model\u012f universaliu kasdieniam d\u0117v\u0117jimui, treniruot\u0117ms ir aktyviam poilsiui. Gamintojas Vietnamas garantuoja siuvimo kokyb\u0119 ir ilgaam\u017ei\u0161kum\u0105. 1906r &#8222;Black metallic Silver&#8221; yra puikus pasirinkimas tiems, kurie vertina stili\u0173, komfort\u0105 ir patikimas med\u017eiagas.<\/p>\n","protected":false},"featured_media":782756,"comment_status":"open","ping_status":"open","template":"","meta":[],"product_brand":[],"product_cat":[3264,3265],"product_tag":[],"class_list":{"0":"post-782755","1":"product","2":"type-product","3":"status-publish","4":"has-post-thumbnail","6":"product_cat-all-product","7":"product_cat-krosivky","8":"pa_rozmir-910","9":"pa_rozmir-912","10":"pa_rozmir-914","11":"pa_rozmir-915","12":"pa_rozmir-916","13":"pa_rozmir-917","14":"pa_rozmir-918","15":"pa_rozmir-919","16":"pa_rozmir-920","17":"pa_rozmir-921","19":"first","20":"instock","21":"purchasable","22":"product-type-variable"},"_links":{"self":[{"href":"https:\/\/nextsnkr.com\/lt\/wp-json\/wp\/v2\/product\/782755","targetHints":{"allow":["GET"]}}],"collection":[{"href":"https:\/\/nextsnkr.com\/lt\/wp-json\/wp\/v2\/product"}],"about":[{"href":"https:\/\/nextsnkr.com\/lt\/wp-json\/wp\/v2\/types\/product"}],"replies":[{"embeddable":true,"href":"https:\/\/nextsnkr.com\/lt\/wp-json\/wp\/v2\/comments?post=782755"}],"version-history":[{"count":0,"href":"https:\/\/nextsnkr.com\/lt\/wp-json\/wp\/v2\/product\/782755\/revisions"}],"wp:featuredmedia":[{"embeddable":true,"href":"https:\/\/nextsnkr.com\/lt\/wp-json\/wp\/v2\/media\/782756"}],"wp:attachment":[{"href":"https:\/\/nextsnkr.com\/lt\/wp-json\/wp\/v2\/media?parent=782755"}],"wp:term":[{"taxonomy":"product_brand","embeddable":true,"href":"https:\/\/nextsnkr.com\/lt\/wp-json\/wp\/v2\/product_brand?post=782755"},{"taxonomy":"product_cat","embeddable":true,"href":"https:\/\/nextsnkr.com\/lt\/wp-json\/wp\/v2\/product_cat?post=782755"},{"taxonomy":"product_tag","embeddable":true,"href":"https:\/\/nextsnkr.com\/lt\/wp-json\/wp\/v2\/product_tag?post=782755"}],"curies":[{"name":"wp","href":"https:\/\/api.w.org\/{rel}","templated":true}]}}