{"id":781134,"date":"2025-06-13T10:35:25","date_gmt":"2025-06-13T07:35:25","guid":{"rendered":"https:\/\/nextsnkr.com\/product\/adidas-ozweego-blue\/"},"modified":"2026-02-01T20:53:30","modified_gmt":"2026-02-01T17:53:30","slug":"adidas-ozweego-blue-2","status":"publish","type":"product","link":"https:\/\/nextsnkr.com\/lt\/produktas\/adidas-ozweego-blue-2\/","title":{"rendered":"Sportba\u010diai Adidas Blweego Blue-odiniai-tekstiliniai stilingi kry\u017eiai"},"content":{"rendered":"<h2>Sportba\u010diai Adidas Blweego Blue-odiniai-tekstiliniai stilingi kry\u017eiai<\/h2>\n<p>&#8222;Adidas Blweego Blue&#8221; sportba\u010diai pagaminti i\u0161 nat\u016bralios odos ir patvarios tekstil\u0117s derinio, kuris u\u017etikrina komfort\u0105, ilgaam\u017ei\u0161kum\u0105 ir stiling\u0105 i\u0161vaizd\u0105. Modelis idealiai tinka kasdieniam d\u0117v\u0117jimui ir aktyviam miesto gyvenimui, u\u017etikrinant patikim\u0105 P\u0117dos palaikym\u0105 ir nusid\u0117v\u0117jim\u0105 jud\u0117jimo metu. Pagaminti Vietname, \u0161ie sportba\u010diai pasi\u017eymi auk\u0161ta kokybe ir ry\u0161kiu m\u0117lynu dizainu, kuris pabr\u0117\u017eia individualum\u0105 ir \u0161iuolaikin\u012f stili\u0173.<\/p>\n","protected":false},"excerpt":{"rendered":"<p>&#8222;Adidas Blweego Blue&#8221; sportba\u010diai pagaminti i\u0161 nat\u016bralios odos ir patvarios tekstil\u0117s derinio, kuris u\u017etikrina komfort\u0105, ilgaam\u017ei\u0161kum\u0105 ir stiling\u0105 i\u0161vaizd\u0105. Modelis idealiai tinka kasdieniam d\u0117v\u0117jimui ir aktyviam miesto gyvenimui, u\u017etikrinant patikim\u0105 P\u0117dos palaikym\u0105 ir nusid\u0117v\u0117jim\u0105 jud\u0117jimo metu. Pagaminti Vietname, \u0161ie sportba\u010diai pasi\u017eymi auk\u0161ta kokybe ir ry\u0161kiu m\u0117lynu dizainu, kuris pabr\u0117\u017eia individualum\u0105 ir \u0161iuolaikin\u012f stili\u0173.<\/p>\n","protected":false},"featured_media":781135,"comment_status":"open","ping_status":"open","template":"","meta":[],"product_brand":[],"product_cat":[3264,3265],"product_tag":[],"class_list":{"0":"post-781134","1":"product","2":"type-product","3":"status-publish","4":"has-post-thumbnail","6":"product_cat-all-product","7":"product_cat-krosivky","8":"pa_rozmir-910","9":"pa_rozmir-912","10":"pa_rozmir-914","11":"pa_rozmir-915","12":"pa_rozmir-916","13":"pa_rozmir-917","14":"pa_rozmir-918","15":"pa_rozmir-919","16":"pa_rozmir-920","17":"pa_rozmir-921","18":"pa_rozmir-922","20":"first","21":"instock","22":"purchasable","23":"product-type-variable"},"_links":{"self":[{"href":"https:\/\/nextsnkr.com\/lt\/wp-json\/wp\/v2\/product\/781134","targetHints":{"allow":["GET"]}}],"collection":[{"href":"https:\/\/nextsnkr.com\/lt\/wp-json\/wp\/v2\/product"}],"about":[{"href":"https:\/\/nextsnkr.com\/lt\/wp-json\/wp\/v2\/types\/product"}],"replies":[{"embeddable":true,"href":"https:\/\/nextsnkr.com\/lt\/wp-json\/wp\/v2\/comments?post=781134"}],"version-history":[{"count":0,"href":"https:\/\/nextsnkr.com\/lt\/wp-json\/wp\/v2\/product\/781134\/revisions"}],"wp:featuredmedia":[{"embeddable":true,"href":"https:\/\/nextsnkr.com\/lt\/wp-json\/wp\/v2\/media\/781135"}],"wp:attachment":[{"href":"https:\/\/nextsnkr.com\/lt\/wp-json\/wp\/v2\/media?parent=781134"}],"wp:term":[{"taxonomy":"product_brand","embeddable":true,"href":"https:\/\/nextsnkr.com\/lt\/wp-json\/wp\/v2\/product_brand?post=781134"},{"taxonomy":"product_cat","embeddable":true,"href":"https:\/\/nextsnkr.com\/lt\/wp-json\/wp\/v2\/product_cat?post=781134"},{"taxonomy":"product_tag","embeddable":true,"href":"https:\/\/nextsnkr.com\/lt\/wp-json\/wp\/v2\/product_tag?post=781134"}],"curies":[{"name":"wp","href":"https:\/\/api.w.org\/{rel}","templated":true}]}}