{"id":780884,"date":"2025-06-13T10:35:46","date_gmt":"2025-06-13T07:35:46","guid":{"rendered":"https:\/\/nextsnkr.com\/product\/adidas-drop-step-beige-grey-green\/"},"modified":"2026-02-01T20:53:25","modified_gmt":"2026-02-01T17:53:25","slug":"adidas-drop-step-beige-grey-green","status":"publish","type":"product","link":"https:\/\/nextsnkr.com\/lt\/produktas\/adidas-drop-step-beige-grey-green\/","title":{"rendered":"Adidas Drop Step Beige Grey Green odiniai stilingi sportui ir kasdien"},"content":{"rendered":"<h2>Adidas Drop Step Beige Grey Green odiniai stilingi sportui ir kasdien<\/h2>\n<p>Adidas Drop Step Beige Grey Green gaminami i\u0161 auk\u0161tos kokyb\u0117s odos, kuri u\u017etikrina komfort\u0105 ir ilgaam\u017ei\u0161kum\u0105. Modelis sujungia stiling\u0105 sm\u0117lio pilk\u0105 dizain\u0105 su \u017ealiais akcentais, tinka kasdieniniam d\u0117v\u0117jimui ir sporto veiklai. Patogus padas garantuoja amortizacij\u0105 ir \u017eingsnio lengvum\u0105, o patikimas gamintojas i\u0161 Indonezijos patvirtina med\u017eiag\u0173 kokyb\u0119. Idealus pasirinkimas tiems, kurie vertina komfort\u0105, stili\u0173 ir prakti\u0161kum\u0105 kasdieniame gyvenime.<\/p>\n","protected":false},"excerpt":{"rendered":"<p>Adidas Drop Step Beige Grey Green gaminami i\u0161 auk\u0161tos kokyb\u0117s odos, kuri u\u017etikrina komfort\u0105 ir ilgaam\u017ei\u0161kum\u0105. Modelis sujungia stiling\u0105 sm\u0117lio pilk\u0105 dizain\u0105 su \u017ealiais akcentais, tinka kasdieniniam d\u0117v\u0117jimui ir sporto veiklai. Patogus padas garantuoja amortizacij\u0105 ir \u017eingsnio lengvum\u0105, o patikimas gamintojas i\u0161 Indonezijos patvirtina med\u017eiag\u0173 kokyb\u0119. Idealus pasirinkimas tiems, kurie vertina komfort\u0105, stili\u0173 ir prakti\u0161kum\u0105 kasdieniame gyvenime.<\/p>\n","protected":false},"featured_media":780885,"comment_status":"open","ping_status":"open","template":"","meta":[],"product_brand":[],"product_cat":[3264,3323],"product_tag":[],"class_list":{"0":"post-780884","1":"product","2":"type-product","3":"status-publish","4":"has-post-thumbnail","6":"product_cat-all-product","7":"product_cat-kedy","8":"pa_rozmir-910","9":"pa_rozmir-912","10":"pa_rozmir-914","11":"pa_rozmir-915","12":"pa_rozmir-916","13":"pa_rozmir-917","14":"pa_rozmir-918","15":"pa_rozmir-919","16":"pa_rozmir-920","17":"pa_rozmir-921","18":"pa_rozmir-922","20":"first","21":"instock","22":"purchasable","23":"product-type-variable"},"_links":{"self":[{"href":"https:\/\/nextsnkr.com\/lt\/wp-json\/wp\/v2\/product\/780884","targetHints":{"allow":["GET"]}}],"collection":[{"href":"https:\/\/nextsnkr.com\/lt\/wp-json\/wp\/v2\/product"}],"about":[{"href":"https:\/\/nextsnkr.com\/lt\/wp-json\/wp\/v2\/types\/product"}],"replies":[{"embeddable":true,"href":"https:\/\/nextsnkr.com\/lt\/wp-json\/wp\/v2\/comments?post=780884"}],"version-history":[{"count":0,"href":"https:\/\/nextsnkr.com\/lt\/wp-json\/wp\/v2\/product\/780884\/revisions"}],"wp:featuredmedia":[{"embeddable":true,"href":"https:\/\/nextsnkr.com\/lt\/wp-json\/wp\/v2\/media\/780885"}],"wp:attachment":[{"href":"https:\/\/nextsnkr.com\/lt\/wp-json\/wp\/v2\/media?parent=780884"}],"wp:term":[{"taxonomy":"product_brand","embeddable":true,"href":"https:\/\/nextsnkr.com\/lt\/wp-json\/wp\/v2\/product_brand?post=780884"},{"taxonomy":"product_cat","embeddable":true,"href":"https:\/\/nextsnkr.com\/lt\/wp-json\/wp\/v2\/product_cat?post=780884"},{"taxonomy":"product_tag","embeddable":true,"href":"https:\/\/nextsnkr.com\/lt\/wp-json\/wp\/v2\/product_tag?post=780884"}],"curies":[{"name":"wp","href":"https:\/\/api.w.org\/{rel}","templated":true}]}}