{"id":780325,"date":"2025-06-13T10:37:05","date_gmt":"2025-06-13T07:37:05","guid":{"rendered":"https:\/\/nextsnkr.com\/product\/adidas-samba-vegan\/"},"modified":"2026-02-01T20:53:12","modified_gmt":"2026-02-01T17:53:12","slug":"adidas-samba-vegan","status":"publish","type":"product","link":"https:\/\/nextsnkr.com\/lt\/produktas\/adidas-samba-vegan\/","title":{"rendered":"Adidas Samba Vegan-oda ir zom\u0161a, stilingi ir ekologi\u0161ki"},"content":{"rendered":"<h2>Adidas Samba Vegan-oda ir zom\u0161a, stilingi ir ekologi\u0161ki<\/h2>\n<p>&#8222;Adidas Samba Vegan&#8221; k\u0117d\u0117s sujungia prek\u0117s \u017eenklo kultin\u012f stili\u0173 ir modern\u0173 po\u017ei\u016br\u012f \u012f ekologij\u0105. Modelis Pagamintas i\u0161 dirbtin\u0117s odos ir zom\u0161os, kuri u\u017etikrina atsparum\u0105 dilimui ir komfort\u0105 kasdienio d\u0117v\u0117jimo metu. Klasikinis Samba siluetas yra lengvai derinamas su bet kokiu b\u016bdu, o Vietnamo gamybos kokyb\u0117 garantuoja ilg\u0105 tarnyb\u0105. Pasirinkite &#8222;Adidas Samba Vegan&#8221; stilingam, patogiam ir atsakingam pasirinkimui.<\/p>\n","protected":false},"excerpt":{"rendered":"<p>&#8222;Adidas Samba Vegan&#8221; k\u0117d\u0117s sujungia prek\u0117s \u017eenklo kultin\u012f stili\u0173 ir modern\u0173 po\u017ei\u016br\u012f \u012f ekologij\u0105. Modelis Pagamintas i\u0161 dirbtin\u0117s odos ir zom\u0161os, kuri u\u017etikrina atsparum\u0105 dilimui ir komfort\u0105 kasdienio d\u0117v\u0117jimo metu. Klasikinis Samba siluetas yra lengvai derinamas su bet kokiu b\u016bdu, o Vietnamo gamybos kokyb\u0117 garantuoja ilg\u0105 tarnyb\u0105. Pasirinkite &#8222;Adidas Samba Vegan&#8221; stilingam, patogiam ir atsakingam pasirinkimui.<\/p>\n","protected":false},"featured_media":780327,"comment_status":"open","ping_status":"open","template":"","meta":[],"product_brand":[],"product_cat":[3264,3323],"product_tag":[],"class_list":{"0":"post-780325","1":"product","2":"type-product","3":"status-publish","4":"has-post-thumbnail","6":"product_cat-all-product","7":"product_cat-kedy","8":"pa_rozmir-910","9":"pa_rozmir-912","10":"pa_rozmir-914","11":"pa_rozmir-915","12":"pa_rozmir-916","13":"pa_rozmir-917","14":"pa_rozmir-918","15":"pa_rozmir-919","16":"pa_rozmir-920","17":"pa_rozmir-921","18":"pa_rozmir-922","20":"first","21":"instock","22":"purchasable","23":"product-type-variable"},"_links":{"self":[{"href":"https:\/\/nextsnkr.com\/lt\/wp-json\/wp\/v2\/product\/780325","targetHints":{"allow":["GET"]}}],"collection":[{"href":"https:\/\/nextsnkr.com\/lt\/wp-json\/wp\/v2\/product"}],"about":[{"href":"https:\/\/nextsnkr.com\/lt\/wp-json\/wp\/v2\/types\/product"}],"replies":[{"embeddable":true,"href":"https:\/\/nextsnkr.com\/lt\/wp-json\/wp\/v2\/comments?post=780325"}],"version-history":[{"count":0,"href":"https:\/\/nextsnkr.com\/lt\/wp-json\/wp\/v2\/product\/780325\/revisions"}],"wp:featuredmedia":[{"embeddable":true,"href":"https:\/\/nextsnkr.com\/lt\/wp-json\/wp\/v2\/media\/780327"}],"wp:attachment":[{"href":"https:\/\/nextsnkr.com\/lt\/wp-json\/wp\/v2\/media?parent=780325"}],"wp:term":[{"taxonomy":"product_brand","embeddable":true,"href":"https:\/\/nextsnkr.com\/lt\/wp-json\/wp\/v2\/product_brand?post=780325"},{"taxonomy":"product_cat","embeddable":true,"href":"https:\/\/nextsnkr.com\/lt\/wp-json\/wp\/v2\/product_cat?post=780325"},{"taxonomy":"product_tag","embeddable":true,"href":"https:\/\/nextsnkr.com\/lt\/wp-json\/wp\/v2\/product_tag?post=780325"}],"curies":[{"name":"wp","href":"https:\/\/api.w.org\/{rel}","templated":true}]}}