{"id":779470,"date":"2025-06-13T10:38:25","date_gmt":"2025-06-13T07:38:25","guid":{"rendered":"https:\/\/nextsnkr.com\/product\/adidas-ozweego-bordo-blue\/"},"modified":"2026-02-01T20:53:04","modified_gmt":"2026-02-01T17:53:04","slug":"adidas-ozweego-bordo-blue-2","status":"publish","type":"product","link":"https:\/\/nextsnkr.com\/lt\/produktas\/adidas-ozweego-bordo-blue-2\/","title":{"rendered":"Sportiniai bateliai Adidaszweego Bordo Blue-zom\u0161iniai-tekstiliniai stilingi"},"content":{"rendered":"<h2>Sportiniai bateliai Adidaszweego Bordo Blue-zom\u0161iniai-tekstiliniai stilingi<\/h2>\n<p>Sportiniai bateliai Adidaszweego Bordo Blue sujungia zom\u0161\u0105 ir tekstil\u0119 komfortui ir ilgaam\u017ei\u0161kumui. &#8222;Adidas&#8221; prek\u0117s \u017eenklo modelis pasi\u017eymi \u0161iuolaiki\u0161ku dizainu, patogiu sodinimu ir stabiliu padu, Idealiai tinka kasdieniam d\u0117v\u0117jimui ir aktyviam poilsiui. Bordo-m\u0117lyni akcentai prideda stili\u0173 ir individualum\u0105. Patikimos med\u017eiagos ir prek\u0117s \u017eenklo kokyb\u0117 garantuoja patogum\u0105 ir ilgalaik\u012f naudojim\u0105.<\/p>\n","protected":false},"excerpt":{"rendered":"<p>Sportiniai bateliai Adidaszweego Bordo Blue sujungia zom\u0161\u0105 ir tekstil\u0119 komfortui ir ilgaam\u017ei\u0161kumui. &#8222;Adidas&#8221; prek\u0117s \u017eenklo modelis pasi\u017eymi \u0161iuolaiki\u0161ku dizainu, patogiu sodinimu ir stabiliu padu, Idealiai tinka kasdieniam d\u0117v\u0117jimui ir aktyviam poilsiui. Bordo-m\u0117lyni akcentai prideda stili\u0173 ir individualum\u0105. Patikimos med\u017eiagos ir prek\u0117s \u017eenklo kokyb\u0117 garantuoja patogum\u0105 ir ilgalaik\u012f naudojim\u0105.<\/p>\n","protected":false},"featured_media":779471,"comment_status":"open","ping_status":"open","template":"","meta":[],"product_brand":[],"product_cat":[],"product_tag":[],"class_list":{"0":"post-779470","1":"product","2":"type-product","3":"status-publish","4":"has-post-thumbnail","6":"pa_rozmir-910","7":"pa_rozmir-912","8":"pa_rozmir-914","9":"pa_rozmir-915","10":"pa_rozmir-916","11":"pa_rozmir-917","12":"pa_rozmir-918","13":"pa_rozmir-919","14":"pa_rozmir-920","15":"pa_rozmir-921","16":"pa_rozmir-922","18":"first","19":"instock","20":"purchasable","21":"product-type-variable"},"_links":{"self":[{"href":"https:\/\/nextsnkr.com\/lt\/wp-json\/wp\/v2\/product\/779470","targetHints":{"allow":["GET"]}}],"collection":[{"href":"https:\/\/nextsnkr.com\/lt\/wp-json\/wp\/v2\/product"}],"about":[{"href":"https:\/\/nextsnkr.com\/lt\/wp-json\/wp\/v2\/types\/product"}],"replies":[{"embeddable":true,"href":"https:\/\/nextsnkr.com\/lt\/wp-json\/wp\/v2\/comments?post=779470"}],"version-history":[{"count":0,"href":"https:\/\/nextsnkr.com\/lt\/wp-json\/wp\/v2\/product\/779470\/revisions"}],"wp:featuredmedia":[{"embeddable":true,"href":"https:\/\/nextsnkr.com\/lt\/wp-json\/wp\/v2\/media\/779471"}],"wp:attachment":[{"href":"https:\/\/nextsnkr.com\/lt\/wp-json\/wp\/v2\/media?parent=779470"}],"wp:term":[{"taxonomy":"product_brand","embeddable":true,"href":"https:\/\/nextsnkr.com\/lt\/wp-json\/wp\/v2\/product_brand?post=779470"},{"taxonomy":"product_cat","embeddable":true,"href":"https:\/\/nextsnkr.com\/lt\/wp-json\/wp\/v2\/product_cat?post=779470"},{"taxonomy":"product_tag","embeddable":true,"href":"https:\/\/nextsnkr.com\/lt\/wp-json\/wp\/v2\/product_tag?post=779470"}],"curies":[{"name":"wp","href":"https:\/\/api.w.org\/{rel}","templated":true}]}}