{"id":778116,"date":"2025-06-13T10:40:38","date_gmt":"2025-06-13T07:40:38","guid":{"rendered":"https:\/\/nextsnkr.com\/product\/adidas-dass-ler-all-white\/"},"modified":"2026-02-01T20:52:43","modified_gmt":"2026-02-01T17:52:43","slug":"adidas-dass-ler-all-white","status":"publish","type":"product","link":"https:\/\/nextsnkr.com\/lt\/produktas\/adidas-dass-ler-all-white\/","title":{"rendered":"Bateliai Adidas dass-ler all white odiniai"},"content":{"rendered":"<h2>Bateliai Adidas dass-ler all white odiniai<\/h2>\n<p>Stilingi &#8222;Adidas dass-ler All white&#8221; k\u0117d\u0117s yra skirtos tiems, kurie vertina minimalizm\u0105 ir universalum\u0105. Modelis Pagamintas i\u0161 odos, kuri u\u017etikrina stiprum\u0105, komfort\u0105 ir malon\u0173 sodinim\u0105. Klasikinis visi\u0161kai baltas dizainas lengvai derinamas su bet kokiu stiliumi \u2014 nuo casual iki sporto. Idealus pasirinkimas kasdieniam d\u0117v\u0117jimui, pasivaik\u0161\u010diojimams ir dinami\u0161kam miesto ritmui. Pasirinkite &#8222;adidas&#8221; patikimum\u0105 ir nepriekai\u0161ting\u0105 stili\u0173.<\/p>\n","protected":false},"excerpt":{"rendered":"<p>Stilingi &#8222;Adidas dass-ler All white&#8221; k\u0117d\u0117s yra skirtos tiems, kurie vertina minimalizm\u0105 ir universalum\u0105. Modelis Pagamintas i\u0161 odos, kuri u\u017etikrina stiprum\u0105, komfort\u0105 ir malon\u0173 sodinim\u0105. Klasikinis visi\u0161kai baltas dizainas lengvai derinamas su bet kokiu stiliumi \u2014 nuo casual iki sporto. Idealus pasirinkimas kasdieniam d\u0117v\u0117jimui, pasivaik\u0161\u010diojimams ir dinami\u0161kam miesto ritmui. Pasirinkite &#8222;adidas&#8221; patikimum\u0105 ir nepriekai\u0161ting\u0105 stili\u0173.<\/p>\n","protected":false},"featured_media":778117,"comment_status":"open","ping_status":"open","template":"","meta":[],"product_brand":[],"product_cat":[3264,3323],"product_tag":[],"class_list":{"0":"post-778116","1":"product","2":"type-product","3":"status-publish","4":"has-post-thumbnail","6":"product_cat-all-product","7":"product_cat-kedy","8":"pa_rozmir-910","9":"pa_rozmir-912","10":"pa_rozmir-914","11":"pa_rozmir-915","12":"pa_rozmir-916","13":"pa_rozmir-917","14":"pa_rozmir-918","15":"pa_rozmir-919","16":"pa_rozmir-920","17":"pa_rozmir-921","18":"pa_rozmir-922","20":"first","21":"onbackorder","22":"purchasable","23":"product-type-variable"},"_links":{"self":[{"href":"https:\/\/nextsnkr.com\/lt\/wp-json\/wp\/v2\/product\/778116","targetHints":{"allow":["GET"]}}],"collection":[{"href":"https:\/\/nextsnkr.com\/lt\/wp-json\/wp\/v2\/product"}],"about":[{"href":"https:\/\/nextsnkr.com\/lt\/wp-json\/wp\/v2\/types\/product"}],"replies":[{"embeddable":true,"href":"https:\/\/nextsnkr.com\/lt\/wp-json\/wp\/v2\/comments?post=778116"}],"version-history":[{"count":0,"href":"https:\/\/nextsnkr.com\/lt\/wp-json\/wp\/v2\/product\/778116\/revisions"}],"wp:featuredmedia":[{"embeddable":true,"href":"https:\/\/nextsnkr.com\/lt\/wp-json\/wp\/v2\/media\/778117"}],"wp:attachment":[{"href":"https:\/\/nextsnkr.com\/lt\/wp-json\/wp\/v2\/media?parent=778116"}],"wp:term":[{"taxonomy":"product_brand","embeddable":true,"href":"https:\/\/nextsnkr.com\/lt\/wp-json\/wp\/v2\/product_brand?post=778116"},{"taxonomy":"product_cat","embeddable":true,"href":"https:\/\/nextsnkr.com\/lt\/wp-json\/wp\/v2\/product_cat?post=778116"},{"taxonomy":"product_tag","embeddable":true,"href":"https:\/\/nextsnkr.com\/lt\/wp-json\/wp\/v2\/product_tag?post=778116"}],"curies":[{"name":"wp","href":"https:\/\/api.w.org\/{rel}","templated":true}]}}