{"id":776683,"date":"2025-06-13T10:42:50","date_gmt":"2025-06-13T07:42:50","guid":{"rendered":"https:\/\/nextsnkr.com\/product\/adidas-drop-step-beige-grey\/"},"modified":"2026-02-01T20:52:11","modified_gmt":"2026-02-01T17:52:11","slug":"adidas-drop-step-beige-grey","status":"publish","type":"product","link":"https:\/\/nextsnkr.com\/lt\/produktas\/adidas-drop-step-beige-grey\/","title":{"rendered":"Kedai Adidas Drop Step Beige Grey odiniai stilingi"},"content":{"rendered":"<h2>Kedai Adidas Drop Step Beige Grey odiniai stilingi<\/h2>\n<p>Adidas Drop Step Beige Grey-stilingi ir universal\u016bs bateliai kasdieniam komfortui. Modelis Pagamintas i\u0161 auk\u0161tos kokyb\u0117s odos, kuri u\u017etikrina stiprum\u0105, atsparum\u0105 dilimui ir patogum\u0105 aktyvaus naudojimo metu. Sm\u0117lio ir pilkos spalvos derinys suteikia batams tendencing\u0105 i\u0161vaizd\u0105, kuri lengvai derinama su bet kokia drabu\u017ei\u0173 spinta. Pagaminta Indonezijoje pagal prek\u0117s \u017eenklo standartus. Pasirinkite &#8222;Adidas Drop&#8221; \u017eingsn\u012f pasitik\u0117jimui ir stiliui kiekvien\u0105 dien\u0105.<\/p>\n","protected":false},"excerpt":{"rendered":"<p>Adidas Drop Step Beige Grey-stilingi ir universal\u016bs bateliai kasdieniam komfortui. Modelis Pagamintas i\u0161 auk\u0161tos kokyb\u0117s odos, kuri u\u017etikrina stiprum\u0105, atsparum\u0105 dilimui ir patogum\u0105 aktyvaus naudojimo metu. Sm\u0117lio ir pilkos spalvos derinys suteikia batams tendencing\u0105 i\u0161vaizd\u0105, kuri lengvai derinama su bet kokia drabu\u017ei\u0173 spinta. Pagaminta Indonezijoje pagal prek\u0117s \u017eenklo standartus. Pasirinkite &#8222;Adidas Drop&#8221; \u017eingsn\u012f pasitik\u0117jimui ir stiliui kiekvien\u0105 dien\u0105.<\/p>\n","protected":false},"featured_media":776685,"comment_status":"open","ping_status":"open","template":"","meta":[],"product_brand":[],"product_cat":[3264,3323],"product_tag":[],"class_list":{"0":"post-776683","1":"product","2":"type-product","3":"status-publish","4":"has-post-thumbnail","6":"product_cat-all-product","7":"product_cat-kedy","8":"pa_rozmir-910","9":"pa_rozmir-912","10":"pa_rozmir-914","11":"pa_rozmir-915","12":"pa_rozmir-916","13":"pa_rozmir-917","14":"pa_rozmir-918","15":"pa_rozmir-919","16":"pa_rozmir-920","17":"pa_rozmir-921","18":"pa_rozmir-922","20":"first","21":"instock","22":"purchasable","23":"product-type-variable"},"_links":{"self":[{"href":"https:\/\/nextsnkr.com\/lt\/wp-json\/wp\/v2\/product\/776683","targetHints":{"allow":["GET"]}}],"collection":[{"href":"https:\/\/nextsnkr.com\/lt\/wp-json\/wp\/v2\/product"}],"about":[{"href":"https:\/\/nextsnkr.com\/lt\/wp-json\/wp\/v2\/types\/product"}],"replies":[{"embeddable":true,"href":"https:\/\/nextsnkr.com\/lt\/wp-json\/wp\/v2\/comments?post=776683"}],"version-history":[{"count":0,"href":"https:\/\/nextsnkr.com\/lt\/wp-json\/wp\/v2\/product\/776683\/revisions"}],"wp:featuredmedia":[{"embeddable":true,"href":"https:\/\/nextsnkr.com\/lt\/wp-json\/wp\/v2\/media\/776685"}],"wp:attachment":[{"href":"https:\/\/nextsnkr.com\/lt\/wp-json\/wp\/v2\/media?parent=776683"}],"wp:term":[{"taxonomy":"product_brand","embeddable":true,"href":"https:\/\/nextsnkr.com\/lt\/wp-json\/wp\/v2\/product_brand?post=776683"},{"taxonomy":"product_cat","embeddable":true,"href":"https:\/\/nextsnkr.com\/lt\/wp-json\/wp\/v2\/product_cat?post=776683"},{"taxonomy":"product_tag","embeddable":true,"href":"https:\/\/nextsnkr.com\/lt\/wp-json\/wp\/v2\/product_tag?post=776683"}],"curies":[{"name":"wp","href":"https:\/\/api.w.org\/{rel}","templated":true}]}}