{"id":771026,"date":"2025-06-13T11:05:53","date_gmt":"2025-06-13T08:05:53","guid":{"rendered":"https:\/\/nextsnkr.com\/product\/adidas-yeezy-boost-350-grey\/"},"modified":"2026-02-01T20:49:53","modified_gmt":"2026-02-01T17:49:53","slug":"adidas-yeezy-boost-350-grey","status":"publish","type":"product","link":"https:\/\/nextsnkr.com\/lt\/produktas\/adidas-yeezy-boost-350-grey\/","title":{"rendered":"Sportiniai bateliai Adidas Yeezy Boost 350 Grey-stilingi tekstiliniai krosai"},"content":{"rendered":"<h2>Sportiniai bateliai Adidas Yeezy Boost 350 Grey-stilingi tekstiliniai krosai<\/h2>\n<p>&#8222;Adidas Yeezy Boost 350 Grey&#8221; sportiniai bateliai-tai modernaus dizaino, auk\u0161tos kokyb\u0117s ir lengvos tekstil\u0117s med\u017eiag\u0173 derinys. Modelis u\u017etikrina komfort\u0105 kasdien d\u0117vint mink\u0161t\u0105 pad\u0105 ir patog\u0173 sodinim\u0105. Vietname pagaminti sportba\u010diai pasi\u017eymi ilgaam\u017ei\u0161kumu ir patikimumu. Stilinga pilka spalva yra universali ir lengvai derinama su bet kokiais drabu\u017eiais. Pasirinkite &#8222;Yeezy Boost 350&#8221;, kad prid\u0117tum\u0117te savo \u012fvaizd\u012f \u012f tendencijas ir maksimal\u0173 komfort\u0105.<\/p>\n","protected":false},"excerpt":{"rendered":"<p>&#8222;Adidas Yeezy Boost 350 Grey&#8221; sportiniai bateliai-tai modernaus dizaino, auk\u0161tos kokyb\u0117s ir lengvos tekstil\u0117s med\u017eiag\u0173 derinys. Modelis u\u017etikrina komfort\u0105 kasdien d\u0117vint mink\u0161t\u0105 pad\u0105 ir patog\u0173 sodinim\u0105. Vietname pagaminti sportba\u010diai pasi\u017eymi ilgaam\u017ei\u0161kumu ir patikimumu. Stilinga pilka spalva yra universali ir lengvai derinama su bet kokiais drabu\u017eiais. Pasirinkite &#8222;Yeezy Boost 350&#8221;, kad prid\u0117tum\u0117te savo \u012fvaizd\u012f \u012f tendencijas ir maksimal\u0173 komfort\u0105.<\/p>\n","protected":false},"featured_media":771027,"comment_status":"open","ping_status":"open","template":"","meta":[],"product_brand":[],"product_cat":[3401,3264,3265],"product_tag":[],"class_list":{"0":"post-771026","1":"product","2":"type-product","3":"status-publish","4":"has-post-thumbnail","6":"product_cat-adidas-yeezy","7":"product_cat-all-product","8":"product_cat-krosivky","9":"pa_rozmir-910","10":"pa_rozmir-912","11":"pa_rozmir-914","12":"pa_rozmir-915","13":"pa_rozmir-916","14":"pa_rozmir-917","15":"pa_rozmir-918","16":"pa_rozmir-919","17":"pa_rozmir-920","18":"pa_rozmir-921","19":"pa_rozmir-922","21":"first","22":"onbackorder","23":"purchasable","24":"product-type-variable"},"_links":{"self":[{"href":"https:\/\/nextsnkr.com\/lt\/wp-json\/wp\/v2\/product\/771026","targetHints":{"allow":["GET"]}}],"collection":[{"href":"https:\/\/nextsnkr.com\/lt\/wp-json\/wp\/v2\/product"}],"about":[{"href":"https:\/\/nextsnkr.com\/lt\/wp-json\/wp\/v2\/types\/product"}],"replies":[{"embeddable":true,"href":"https:\/\/nextsnkr.com\/lt\/wp-json\/wp\/v2\/comments?post=771026"}],"version-history":[{"count":0,"href":"https:\/\/nextsnkr.com\/lt\/wp-json\/wp\/v2\/product\/771026\/revisions"}],"wp:featuredmedia":[{"embeddable":true,"href":"https:\/\/nextsnkr.com\/lt\/wp-json\/wp\/v2\/media\/771027"}],"wp:attachment":[{"href":"https:\/\/nextsnkr.com\/lt\/wp-json\/wp\/v2\/media?parent=771026"}],"wp:term":[{"taxonomy":"product_brand","embeddable":true,"href":"https:\/\/nextsnkr.com\/lt\/wp-json\/wp\/v2\/product_brand?post=771026"},{"taxonomy":"product_cat","embeddable":true,"href":"https:\/\/nextsnkr.com\/lt\/wp-json\/wp\/v2\/product_cat?post=771026"},{"taxonomy":"product_tag","embeddable":true,"href":"https:\/\/nextsnkr.com\/lt\/wp-json\/wp\/v2\/product_tag?post=771026"}],"curies":[{"name":"wp","href":"https:\/\/api.w.org\/{rel}","templated":true}]}}