{"id":770716,"date":"2025-06-17T22:49:20","date_gmt":"2025-06-17T19:49:20","guid":{"rendered":"https:\/\/nextsnkr.com\/product\/north-face-dark-blue\/"},"modified":"2026-02-01T20:49:34","modified_gmt":"2026-02-01T17:49:34","slug":"north-face-dark-blue","status":"publish","type":"product","link":"https:\/\/nextsnkr.com\/lt\/produktas\/north-face-dark-blue\/","title":{"rendered":"&#8222;NORTH Face Dark Blue&#8221; kepur\u0117-akrilo, universalus dydis"},"content":{"rendered":"<h2>&#8222;NORTH Face Dark Blue&#8221; kepur\u0117-akrilo, universalus dydis<\/h2>\n<p>&#8222;NORTH FACE Dark Blue&#8221; kepur\u0117 pagaminta i\u0161 auk\u0161tos kokyb\u0117s akrilo, u\u017etikrinan\u010dio \u0161ilum\u0105 ir komfort\u0105 \u0161altu oru. Universalus dydis tinka daugumai, o erdvinis siuvin\u0117jimas prideda stiling\u0105 akcent\u0105 prie j\u016bs\u0173 \u012fvaizd\u017eio. Lengva pri\u017ei\u016br\u0117ti-galite plauti 30\u00b0C temperat\u016broje. idealus pasirinkimas aktyviam poilsiui, pasivaik\u0161\u010diojimams ir kasdieniam naudojimui, &#8222;NORTH FACE Dark Blue&#8221; kepur\u0117 sujungia prakti\u0161kum\u0105, ilgaam\u017ei\u0161kum\u0105 ir mading\u0105 dizain\u0105.<\/p>\n","protected":false},"excerpt":{"rendered":"<p>&#8222;NORTH FACE Dark Blue&#8221; kepur\u0117 pagaminta i\u0161 auk\u0161tos kokyb\u0117s akrilo, u\u017etikrinan\u010dio \u0161ilum\u0105 ir komfort\u0105 \u0161altu oru. Universalus dydis tinka daugumai, o erdvinis siuvin\u0117jimas prideda stiling\u0105 akcent\u0105 prie j\u016bs\u0173 \u012fvaizd\u017eio. Lengva pri\u017ei\u016br\u0117ti-galite plauti 30\u00b0C temperat\u016broje. idealus pasirinkimas aktyviam poilsiui, pasivaik\u0161\u010diojimams ir kasdieniam naudojimui, &#8222;NORTH FACE Dark Blue&#8221; kepur\u0117 sujungia prakti\u0161kum\u0105, ilgaam\u017ei\u0161kum\u0105 ir mading\u0105 dizain\u0105.<\/p>\n","protected":false},"featured_media":770717,"comment_status":"open","ping_status":"open","template":"","meta":[],"product_brand":[],"product_cat":[3264,4453],"product_tag":[],"class_list":{"0":"post-770716","1":"product","2":"type-product","3":"status-publish","4":"has-post-thumbnail","6":"product_cat-all-product","7":"product_cat-shapky","8":"pa_rozmir-one-size","10":"first","11":"instock","12":"purchasable","13":"product-type-simple"},"_links":{"self":[{"href":"https:\/\/nextsnkr.com\/lt\/wp-json\/wp\/v2\/product\/770716","targetHints":{"allow":["GET"]}}],"collection":[{"href":"https:\/\/nextsnkr.com\/lt\/wp-json\/wp\/v2\/product"}],"about":[{"href":"https:\/\/nextsnkr.com\/lt\/wp-json\/wp\/v2\/types\/product"}],"replies":[{"embeddable":true,"href":"https:\/\/nextsnkr.com\/lt\/wp-json\/wp\/v2\/comments?post=770716"}],"version-history":[{"count":0,"href":"https:\/\/nextsnkr.com\/lt\/wp-json\/wp\/v2\/product\/770716\/revisions"}],"wp:featuredmedia":[{"embeddable":true,"href":"https:\/\/nextsnkr.com\/lt\/wp-json\/wp\/v2\/media\/770717"}],"wp:attachment":[{"href":"https:\/\/nextsnkr.com\/lt\/wp-json\/wp\/v2\/media?parent=770716"}],"wp:term":[{"taxonomy":"product_brand","embeddable":true,"href":"https:\/\/nextsnkr.com\/lt\/wp-json\/wp\/v2\/product_brand?post=770716"},{"taxonomy":"product_cat","embeddable":true,"href":"https:\/\/nextsnkr.com\/lt\/wp-json\/wp\/v2\/product_cat?post=770716"},{"taxonomy":"product_tag","embeddable":true,"href":"https:\/\/nextsnkr.com\/lt\/wp-json\/wp\/v2\/product_tag?post=770716"}],"curies":[{"name":"wp","href":"https:\/\/api.w.org\/{rel}","templated":true}]}}