{"id":770537,"date":"2025-06-17T22:49:25","date_gmt":"2025-06-17T19:49:25","guid":{"rendered":"https:\/\/nextsnkr.com\/product\/balenciaga-white\/"},"modified":"2026-02-01T20:49:26","modified_gmt":"2026-02-01T17:49:26","slug":"balenciaga-white","status":"publish","type":"product","link":"https:\/\/nextsnkr.com\/lt\/produktas\/balenciaga-white\/","title":{"rendered":"BALENCIAGA White kepur\u0117-stilinga ir \u0161ilta bet kokiam sezonui"},"content":{"rendered":"<h2>BALENCIAGA White kepur\u0117-stilinga ir \u0161ilta bet kokiam sezonui<\/h2>\n<p>Balenciaga White kepur\u0117 pagaminta i\u0161 mink\u0161to ir \u0161ilto akrilo, kuris u\u017etikrina komfort\u0105 ir patogum\u0105 bet kokiu oru. Universalus dydis tinka daugumai, o platus prek\u0117s \u017eenklo siuvin\u0117jimas pabr\u0117\u017eia stili\u0173 ir presti\u017e\u0105. Lengva pri\u017ei\u016br\u0117ti \u2013 pakanka skalbti 30\u00b0C temperat\u016broje. idealus pasirinkimas tiems, kurie vertina auk\u0161t\u0105 kokyb\u0119, mading\u0105 dizain\u0105 ir prakti\u0161kum\u0105 kasdieniame naudojime.<\/p>\n","protected":false},"excerpt":{"rendered":"<p>Balenciaga White kepur\u0117 pagaminta i\u0161 mink\u0161to ir \u0161ilto akrilo, kuris u\u017etikrina komfort\u0105 ir patogum\u0105 bet kokiu oru. Universalus dydis tinka daugumai, o platus prek\u0117s \u017eenklo siuvin\u0117jimas pabr\u0117\u017eia stili\u0173 ir presti\u017e\u0105. Lengva pri\u017ei\u016br\u0117ti \u2013 pakanka skalbti 30\u00b0C temperat\u016broje. idealus pasirinkimas tiems, kurie vertina auk\u0161t\u0105 kokyb\u0119, mading\u0105 dizain\u0105 ir prakti\u0161kum\u0105 kasdieniame naudojime.<\/p>\n","protected":false},"featured_media":770541,"comment_status":"open","ping_status":"open","template":"","meta":[],"product_brand":[],"product_cat":[3264,4453],"product_tag":[],"class_list":{"0":"post-770537","1":"product","2":"type-product","3":"status-publish","4":"has-post-thumbnail","6":"product_cat-all-product","7":"product_cat-shapky","8":"pa_rozmir-one-size","10":"first","11":"instock","12":"purchasable","13":"product-type-simple"},"_links":{"self":[{"href":"https:\/\/nextsnkr.com\/lt\/wp-json\/wp\/v2\/product\/770537","targetHints":{"allow":["GET"]}}],"collection":[{"href":"https:\/\/nextsnkr.com\/lt\/wp-json\/wp\/v2\/product"}],"about":[{"href":"https:\/\/nextsnkr.com\/lt\/wp-json\/wp\/v2\/types\/product"}],"replies":[{"embeddable":true,"href":"https:\/\/nextsnkr.com\/lt\/wp-json\/wp\/v2\/comments?post=770537"}],"version-history":[{"count":0,"href":"https:\/\/nextsnkr.com\/lt\/wp-json\/wp\/v2\/product\/770537\/revisions"}],"wp:featuredmedia":[{"embeddable":true,"href":"https:\/\/nextsnkr.com\/lt\/wp-json\/wp\/v2\/media\/770541"}],"wp:attachment":[{"href":"https:\/\/nextsnkr.com\/lt\/wp-json\/wp\/v2\/media?parent=770537"}],"wp:term":[{"taxonomy":"product_brand","embeddable":true,"href":"https:\/\/nextsnkr.com\/lt\/wp-json\/wp\/v2\/product_brand?post=770537"},{"taxonomy":"product_cat","embeddable":true,"href":"https:\/\/nextsnkr.com\/lt\/wp-json\/wp\/v2\/product_cat?post=770537"},{"taxonomy":"product_tag","embeddable":true,"href":"https:\/\/nextsnkr.com\/lt\/wp-json\/wp\/v2\/product_tag?post=770537"}],"curies":[{"name":"wp","href":"https:\/\/api.w.org\/{rel}","templated":true}]}}