{"id":770154,"date":"2025-06-17T22:49:35","date_gmt":"2025-06-17T19:49:35","guid":{"rendered":"https:\/\/nextsnkr.com\/product\/under-armour-black\/"},"modified":"2026-02-01T20:48:58","modified_gmt":"2026-02-01T17:48:58","slug":"under-armour-black","status":"publish","type":"product","link":"https:\/\/nextsnkr.com\/lt\/produktas\/under-armour-black\/","title":{"rendered":"&#8222;UNDER Armour Black&#8221; akrilo kepur\u0117 Vyrams ir moterims"},"content":{"rendered":"<h2>&#8222;UNDER Armour Black&#8221; akrilo kepur\u0117 Vyrams ir moterims<\/h2>\n<p>&#8222;UNDER Armour Black&#8221; &#8211; stilinga universalaus dyd\u017eio akrilo kepur\u0117 kasdieniam naudojimui. Mink\u0161ta med\u017eiaga suteikia \u0161ilum\u0105 ir komfort\u0105 \u0161altuoju met\u0173 laiku, o erdvinis siuvin\u0117jimas prideda ry\u0161k\u0173 akcent\u0105 prie vaizdo. Prakti\u0161kas ir patvarus, lengvai i\u0161trinamas 30\u00b0C temperat\u016broje. idealus pasirinkimas aktyviam poilsiui, sportui ir kasdien\u0117ms kojin\u0117ms.<\/p>\n","protected":false},"excerpt":{"rendered":"<p>&#8222;UNDER Armour Black&#8221; &#8211; stilinga universalaus dyd\u017eio akrilo kepur\u0117 kasdieniam naudojimui. Mink\u0161ta med\u017eiaga suteikia \u0161ilum\u0105 ir komfort\u0105 \u0161altuoju met\u0173 laiku, o erdvinis siuvin\u0117jimas prideda ry\u0161k\u0173 akcent\u0105 prie vaizdo. Prakti\u0161kas ir patvarus, lengvai i\u0161trinamas 30\u00b0C temperat\u016broje. idealus pasirinkimas aktyviam poilsiui, sportui ir kasdien\u0117ms kojin\u0117ms.<\/p>\n","protected":false},"featured_media":770157,"comment_status":"open","ping_status":"open","template":"","meta":[],"product_brand":[],"product_cat":[3264,4453],"product_tag":[],"class_list":{"0":"post-770154","1":"product","2":"type-product","3":"status-publish","4":"has-post-thumbnail","6":"product_cat-all-product","7":"product_cat-shapky","8":"pa_rozmir-one-size","10":"first","11":"instock","12":"purchasable","13":"product-type-simple"},"_links":{"self":[{"href":"https:\/\/nextsnkr.com\/lt\/wp-json\/wp\/v2\/product\/770154","targetHints":{"allow":["GET"]}}],"collection":[{"href":"https:\/\/nextsnkr.com\/lt\/wp-json\/wp\/v2\/product"}],"about":[{"href":"https:\/\/nextsnkr.com\/lt\/wp-json\/wp\/v2\/types\/product"}],"replies":[{"embeddable":true,"href":"https:\/\/nextsnkr.com\/lt\/wp-json\/wp\/v2\/comments?post=770154"}],"version-history":[{"count":0,"href":"https:\/\/nextsnkr.com\/lt\/wp-json\/wp\/v2\/product\/770154\/revisions"}],"wp:featuredmedia":[{"embeddable":true,"href":"https:\/\/nextsnkr.com\/lt\/wp-json\/wp\/v2\/media\/770157"}],"wp:attachment":[{"href":"https:\/\/nextsnkr.com\/lt\/wp-json\/wp\/v2\/media?parent=770154"}],"wp:term":[{"taxonomy":"product_brand","embeddable":true,"href":"https:\/\/nextsnkr.com\/lt\/wp-json\/wp\/v2\/product_brand?post=770154"},{"taxonomy":"product_cat","embeddable":true,"href":"https:\/\/nextsnkr.com\/lt\/wp-json\/wp\/v2\/product_cat?post=770154"},{"taxonomy":"product_tag","embeddable":true,"href":"https:\/\/nextsnkr.com\/lt\/wp-json\/wp\/v2\/product_tag?post=770154"}],"curies":[{"name":"wp","href":"https:\/\/api.w.org\/{rel}","templated":true}]}}