{"id":768641,"date":"2025-06-18T18:47:11","date_gmt":"2025-06-18T15:47:11","guid":{"rendered":"https:\/\/nextsnkr.com\/product\/muzhskoe-bele-fila-blue\/"},"modified":"2026-02-01T20:48:02","modified_gmt":"2026-02-01T17:48:02","slug":"muzhskoe-bele-fila-blue","status":"publish","type":"product","link":"https:\/\/nextsnkr.com\/lt\/produktas\/muzhskoe-bele-fila-blue\/","title":{"rendered":"Vyri\u0161ki apatiniai FILA Blue-patogi medviln\u0117 su elastingumu"},"content":{"rendered":"<h2>Vyri\u0161ki apatiniai FILA Blue-patogi medviln\u0117 su elastingumu<\/h2>\n<p>&#8222;FILA Blue&#8221; vyri\u0161ki apatiniai drabu\u017eiai yra pagaminti i\u0161 auk\u0161tos kokyb\u0117s medviln\u0117s (95%) ir elastano (5%) derinio, kuris u\u017etikrina maksimal\u0173 komfort\u0105, kv\u0117pavim\u0105 ir ideal\u0173 sodinim\u0105. Modelis yra S-XXL dyd\u017eio, tinka kasdieniam naudojimui ir aktyviam gyvenimo b\u016bdui. Stilinga m\u0117lyna spalva ir apgalvotas kirpimas garantuoja patogum\u0105 ir \u0161iuolaiki\u0161k\u0105 i\u0161vaizd\u0105. Kokybi\u0161kas vyri\u0161kas apatinis trikota\u017eas i\u0161 &#8222;FILA&#8221; prek\u0117s \u017eenklo-prakti\u0161kas ir patikimas pasirinkimas kasdieniam komfortui.<\/p>\n","protected":false},"excerpt":{"rendered":"<p>&#8222;FILA Blue&#8221; vyri\u0161ki apatiniai drabu\u017eiai yra pagaminti i\u0161 auk\u0161tos kokyb\u0117s medviln\u0117s (95%) ir elastano (5%) derinio, kuris u\u017etikrina maksimal\u0173 komfort\u0105, kv\u0117pavim\u0105 ir ideal\u0173 sodinim\u0105. Modelis yra S-XXL dyd\u017eio, tinka kasdieniam naudojimui ir aktyviam gyvenimo b\u016bdui. Stilinga m\u0117lyna spalva ir apgalvotas kirpimas garantuoja patogum\u0105 ir \u0161iuolaiki\u0161k\u0105 i\u0161vaizd\u0105. Kokybi\u0161kas vyri\u0161kas apatinis trikota\u017eas i\u0161 &#8222;FILA&#8221; prek\u0117s \u017eenklo-prakti\u0161kas ir patikimas pasirinkimas kasdieniam komfortui.<\/p>\n","protected":false},"featured_media":768644,"comment_status":"open","ping_status":"open","template":"","meta":[],"product_brand":[],"product_cat":[3264,3557],"product_tag":[],"class_list":{"0":"post-768641","1":"product","2":"type-product","3":"status-publish","4":"has-post-thumbnail","6":"product_cat-all-product","7":"product_cat-cholovicha-bilyzna","8":"pa_rozmir-s","9":"pa_rozmir-m","10":"pa_rozmir-l","11":"pa_rozmir-xl","12":"pa_rozmir-xxl","14":"first","15":"onbackorder","16":"purchasable","17":"product-type-variable"},"_links":{"self":[{"href":"https:\/\/nextsnkr.com\/lt\/wp-json\/wp\/v2\/product\/768641","targetHints":{"allow":["GET"]}}],"collection":[{"href":"https:\/\/nextsnkr.com\/lt\/wp-json\/wp\/v2\/product"}],"about":[{"href":"https:\/\/nextsnkr.com\/lt\/wp-json\/wp\/v2\/types\/product"}],"replies":[{"embeddable":true,"href":"https:\/\/nextsnkr.com\/lt\/wp-json\/wp\/v2\/comments?post=768641"}],"version-history":[{"count":0,"href":"https:\/\/nextsnkr.com\/lt\/wp-json\/wp\/v2\/product\/768641\/revisions"}],"wp:featuredmedia":[{"embeddable":true,"href":"https:\/\/nextsnkr.com\/lt\/wp-json\/wp\/v2\/media\/768644"}],"wp:attachment":[{"href":"https:\/\/nextsnkr.com\/lt\/wp-json\/wp\/v2\/media?parent=768641"}],"wp:term":[{"taxonomy":"product_brand","embeddable":true,"href":"https:\/\/nextsnkr.com\/lt\/wp-json\/wp\/v2\/product_brand?post=768641"},{"taxonomy":"product_cat","embeddable":true,"href":"https:\/\/nextsnkr.com\/lt\/wp-json\/wp\/v2\/product_cat?post=768641"},{"taxonomy":"product_tag","embeddable":true,"href":"https:\/\/nextsnkr.com\/lt\/wp-json\/wp\/v2\/product_tag?post=768641"}],"curies":[{"name":"wp","href":"https:\/\/api.w.org\/{rel}","templated":true}]}}