{"id":766300,"date":"2025-06-13T11:21:03","date_gmt":"2025-06-13T08:21:03","guid":{"rendered":"https:\/\/nextsnkr.com\/product\/new-balance-574-x-stone-island-grey\/"},"modified":"2026-02-01T20:46:31","modified_gmt":"2026-02-01T17:46:31","slug":"new-balance-574-x-stone-island-grey","status":"publish","type":"product","link":"https:\/\/nextsnkr.com\/lt\/produktas\/new-balance-574-x-stone-island-grey\/","title":{"rendered":"Sportba\u010diai New Balance 574 x Stone Island Grey-stilingi zom\u0161iniai Vyri\u0161ki"},"content":{"rendered":"<h2>Sportba\u010diai New Balance 574 x Stone Island Grey-stilingi zom\u0161iniai Vyri\u0161ki<\/h2>\n<p>Sportiniai bateliai &#8222;New Balance 574 x Stone Island Grey&#8221; &#8211; auk\u0161\u010diausios kokyb\u0117s kolaboracija, sukurta komforto ir unikalaus stiliaus m\u0117g\u0117jams. Modelis Pagamintas i\u0161 auk\u0161tos kokyb\u0117s zom\u0161os, kuri u\u017etikrina stiprum\u0105, maloni\u0105 tekst\u016br\u0105 ir ilgaam\u017ei\u0161kum\u0105. Lengvas nusid\u0117v\u0117jimas ir patogus sodinimas leid\u017eia batus Idealiai tinka kasdieniam naudojimui. Pilkas universalus dizainas lengvai derinamas su miesto vaizdais. Pasirinkite &#8222;New Balance 574 X Stone Island&#8221; &#8211; kulto stiliaus ir patikimumo derin\u012f.<\/p>\n","protected":false},"excerpt":{"rendered":"<p>Sportiniai bateliai &#8222;New Balance 574 x Stone Island Grey&#8221; &#8211; auk\u0161\u010diausios kokyb\u0117s kolaboracija, sukurta komforto ir unikalaus stiliaus m\u0117g\u0117jams. Modelis Pagamintas i\u0161 auk\u0161tos kokyb\u0117s zom\u0161os, kuri u\u017etikrina stiprum\u0105, maloni\u0105 tekst\u016br\u0105 ir ilgaam\u017ei\u0161kum\u0105. Lengvas nusid\u0117v\u0117jimas ir patogus sodinimas leid\u017eia batus Idealiai tinka kasdieniam naudojimui. Pilkas universalus dizainas lengvai derinamas su miesto vaizdais. Pasirinkite &#8222;New Balance 574 X Stone Island&#8221; &#8211; kulto stiliaus ir patikimumo derin\u012f.<\/p>\n","protected":false},"featured_media":766301,"comment_status":"open","ping_status":"open","template":"","meta":[],"product_brand":[],"product_cat":[3264,3265],"product_tag":[],"class_list":{"0":"post-766300","1":"product","2":"type-product","3":"status-publish","4":"has-post-thumbnail","6":"product_cat-all-product","7":"product_cat-krosivky","8":"pa_rozmir-910","9":"pa_rozmir-912","10":"pa_rozmir-914","11":"pa_rozmir-915","12":"pa_rozmir-916","13":"pa_rozmir-917","14":"pa_rozmir-918","15":"pa_rozmir-919","16":"pa_rozmir-920","17":"pa_rozmir-921","18":"pa_rozmir-922","20":"first","21":"onbackorder","22":"purchasable","23":"product-type-variable"},"_links":{"self":[{"href":"https:\/\/nextsnkr.com\/lt\/wp-json\/wp\/v2\/product\/766300","targetHints":{"allow":["GET"]}}],"collection":[{"href":"https:\/\/nextsnkr.com\/lt\/wp-json\/wp\/v2\/product"}],"about":[{"href":"https:\/\/nextsnkr.com\/lt\/wp-json\/wp\/v2\/types\/product"}],"replies":[{"embeddable":true,"href":"https:\/\/nextsnkr.com\/lt\/wp-json\/wp\/v2\/comments?post=766300"}],"version-history":[{"count":0,"href":"https:\/\/nextsnkr.com\/lt\/wp-json\/wp\/v2\/product\/766300\/revisions"}],"wp:featuredmedia":[{"embeddable":true,"href":"https:\/\/nextsnkr.com\/lt\/wp-json\/wp\/v2\/media\/766301"}],"wp:attachment":[{"href":"https:\/\/nextsnkr.com\/lt\/wp-json\/wp\/v2\/media?parent=766300"}],"wp:term":[{"taxonomy":"product_brand","embeddable":true,"href":"https:\/\/nextsnkr.com\/lt\/wp-json\/wp\/v2\/product_brand?post=766300"},{"taxonomy":"product_cat","embeddable":true,"href":"https:\/\/nextsnkr.com\/lt\/wp-json\/wp\/v2\/product_cat?post=766300"},{"taxonomy":"product_tag","embeddable":true,"href":"https:\/\/nextsnkr.com\/lt\/wp-json\/wp\/v2\/product_tag?post=766300"}],"curies":[{"name":"wp","href":"https:\/\/api.w.org\/{rel}","templated":true}]}}