{"id":764473,"date":"2025-06-13T11:24:17","date_gmt":"2025-06-13T08:24:17","guid":{"rendered":"https:\/\/nextsnkr.com\/product\/dr-martens-1460-white-khutro\/"},"modified":"2026-02-01T20:45:16","modified_gmt":"2026-02-01T17:45:16","slug":"dr-martens-1460-white-khutro","status":"publish","type":"product","link":"https:\/\/nextsnkr.com\/lt\/produktas\/dr-martens-1460-white-khutro\/","title":{"rendered":"Batai Dr. Martens 1460 White su kailiu &#8211; \u017eieminiai odiniai batai"},"content":{"rendered":"<h2>Batai Dr. Martens 1460 White su kailiu &#8211; \u017eieminiai odiniai batai<\/h2>\n<p>\u017dieminiai batai Dr. Martens 1460 white su kailiu-stilingi ir prakti\u0161ki odiniai batai \u0161altuoju met\u0173 laiku. Nat\u016brali oda ir \u0161iltas kailis u\u017etikrina komfort\u0105 ir patikim\u0105 apsaug\u0105 nuo \u0161al\u010dio. Tvirtas firminis padas Dr. Martens garantuoja stabilum\u0105 ir ilgaam\u017ei\u0161kum\u0105, o klasikinis 1460 siluetas daro juos universaliais bet kokiam vaizdui. Pagaminti Kinijoje, \u0161ie batai derina auk\u0161\u010diausios kokyb\u0117s, atpa\u017e\u012fstam\u0105 dizain\u0105 ir auk\u0161t\u0105 komforto lyg\u012f.<\/p>\n","protected":false},"excerpt":{"rendered":"<p>\u017dieminiai batai Dr. Martens 1460 white su kailiu-stilingi ir prakti\u0161ki odiniai batai \u0161altuoju met\u0173 laiku. Nat\u016brali oda ir \u0161iltas kailis u\u017etikrina komfort\u0105 ir patikim\u0105 apsaug\u0105 nuo \u0161al\u010dio. Tvirtas firminis padas Dr. Martens garantuoja stabilum\u0105 ir ilgaam\u017ei\u0161kum\u0105, o klasikinis 1460 siluetas daro juos universaliais bet kokiam vaizdui. Pagaminti Kinijoje, \u0161ie batai derina auk\u0161\u010diausios kokyb\u0117s, atpa\u017e\u012fstam\u0105 dizain\u0105 ir auk\u0161t\u0105 komforto lyg\u012f.<\/p>\n","protected":false},"featured_media":764474,"comment_status":"open","ping_status":"open","template":"","meta":[],"product_brand":[2398],"product_cat":[3621,3264,3336],"product_tag":[],"class_list":{"0":"post-764473","1":"product","2":"type-product","3":"status-publish","4":"has-post-thumbnail","6":"product_brand-dr-martens","7":"product_cat-dr-martens","8":"product_cat-all-product","9":"product_cat-cherevyky","10":"pa_rozmir-910","11":"pa_rozmir-912","12":"pa_rozmir-914","13":"pa_rozmir-915","14":"pa_rozmir-916","15":"pa_rozmir-917","16":"pa_rozmir-918","17":"pa_rozmir-919","18":"pa_rozmir-920","19":"pa_rozmir-921","20":"pa_rozmir-922","22":"first","23":"onbackorder","24":"purchasable","25":"product-type-variable"},"_links":{"self":[{"href":"https:\/\/nextsnkr.com\/lt\/wp-json\/wp\/v2\/product\/764473","targetHints":{"allow":["GET"]}}],"collection":[{"href":"https:\/\/nextsnkr.com\/lt\/wp-json\/wp\/v2\/product"}],"about":[{"href":"https:\/\/nextsnkr.com\/lt\/wp-json\/wp\/v2\/types\/product"}],"replies":[{"embeddable":true,"href":"https:\/\/nextsnkr.com\/lt\/wp-json\/wp\/v2\/comments?post=764473"}],"version-history":[{"count":0,"href":"https:\/\/nextsnkr.com\/lt\/wp-json\/wp\/v2\/product\/764473\/revisions"}],"wp:featuredmedia":[{"embeddable":true,"href":"https:\/\/nextsnkr.com\/lt\/wp-json\/wp\/v2\/media\/764474"}],"wp:attachment":[{"href":"https:\/\/nextsnkr.com\/lt\/wp-json\/wp\/v2\/media?parent=764473"}],"wp:term":[{"taxonomy":"product_brand","embeddable":true,"href":"https:\/\/nextsnkr.com\/lt\/wp-json\/wp\/v2\/product_brand?post=764473"},{"taxonomy":"product_cat","embeddable":true,"href":"https:\/\/nextsnkr.com\/lt\/wp-json\/wp\/v2\/product_cat?post=764473"},{"taxonomy":"product_tag","embeddable":true,"href":"https:\/\/nextsnkr.com\/lt\/wp-json\/wp\/v2\/product_tag?post=764473"}],"curies":[{"name":"wp","href":"https:\/\/api.w.org\/{rel}","templated":true}]}}