{"id":763860,"date":"2025-06-13T11:25:17","date_gmt":"2025-06-13T08:25:17","guid":{"rendered":"https:\/\/nextsnkr.com\/product\/timberland-pink-termo\/"},"modified":"2026-02-01T20:44:58","modified_gmt":"2026-02-01T17:44:58","slug":"timberland-pink-termo","status":"publish","type":"product","link":"https:\/\/nextsnkr.com\/lt\/produktas\/timberland-pink-termo\/","title":{"rendered":"Timberland Pink batai-moteri\u0161ki \u017eieminiai nubuko Batai"},"content":{"rendered":"<h2>Timberland Pink batai-moteri\u0161ki \u017eieminiai nubuko Batai<\/h2>\n<p>Timberland Pink Batai (Thermo) &#8211; stilingi ir \u0161ilti Moteri\u0161ki \u017eieminiai batai i\u0161 nubuko ir termoizoliacin\u0117s med\u017eiagos. U\u017etikrina patikim\u0105 apsaug\u0105 nuo \u0161al\u010dio ir dr\u0117gm\u0117s, Idealiai tinka miesto pasivaik\u0161\u010diojimams ir kasdieniam naudojimui. Mink\u0161tas pamu\u0161alas ir patvarus padas garantuoja komfort\u0105 bet kokiu oru. USA gamyba patvirtina auk\u0161t\u0105 kokyb\u0119 ir ilgaam\u017ei\u0161kum\u0105. Pasirinkite Timberland, kad suderintum\u0117te \u0161ilum\u0105, patikimum\u0105 ir \u0161iuolaiki\u0161k\u0105 stili\u0173.<\/p>\n","protected":false},"excerpt":{"rendered":"<p>Timberland Pink Batai (Thermo) &#8211; stilingi ir \u0161ilti Moteri\u0161ki \u017eieminiai batai i\u0161 nubuko ir termoizoliacin\u0117s med\u017eiagos. U\u017etikrina patikim\u0105 apsaug\u0105 nuo \u0161al\u010dio ir dr\u0117gm\u0117s, Idealiai tinka miesto pasivaik\u0161\u010diojimams ir kasdieniam naudojimui. Mink\u0161tas pamu\u0161alas ir patvarus padas garantuoja komfort\u0105 bet kokiu oru. USA gamyba patvirtina auk\u0161t\u0105 kokyb\u0119 ir ilgaam\u017ei\u0161kum\u0105. Pasirinkite Timberland, kad suderintum\u0117te \u0161ilum\u0105, patikimum\u0105 ir \u0161iuolaiki\u0161k\u0105 stili\u0173.<\/p>\n","protected":false},"featured_media":763862,"comment_status":"open","ping_status":"open","template":"","meta":[],"product_brand":[],"product_cat":[3264,3336],"product_tag":[],"class_list":{"0":"post-763860","1":"product","2":"type-product","3":"status-publish","4":"has-post-thumbnail","6":"product_cat-all-product","7":"product_cat-cherevyky","8":"pa_rozmir-910","9":"pa_rozmir-912","10":"pa_rozmir-914","11":"pa_rozmir-915","12":"pa_rozmir-916","13":"pa_rozmir-917","14":"pa_rozmir-918","15":"pa_rozmir-919","16":"pa_rozmir-920","17":"pa_rozmir-921","18":"pa_rozmir-922","20":"first","21":"instock","22":"purchasable","23":"product-type-variable"},"_links":{"self":[{"href":"https:\/\/nextsnkr.com\/lt\/wp-json\/wp\/v2\/product\/763860","targetHints":{"allow":["GET"]}}],"collection":[{"href":"https:\/\/nextsnkr.com\/lt\/wp-json\/wp\/v2\/product"}],"about":[{"href":"https:\/\/nextsnkr.com\/lt\/wp-json\/wp\/v2\/types\/product"}],"replies":[{"embeddable":true,"href":"https:\/\/nextsnkr.com\/lt\/wp-json\/wp\/v2\/comments?post=763860"}],"version-history":[{"count":0,"href":"https:\/\/nextsnkr.com\/lt\/wp-json\/wp\/v2\/product\/763860\/revisions"}],"wp:featuredmedia":[{"embeddable":true,"href":"https:\/\/nextsnkr.com\/lt\/wp-json\/wp\/v2\/media\/763862"}],"wp:attachment":[{"href":"https:\/\/nextsnkr.com\/lt\/wp-json\/wp\/v2\/media?parent=763860"}],"wp:term":[{"taxonomy":"product_brand","embeddable":true,"href":"https:\/\/nextsnkr.com\/lt\/wp-json\/wp\/v2\/product_brand?post=763860"},{"taxonomy":"product_cat","embeddable":true,"href":"https:\/\/nextsnkr.com\/lt\/wp-json\/wp\/v2\/product_cat?post=763860"},{"taxonomy":"product_tag","embeddable":true,"href":"https:\/\/nextsnkr.com\/lt\/wp-json\/wp\/v2\/product_tag?post=763860"}],"curies":[{"name":"wp","href":"https:\/\/api.w.org\/{rel}","templated":true}]}}