{"id":763537,"date":"2025-06-13T11:25:37","date_gmt":"2025-06-13T08:25:37","guid":{"rendered":"https:\/\/nextsnkr.com\/product\/timberland-ginder-termo\/"},"modified":"2026-02-01T20:44:49","modified_gmt":"2026-02-01T17:44:49","slug":"timberland-ginder-termo","status":"publish","type":"product","link":"https:\/\/nextsnkr.com\/lt\/produktas\/timberland-ginder-termo\/","title":{"rendered":"Timberland Ginder batai-\u017dieminiai nubuko Vyri\u0161ki batai"},"content":{"rendered":"<h2>Timberland Ginder batai-\u017dieminiai nubuko Vyri\u0161ki batai<\/h2>\n<p>Timberland Ginder \u2014 termo Batai-patikimi \u017eieminiai batai, sukurti maksimaliam komfortui ir apsaugai nuo \u0161al\u010dio. Pagaminti i\u0161 auk\u0161tos kokyb\u0117s nubuko ir ap\u0161iltinti termoizoliacine med\u017eiaga, jie suteikia \u0161ilum\u0105 net \u0161altu oru. Timberland prek\u0117s \u017eenklas garantuoja stiprum\u0105 ir ilgaam\u017ei\u0161kum\u0105, o apgalvotas padas u\u017etikrina slid\u017ei\u0173 pavir\u0161i\u0173 stabilum\u0105. \u0160ie JAV pagaminti batai idealiai tinka kasdieniam d\u0117v\u0117jimui ir aktyviam poilsiui. Pasirinkite Timberland Ginder-stili\u0173, \u0161ilum\u0105 ir patikimum\u0105 kiekviename \u017eingsnyje.<\/p>\n","protected":false},"excerpt":{"rendered":"<p>Timberland Ginder \u2014 termo Batai-patikimi \u017eieminiai batai, sukurti maksimaliam komfortui ir apsaugai nuo \u0161al\u010dio. Pagaminti i\u0161 auk\u0161tos kokyb\u0117s nubuko ir ap\u0161iltinti termoizoliacine med\u017eiaga, jie suteikia \u0161ilum\u0105 net \u0161altu oru. Timberland prek\u0117s \u017eenklas garantuoja stiprum\u0105 ir ilgaam\u017ei\u0161kum\u0105, o apgalvotas padas u\u017etikrina slid\u017ei\u0173 pavir\u0161i\u0173 stabilum\u0105. \u0160ie JAV pagaminti batai idealiai tinka kasdieniam d\u0117v\u0117jimui ir aktyviam poilsiui. Pasirinkite Timberland Ginder-stili\u0173, \u0161ilum\u0105 ir patikimum\u0105 kiekviename \u017eingsnyje.<\/p>\n","protected":false},"featured_media":763541,"comment_status":"open","ping_status":"open","template":"","meta":[],"product_brand":[],"product_cat":[3264,3336],"product_tag":[],"class_list":{"0":"post-763537","1":"product","2":"type-product","3":"status-publish","4":"has-post-thumbnail","6":"product_cat-all-product","7":"product_cat-cherevyky","8":"pa_rozmir-910","9":"pa_rozmir-912","10":"pa_rozmir-914","11":"pa_rozmir-915","12":"pa_rozmir-916","13":"pa_rozmir-917","14":"pa_rozmir-918","15":"pa_rozmir-919","16":"pa_rozmir-920","17":"pa_rozmir-921","18":"pa_rozmir-922","20":"first","21":"instock","22":"purchasable","23":"product-type-variable"},"_links":{"self":[{"href":"https:\/\/nextsnkr.com\/lt\/wp-json\/wp\/v2\/product\/763537","targetHints":{"allow":["GET"]}}],"collection":[{"href":"https:\/\/nextsnkr.com\/lt\/wp-json\/wp\/v2\/product"}],"about":[{"href":"https:\/\/nextsnkr.com\/lt\/wp-json\/wp\/v2\/types\/product"}],"replies":[{"embeddable":true,"href":"https:\/\/nextsnkr.com\/lt\/wp-json\/wp\/v2\/comments?post=763537"}],"version-history":[{"count":0,"href":"https:\/\/nextsnkr.com\/lt\/wp-json\/wp\/v2\/product\/763537\/revisions"}],"wp:featuredmedia":[{"embeddable":true,"href":"https:\/\/nextsnkr.com\/lt\/wp-json\/wp\/v2\/media\/763541"}],"wp:attachment":[{"href":"https:\/\/nextsnkr.com\/lt\/wp-json\/wp\/v2\/media?parent=763537"}],"wp:term":[{"taxonomy":"product_brand","embeddable":true,"href":"https:\/\/nextsnkr.com\/lt\/wp-json\/wp\/v2\/product_brand?post=763537"},{"taxonomy":"product_cat","embeddable":true,"href":"https:\/\/nextsnkr.com\/lt\/wp-json\/wp\/v2\/product_cat?post=763537"},{"taxonomy":"product_tag","embeddable":true,"href":"https:\/\/nextsnkr.com\/lt\/wp-json\/wp\/v2\/product_tag?post=763537"}],"curies":[{"name":"wp","href":"https:\/\/api.w.org\/{rel}","templated":true}]}}