{"id":761787,"date":"2025-06-18T19:01:48","date_gmt":"2025-06-18T16:01:48","guid":{"rendered":"https:\/\/nextsnkr.com\/product\/christian-dior-dway-slide-pink\/"},"modified":"2026-02-01T20:43:49","modified_gmt":"2026-02-01T17:43:49","slug":"christian-dior-dway-slide-pink","status":"publish","type":"product","link":"https:\/\/nextsnkr.com\/lt\/produktas\/christian-dior-dway-slide-pink\/","title":{"rendered":"\u0160lepet\u0117s Christian DIOR Dway Slide Pink oda ir tekstil\u0117"},"content":{"rendered":"<h2>\u0160lepet\u0117s Christian DIOR Dway Slide Pink oda ir tekstil\u0117<\/h2>\n<p>Stilingos ir patogios Christian DIOR Dway Slide Pink \u0161lepet\u0117s pagamintos i\u0161 auk\u0161tos kokyb\u0117s odos ir tekstil\u0117s. Modelis sujungia eleganti\u0161k\u0105 dizain\u0105 ir komfort\u0105, Idealiai tinka kasdieniam d\u0117v\u0117jimui namuose ar atostogose. Gamyba Turkijoje garantuoja med\u017eiag\u0173 ilgaam\u017ei\u0161kum\u0105 ir patikimum\u0105. \u0160ios \u0161lepet\u0117s pabr\u0117\u017es j\u016bs\u0173 skon\u012f ir prid\u0117s ry\u0161ki\u0173 akcent\u0173 \u012f j\u016bs\u0173 kasdien\u012f \u012fvaizd\u012f.<\/p>\n","protected":false},"excerpt":{"rendered":"<p>Stilingos ir patogios Christian DIOR Dway Slide Pink \u0161lepet\u0117s pagamintos i\u0161 auk\u0161tos kokyb\u0117s odos ir tekstil\u0117s. Modelis sujungia eleganti\u0161k\u0105 dizain\u0105 ir komfort\u0105, Idealiai tinka kasdieniam d\u0117v\u0117jimui namuose ar atostogose. Gamyba Turkijoje garantuoja med\u017eiag\u0173 ilgaam\u017ei\u0161kum\u0105 ir patikimum\u0105. \u0160ios \u0161lepet\u0117s pabr\u0117\u017es j\u016bs\u0173 skon\u012f ir prid\u0117s ry\u0161ki\u0173 akcent\u0173 \u012f j\u016bs\u0173 kasdien\u012f \u012fvaizd\u012f.<\/p>\n","protected":false},"featured_media":761792,"comment_status":"open","ping_status":"open","template":"","meta":[],"product_brand":[],"product_cat":[3264,3425],"product_tag":[],"class_list":{"0":"post-761787","1":"product","2":"type-product","3":"status-publish","4":"has-post-thumbnail","6":"product_cat-all-product","7":"product_cat-shlopantsi","8":"pa_rozmir-910","9":"pa_rozmir-912","10":"pa_rozmir-914","11":"pa_rozmir-915","12":"pa_rozmir-916","13":"pa_rozmir-917","14":"pa_rozmir-918","15":"pa_rozmir-919","16":"pa_rozmir-920","17":"pa_rozmir-921","18":"pa_rozmir-922","20":"first","21":"instock","22":"purchasable","23":"product-type-variable"},"_links":{"self":[{"href":"https:\/\/nextsnkr.com\/lt\/wp-json\/wp\/v2\/product\/761787","targetHints":{"allow":["GET"]}}],"collection":[{"href":"https:\/\/nextsnkr.com\/lt\/wp-json\/wp\/v2\/product"}],"about":[{"href":"https:\/\/nextsnkr.com\/lt\/wp-json\/wp\/v2\/types\/product"}],"replies":[{"embeddable":true,"href":"https:\/\/nextsnkr.com\/lt\/wp-json\/wp\/v2\/comments?post=761787"}],"version-history":[{"count":0,"href":"https:\/\/nextsnkr.com\/lt\/wp-json\/wp\/v2\/product\/761787\/revisions"}],"wp:featuredmedia":[{"embeddable":true,"href":"https:\/\/nextsnkr.com\/lt\/wp-json\/wp\/v2\/media\/761792"}],"wp:attachment":[{"href":"https:\/\/nextsnkr.com\/lt\/wp-json\/wp\/v2\/media?parent=761787"}],"wp:term":[{"taxonomy":"product_brand","embeddable":true,"href":"https:\/\/nextsnkr.com\/lt\/wp-json\/wp\/v2\/product_brand?post=761787"},{"taxonomy":"product_cat","embeddable":true,"href":"https:\/\/nextsnkr.com\/lt\/wp-json\/wp\/v2\/product_cat?post=761787"},{"taxonomy":"product_tag","embeddable":true,"href":"https:\/\/nextsnkr.com\/lt\/wp-json\/wp\/v2\/product_tag?post=761787"}],"curies":[{"name":"wp","href":"https:\/\/api.w.org\/{rel}","templated":true}]}}