{"id":761159,"date":"2025-06-13T12:23:31","date_gmt":"2025-06-13T09:23:31","guid":{"rendered":"https:\/\/nextsnkr.com\/product\/1-low-og-x-travis-scott-black\/"},"modified":"2026-02-01T20:43:33","modified_gmt":"2026-02-01T17:43:33","slug":"1-low-og-x-travis-scott-black","status":"publish","type":"product","link":"https:\/\/nextsnkr.com\/lt\/produktas\/1-low-og-x-travis-scott-black\/","title":{"rendered":"1 Low X X Travis Scott Black-stilingi odiniai sportba\u010diai"},"content":{"rendered":"<h2>1 Low X X Travis Scott Black-stilingi odiniai sportba\u010diai<\/h2>\n<p>&#8222;1 Low X X Travis Scott Black&#8221; modeliai derina firmin\u012f dizain\u0105 ir auk\u0161\u010diausios kokyb\u0117s med\u017eiagas &#8211; nat\u016brali\u0105 od\u0105 ir tekstil\u0119. Modelis pasi\u017eymi b\u016bdingu Travis Scott stiliumi, kuris suteikia unikalumo \u012fvaizd\u012f. D\u0117l auk\u0161tos kokyb\u0117s gamybos Kinijoje, Kedai u\u017etikrina komfort\u0105, atsparum\u0105 dilimui ir patikim\u0105 nusileidim\u0105. Idealus pasirinkimas ribot\u0173 modeli\u0173 ir \u0161iuolaikin\u0117s gatv\u0117s mados gerb\u0117jams.<\/p>\n","protected":false},"excerpt":{"rendered":"<p>&#8222;1 Low X X Travis Scott Black&#8221; modeliai derina firmin\u012f dizain\u0105 ir auk\u0161\u010diausios kokyb\u0117s med\u017eiagas &#8211; nat\u016brali\u0105 od\u0105 ir tekstil\u0119. Modelis pasi\u017eymi b\u016bdingu Travis Scott stiliumi, kuris suteikia unikalumo \u012fvaizd\u012f. D\u0117l auk\u0161tos kokyb\u0117s gamybos Kinijoje, Kedai u\u017etikrina komfort\u0105, atsparum\u0105 dilimui ir patikim\u0105 nusileidim\u0105. Idealus pasirinkimas ribot\u0173 modeli\u0173 ir \u0161iuolaikin\u0117s gatv\u0117s mados gerb\u0117jams.<\/p>\n","protected":false},"featured_media":761160,"comment_status":"open","ping_status":"open","template":"","meta":[],"product_brand":[],"product_cat":[3264,3323],"product_tag":[],"class_list":{"0":"post-761159","1":"product","2":"type-product","3":"status-publish","4":"has-post-thumbnail","6":"product_cat-all-product","7":"product_cat-kedy","8":"pa_rozmir-910","9":"pa_rozmir-912","10":"pa_rozmir-914","11":"pa_rozmir-915","12":"pa_rozmir-916","13":"pa_rozmir-917","14":"pa_rozmir-918","15":"pa_rozmir-919","16":"pa_rozmir-920","17":"pa_rozmir-921","18":"pa_rozmir-922","20":"first","21":"instock","22":"purchasable","23":"product-type-variable"},"_links":{"self":[{"href":"https:\/\/nextsnkr.com\/lt\/wp-json\/wp\/v2\/product\/761159","targetHints":{"allow":["GET"]}}],"collection":[{"href":"https:\/\/nextsnkr.com\/lt\/wp-json\/wp\/v2\/product"}],"about":[{"href":"https:\/\/nextsnkr.com\/lt\/wp-json\/wp\/v2\/types\/product"}],"replies":[{"embeddable":true,"href":"https:\/\/nextsnkr.com\/lt\/wp-json\/wp\/v2\/comments?post=761159"}],"version-history":[{"count":0,"href":"https:\/\/nextsnkr.com\/lt\/wp-json\/wp\/v2\/product\/761159\/revisions"}],"wp:featuredmedia":[{"embeddable":true,"href":"https:\/\/nextsnkr.com\/lt\/wp-json\/wp\/v2\/media\/761160"}],"wp:attachment":[{"href":"https:\/\/nextsnkr.com\/lt\/wp-json\/wp\/v2\/media?parent=761159"}],"wp:term":[{"taxonomy":"product_brand","embeddable":true,"href":"https:\/\/nextsnkr.com\/lt\/wp-json\/wp\/v2\/product_brand?post=761159"},{"taxonomy":"product_cat","embeddable":true,"href":"https:\/\/nextsnkr.com\/lt\/wp-json\/wp\/v2\/product_cat?post=761159"},{"taxonomy":"product_tag","embeddable":true,"href":"https:\/\/nextsnkr.com\/lt\/wp-json\/wp\/v2\/product_tag?post=761159"}],"curies":[{"name":"wp","href":"https:\/\/api.w.org\/{rel}","templated":true}]}}