{"id":760156,"date":"2025-06-13T12:24:44","date_gmt":"2025-06-13T09:24:44","guid":{"rendered":"https:\/\/nextsnkr.com\/product\/350-v2-lemon\/"},"modified":"2026-02-01T20:43:06","modified_gmt":"2026-02-01T17:43:06","slug":"350-v2-lemon","status":"publish","type":"product","link":"https:\/\/nextsnkr.com\/lt\/produktas\/350-v2-lemon\/","title":{"rendered":"350 V2 Lemon sportba\u010diai-stilingi tekstiliniai sportba\u010diai kasdieniam komfortui"},"content":{"rendered":"<h2>350 V2 Lemon sportba\u010diai-stilingi tekstiliniai sportba\u010diai kasdieniam komfortui<\/h2>\n<p>350 V2 Lemon sportba\u010diai-lengvas ir patogus tvirtos, kv\u0117puojan\u010dios tekstil\u0117s modelis, u\u017etikrinantis komfort\u0105 aktyvaus naudojimo metu. D\u0117l lankstaus pado sportba\u010diai Idealiai tinka pasivaik\u0161\u010diojimams, sportui ir kasdieniam stiliui. Ry\u0161kus Lemon dizainas i\u0161skiria \u0161\u012f model\u012f i\u0161 kit\u0173 ir prideda modernumo vaizd\u0105. Gamintojas-Kinija. Pasirinkite 350 V2 Lemon gauti stili\u0173, kokyb\u0119 ir komfort\u0105 kiekvien\u0105 dien\u0105. Kodas: 042-307336.<\/p>\n","protected":false},"excerpt":{"rendered":"<p>350 V2 Lemon sportba\u010diai-lengvas ir patogus tvirtos, kv\u0117puojan\u010dios tekstil\u0117s modelis, u\u017etikrinantis komfort\u0105 aktyvaus naudojimo metu. D\u0117l lankstaus pado sportba\u010diai Idealiai tinka pasivaik\u0161\u010diojimams, sportui ir kasdieniam stiliui. Ry\u0161kus Lemon dizainas i\u0161skiria \u0161\u012f model\u012f i\u0161 kit\u0173 ir prideda modernumo vaizd\u0105. Gamintojas-Kinija. Pasirinkite 350 V2 Lemon gauti stili\u0173, kokyb\u0119 ir komfort\u0105 kiekvien\u0105 dien\u0105. Kodas: 042-307336.<\/p>\n","protected":false},"featured_media":760161,"comment_status":"open","ping_status":"open","template":"","meta":[],"product_brand":[],"product_cat":[3264,3265],"product_tag":[],"class_list":{"0":"post-760156","1":"product","2":"type-product","3":"status-publish","4":"has-post-thumbnail","6":"product_cat-all-product","7":"product_cat-krosivky","8":"pa_rozmir-910","9":"pa_rozmir-912","10":"pa_rozmir-914","11":"pa_rozmir-915","12":"pa_rozmir-916","13":"pa_rozmir-917","14":"pa_rozmir-918","15":"pa_rozmir-919","16":"pa_rozmir-920","17":"pa_rozmir-921","18":"pa_rozmir-922","20":"first","21":"instock","22":"purchasable","23":"product-type-variable"},"_links":{"self":[{"href":"https:\/\/nextsnkr.com\/lt\/wp-json\/wp\/v2\/product\/760156","targetHints":{"allow":["GET"]}}],"collection":[{"href":"https:\/\/nextsnkr.com\/lt\/wp-json\/wp\/v2\/product"}],"about":[{"href":"https:\/\/nextsnkr.com\/lt\/wp-json\/wp\/v2\/types\/product"}],"replies":[{"embeddable":true,"href":"https:\/\/nextsnkr.com\/lt\/wp-json\/wp\/v2\/comments?post=760156"}],"version-history":[{"count":0,"href":"https:\/\/nextsnkr.com\/lt\/wp-json\/wp\/v2\/product\/760156\/revisions"}],"wp:featuredmedia":[{"embeddable":true,"href":"https:\/\/nextsnkr.com\/lt\/wp-json\/wp\/v2\/media\/760161"}],"wp:attachment":[{"href":"https:\/\/nextsnkr.com\/lt\/wp-json\/wp\/v2\/media?parent=760156"}],"wp:term":[{"taxonomy":"product_brand","embeddable":true,"href":"https:\/\/nextsnkr.com\/lt\/wp-json\/wp\/v2\/product_brand?post=760156"},{"taxonomy":"product_cat","embeddable":true,"href":"https:\/\/nextsnkr.com\/lt\/wp-json\/wp\/v2\/product_cat?post=760156"},{"taxonomy":"product_tag","embeddable":true,"href":"https:\/\/nextsnkr.com\/lt\/wp-json\/wp\/v2\/product_tag?post=760156"}],"curies":[{"name":"wp","href":"https:\/\/api.w.org\/{rel}","templated":true}]}}