{"id":759155,"date":"2025-06-13T12:26:06","date_gmt":"2025-06-13T09:26:06","guid":{"rendered":"https:\/\/nextsnkr.com\/product\/500-lemon\/"},"modified":"2026-02-01T20:42:39","modified_gmt":"2026-02-01T17:42:39","slug":"500-lemon","status":"publish","type":"product","link":"https:\/\/nextsnkr.com\/lt\/produktas\/500-lemon\/","title":{"rendered":"500 Lemon sportba\u010diai &#8211; stilingi zom\u0161iniai geltoni kry\u017eiai"},"content":{"rendered":"<h2>500 Lemon sportba\u010diai &#8211; stilingi zom\u0161iniai geltoni kry\u017eiai<\/h2>\n<p>500 Lemon sportba\u010diai yra ry\u0161kus ir madingas modelis, suteikiantis \u0161vie\u017eumo ir individualumo \u012fvaizd\u012f. Pagaminti i\u0161 mink\u0161to zom\u0161os, jie suteikia komfort\u0105 ir malon\u0173 sodinim\u0105 kasdienio d\u0117v\u0117jimo metu. Tvirtas padas u\u017etikrina stabilum\u0105 ir atsparum\u0105 dilimui, o lengvas dizainas leid\u017eia sportba\u010dius patogiai naudoti aktyviam gyvenimo tempui. Pagaminti Kinijoje, \u0161ie geltoni sportba\u010diai taps stilingu akcentu j\u016bs\u0173 spintoje. Pasirinkite 500 Lemon \u2014 komfortas ir ry\u0161kumas kiekviename \u017eingsnyje.<\/p>\n","protected":false},"excerpt":{"rendered":"<p>500 Lemon sportba\u010diai yra ry\u0161kus ir madingas modelis, suteikiantis \u0161vie\u017eumo ir individualumo \u012fvaizd\u012f. Pagaminti i\u0161 mink\u0161to zom\u0161os, jie suteikia komfort\u0105 ir malon\u0173 sodinim\u0105 kasdienio d\u0117v\u0117jimo metu. Tvirtas padas u\u017etikrina stabilum\u0105 ir atsparum\u0105 dilimui, o lengvas dizainas leid\u017eia sportba\u010dius patogiai naudoti aktyviam gyvenimo tempui. Pagaminti Kinijoje, \u0161ie geltoni sportba\u010diai taps stilingu akcentu j\u016bs\u0173 spintoje. Pasirinkite 500 Lemon \u2014 komfortas ir ry\u0161kumas kiekviename \u017eingsnyje.<\/p>\n","protected":false},"featured_media":759159,"comment_status":"open","ping_status":"open","template":"","meta":[],"product_brand":[],"product_cat":[3264,3265],"product_tag":[],"class_list":{"0":"post-759155","1":"product","2":"type-product","3":"status-publish","4":"has-post-thumbnail","6":"product_cat-all-product","7":"product_cat-krosivky","8":"pa_rozmir-910","9":"pa_rozmir-912","10":"pa_rozmir-914","11":"pa_rozmir-915","12":"pa_rozmir-916","13":"pa_rozmir-917","14":"pa_rozmir-918","15":"pa_rozmir-919","16":"pa_rozmir-920","17":"pa_rozmir-921","18":"pa_rozmir-922","20":"first","21":"instock","22":"purchasable","23":"product-type-variable"},"_links":{"self":[{"href":"https:\/\/nextsnkr.com\/lt\/wp-json\/wp\/v2\/product\/759155","targetHints":{"allow":["GET"]}}],"collection":[{"href":"https:\/\/nextsnkr.com\/lt\/wp-json\/wp\/v2\/product"}],"about":[{"href":"https:\/\/nextsnkr.com\/lt\/wp-json\/wp\/v2\/types\/product"}],"replies":[{"embeddable":true,"href":"https:\/\/nextsnkr.com\/lt\/wp-json\/wp\/v2\/comments?post=759155"}],"version-history":[{"count":0,"href":"https:\/\/nextsnkr.com\/lt\/wp-json\/wp\/v2\/product\/759155\/revisions"}],"wp:featuredmedia":[{"embeddable":true,"href":"https:\/\/nextsnkr.com\/lt\/wp-json\/wp\/v2\/media\/759159"}],"wp:attachment":[{"href":"https:\/\/nextsnkr.com\/lt\/wp-json\/wp\/v2\/media?parent=759155"}],"wp:term":[{"taxonomy":"product_brand","embeddable":true,"href":"https:\/\/nextsnkr.com\/lt\/wp-json\/wp\/v2\/product_brand?post=759155"},{"taxonomy":"product_cat","embeddable":true,"href":"https:\/\/nextsnkr.com\/lt\/wp-json\/wp\/v2\/product_cat?post=759155"},{"taxonomy":"product_tag","embeddable":true,"href":"https:\/\/nextsnkr.com\/lt\/wp-json\/wp\/v2\/product_tag?post=759155"}],"curies":[{"name":"wp","href":"https:\/\/api.w.org\/{rel}","templated":true}]}}