{"id":756445,"date":"2025-06-13T12:28:35","date_gmt":"2025-06-13T09:28:35","guid":{"rendered":"https:\/\/nextsnkr.com\/product\/350-white-full-reflective\/"},"modified":"2026-02-01T20:41:16","modified_gmt":"2026-02-01T17:41:16","slug":"350-white-full-reflective","status":"publish","type":"product","link":"https:\/\/nextsnkr.com\/lt\/produktas\/350-white-full-reflective\/","title":{"rendered":"Sportba\u010diai 350 White Full Reflective &#8211; Vyri\u0161ki \u0161vies\u0105 atspindintys tekstil\u0117s gaminiai"},"content":{"rendered":"<h2>Sportba\u010diai 350 White Full Reflective &#8211; Vyri\u0161ki \u0161vies\u0105 atspindintys tekstil\u0117s gaminiai<\/h2>\n<p>&#8222;350 White Full Reflective&#8221; &#8211; stilingi vyri\u0161ki sportba\u010diai su visi\u0161ku atspindin\u010diu efektu, u\u017etikrinan\u010diu matomum\u0105 tamsiu paros metu. Modelis Pagamintas i\u0161 lengvos ir kv\u0117puojan\u010dios tekstil\u0117s, kuri u\u017etikrina komfort\u0105 d\u0117vint kasdien. Lankstus padas ir patogus sodinimas daro \u0161iuos sportba\u010dius Idealiai tinka miestui, pasivaik\u0161\u010diojimams ir aktyviam poilsiui. Pagaminti Kinijoje, jie sujungia modern\u0173 dizain\u0105, lengvum\u0105 ir prakti\u0161kum\u0105. Pasirinkite stili\u0173 ir saugum\u0105 350 formatu.<\/p>\n","protected":false},"excerpt":{"rendered":"<p>&#8222;350 White Full Reflective&#8221; &#8211; stilingi vyri\u0161ki sportba\u010diai su visi\u0161ku atspindin\u010diu efektu, u\u017etikrinan\u010diu matomum\u0105 tamsiu paros metu. Modelis Pagamintas i\u0161 lengvos ir kv\u0117puojan\u010dios tekstil\u0117s, kuri u\u017etikrina komfort\u0105 d\u0117vint kasdien. Lankstus padas ir patogus sodinimas daro \u0161iuos sportba\u010dius Idealiai tinka miestui, pasivaik\u0161\u010diojimams ir aktyviam poilsiui. Pagaminti Kinijoje, jie sujungia modern\u0173 dizain\u0105, lengvum\u0105 ir prakti\u0161kum\u0105. Pasirinkite stili\u0173 ir saugum\u0105 350 formatu.<\/p>\n","protected":false},"featured_media":756446,"comment_status":"open","ping_status":"open","template":"","meta":[],"product_brand":[],"product_cat":[3264,3265],"product_tag":[],"class_list":{"0":"post-756445","1":"product","2":"type-product","3":"status-publish","4":"has-post-thumbnail","6":"product_cat-all-product","7":"product_cat-krosivky","8":"pa_rozmir-910","9":"pa_rozmir-912","10":"pa_rozmir-914","11":"pa_rozmir-915","12":"pa_rozmir-916","13":"pa_rozmir-917","14":"pa_rozmir-918","15":"pa_rozmir-919","16":"pa_rozmir-920","17":"pa_rozmir-921","18":"pa_rozmir-922","20":"first","21":"instock","22":"purchasable","23":"product-type-variable"},"_links":{"self":[{"href":"https:\/\/nextsnkr.com\/lt\/wp-json\/wp\/v2\/product\/756445","targetHints":{"allow":["GET"]}}],"collection":[{"href":"https:\/\/nextsnkr.com\/lt\/wp-json\/wp\/v2\/product"}],"about":[{"href":"https:\/\/nextsnkr.com\/lt\/wp-json\/wp\/v2\/types\/product"}],"replies":[{"embeddable":true,"href":"https:\/\/nextsnkr.com\/lt\/wp-json\/wp\/v2\/comments?post=756445"}],"version-history":[{"count":0,"href":"https:\/\/nextsnkr.com\/lt\/wp-json\/wp\/v2\/product\/756445\/revisions"}],"wp:featuredmedia":[{"embeddable":true,"href":"https:\/\/nextsnkr.com\/lt\/wp-json\/wp\/v2\/media\/756446"}],"wp:attachment":[{"href":"https:\/\/nextsnkr.com\/lt\/wp-json\/wp\/v2\/media?parent=756445"}],"wp:term":[{"taxonomy":"product_brand","embeddable":true,"href":"https:\/\/nextsnkr.com\/lt\/wp-json\/wp\/v2\/product_brand?post=756445"},{"taxonomy":"product_cat","embeddable":true,"href":"https:\/\/nextsnkr.com\/lt\/wp-json\/wp\/v2\/product_cat?post=756445"},{"taxonomy":"product_tag","embeddable":true,"href":"https:\/\/nextsnkr.com\/lt\/wp-json\/wp\/v2\/product_tag?post=756445"}],"curies":[{"name":"wp","href":"https:\/\/api.w.org\/{rel}","templated":true}]}}