{"id":754071,"date":"2025-06-13T12:31:39","date_gmt":"2025-06-13T09:31:39","guid":{"rendered":"https:\/\/nextsnkr.com\/product\/black-2\/"},"modified":"2026-02-01T20:40:00","modified_gmt":"2026-02-01T17:40:00","slug":"black-2","status":"publish","type":"product","link":"https:\/\/nextsnkr.com\/lt\/produktas\/black-2\/","title":{"rendered":"Black vyri\u0161ki sportba\u010diai &#8211; oda ir tekstil\u0117, stilingi kasdieniai batai"},"content":{"rendered":"<h2>Black vyri\u0161ki sportba\u010diai &#8211; oda ir tekstil\u0117, stilingi kasdieniai batai<\/h2>\n<p>Universal\u016bs Black sportba\u010diai sukurti kasdieniam komfortui ir \u0161iuolaikiniam stiliui. Nat\u016bralios odos ir kv\u0117puojan\u010dios tekstil\u0117s derinys u\u017etikrina atsparum\u0105 dilimui, lengvum\u0105 ir malon\u0173 sodinim\u0105. Tvirtas padas u\u017etikrina patikim\u0105 nusid\u0117v\u0117jim\u0105 aktyvaus naudojimo metu. Pagaminti Kinijoje, \u0161ie sportba\u010diai derina kokyb\u0119, mading\u0105 dizain\u0105 ir prakti\u0161kum\u0105. Idealus pasirinkimas miestui, pasivaik\u0161\u010diojimams ir kasdieniam gyvenimo tempui.<\/p>\n","protected":false},"excerpt":{"rendered":"<p>Universal\u016bs Black sportba\u010diai sukurti kasdieniam komfortui ir \u0161iuolaikiniam stiliui. Nat\u016bralios odos ir kv\u0117puojan\u010dios tekstil\u0117s derinys u\u017etikrina atsparum\u0105 dilimui, lengvum\u0105 ir malon\u0173 sodinim\u0105. Tvirtas padas u\u017etikrina patikim\u0105 nusid\u0117v\u0117jim\u0105 aktyvaus naudojimo metu. Pagaminti Kinijoje, \u0161ie sportba\u010diai derina kokyb\u0119, mading\u0105 dizain\u0105 ir prakti\u0161kum\u0105. Idealus pasirinkimas miestui, pasivaik\u0161\u010diojimams ir kasdieniam gyvenimo tempui.<\/p>\n","protected":false},"featured_media":754072,"comment_status":"open","ping_status":"open","template":"","meta":[],"product_brand":[],"product_cat":[3264,3265],"product_tag":[],"class_list":{"0":"post-754071","1":"product","2":"type-product","3":"status-publish","4":"has-post-thumbnail","6":"product_cat-all-product","7":"product_cat-krosivky","8":"pa_rozmir-910","9":"pa_rozmir-912","10":"pa_rozmir-914","11":"pa_rozmir-915","12":"pa_rozmir-916","13":"pa_rozmir-917","14":"pa_rozmir-918","15":"pa_rozmir-919","16":"pa_rozmir-920","17":"pa_rozmir-921","18":"pa_rozmir-922","20":"first","21":"instock","22":"purchasable","23":"product-type-variable"},"_links":{"self":[{"href":"https:\/\/nextsnkr.com\/lt\/wp-json\/wp\/v2\/product\/754071","targetHints":{"allow":["GET"]}}],"collection":[{"href":"https:\/\/nextsnkr.com\/lt\/wp-json\/wp\/v2\/product"}],"about":[{"href":"https:\/\/nextsnkr.com\/lt\/wp-json\/wp\/v2\/types\/product"}],"replies":[{"embeddable":true,"href":"https:\/\/nextsnkr.com\/lt\/wp-json\/wp\/v2\/comments?post=754071"}],"version-history":[{"count":0,"href":"https:\/\/nextsnkr.com\/lt\/wp-json\/wp\/v2\/product\/754071\/revisions"}],"wp:featuredmedia":[{"embeddable":true,"href":"https:\/\/nextsnkr.com\/lt\/wp-json\/wp\/v2\/media\/754072"}],"wp:attachment":[{"href":"https:\/\/nextsnkr.com\/lt\/wp-json\/wp\/v2\/media?parent=754071"}],"wp:term":[{"taxonomy":"product_brand","embeddable":true,"href":"https:\/\/nextsnkr.com\/lt\/wp-json\/wp\/v2\/product_brand?post=754071"},{"taxonomy":"product_cat","embeddable":true,"href":"https:\/\/nextsnkr.com\/lt\/wp-json\/wp\/v2\/product_cat?post=754071"},{"taxonomy":"product_tag","embeddable":true,"href":"https:\/\/nextsnkr.com\/lt\/wp-json\/wp\/v2\/product_tag?post=754071"}],"curies":[{"name":"wp","href":"https:\/\/api.w.org\/{rel}","templated":true}]}}