{"id":753897,"date":"2025-06-13T12:32:03","date_gmt":"2025-06-13T09:32:03","guid":{"rendered":"https:\/\/nextsnkr.com\/product\/chanel-dad-sandals-beige-premium\/"},"modified":"2026-02-01T20:39:55","modified_gmt":"2026-02-01T17:39:55","slug":"chanel-dad-sandals-beige-premium","status":"publish","type":"product","link":"https:\/\/nextsnkr.com\/lt\/produktas\/chanel-dad-sandals-beige-premium\/","title":{"rendered":"Chanel &#8221; Dad &#8222;Sandalai&#8221; Sandals Beige Premium &#8221; &#8211; stilingi moteri\u0161ki sandalai"},"content":{"rendered":"<h2>Chanel &#8221; Dad &#8222;Sandalai&#8221; Sandals Beige Premium &#8221; &#8211; stilingi moteri\u0161ki sandalai<\/h2>\n<p>&#8222;Chanel &#8222;&#8221; Dad &#8222;&#8221;Sandals Beige Premium&#8221; &#8211; tai madingo dizaino ir kasdienio komforto derinys. Pagaminti i\u0161 tvirtos gumos, jie pasi\u017eymi lengvumu, atsparumu dilimui ir patogumu vaik\u0161\u010dioti. Sm\u0117lio spalva prideda rafinuotum\u0105 ir lengvai derinama su bet kokiu vasaros b\u016bdu. Stilingi ir prakti\u0161ki &#8222;Chanel&#8221; sandalai bus puikus pasirinkimas miestui, poilsiui ir kelion\u0117ms.<\/p>\n","protected":false},"excerpt":{"rendered":"<p>&#8222;Chanel &#8222;&#8221; Dad &#8222;&#8221;Sandals Beige Premium&#8221; &#8211; tai madingo dizaino ir kasdienio komforto derinys. Pagaminti i\u0161 tvirtos gumos, jie pasi\u017eymi lengvumu, atsparumu dilimui ir patogumu vaik\u0161\u010dioti. Sm\u0117lio spalva prideda rafinuotum\u0105 ir lengvai derinama su bet kokiu vasaros b\u016bdu. Stilingi ir prakti\u0161ki &#8222;Chanel&#8221; sandalai bus puikus pasirinkimas miestui, poilsiui ir kelion\u0117ms.<\/p>\n","protected":false},"featured_media":753898,"comment_status":"open","ping_status":"open","template":"","meta":[],"product_brand":[],"product_cat":[3264,3452],"product_tag":[],"class_list":{"0":"post-753897","1":"product","2":"type-product","3":"status-publish","4":"has-post-thumbnail","6":"product_cat-all-product","7":"product_cat-sandali","8":"pa_rozmir-910","9":"pa_rozmir-912","10":"pa_rozmir-914","11":"pa_rozmir-915","12":"pa_rozmir-916","13":"pa_rozmir-917","14":"pa_rozmir-918","15":"pa_rozmir-919","16":"pa_rozmir-920","17":"pa_rozmir-921","18":"pa_rozmir-922","20":"first","21":"instock","22":"purchasable","23":"product-type-variable"},"_links":{"self":[{"href":"https:\/\/nextsnkr.com\/lt\/wp-json\/wp\/v2\/product\/753897","targetHints":{"allow":["GET"]}}],"collection":[{"href":"https:\/\/nextsnkr.com\/lt\/wp-json\/wp\/v2\/product"}],"about":[{"href":"https:\/\/nextsnkr.com\/lt\/wp-json\/wp\/v2\/types\/product"}],"replies":[{"embeddable":true,"href":"https:\/\/nextsnkr.com\/lt\/wp-json\/wp\/v2\/comments?post=753897"}],"version-history":[{"count":0,"href":"https:\/\/nextsnkr.com\/lt\/wp-json\/wp\/v2\/product\/753897\/revisions"}],"wp:featuredmedia":[{"embeddable":true,"href":"https:\/\/nextsnkr.com\/lt\/wp-json\/wp\/v2\/media\/753898"}],"wp:attachment":[{"href":"https:\/\/nextsnkr.com\/lt\/wp-json\/wp\/v2\/media?parent=753897"}],"wp:term":[{"taxonomy":"product_brand","embeddable":true,"href":"https:\/\/nextsnkr.com\/lt\/wp-json\/wp\/v2\/product_brand?post=753897"},{"taxonomy":"product_cat","embeddable":true,"href":"https:\/\/nextsnkr.com\/lt\/wp-json\/wp\/v2\/product_cat?post=753897"},{"taxonomy":"product_tag","embeddable":true,"href":"https:\/\/nextsnkr.com\/lt\/wp-json\/wp\/v2\/product_tag?post=753897"}],"curies":[{"name":"wp","href":"https:\/\/api.w.org\/{rel}","templated":true}]}}