{"id":753382,"date":"2025-06-13T12:33:12","date_gmt":"2025-06-13T09:33:12","guid":{"rendered":"https:\/\/nextsnkr.com\/product\/lace-up-boots-black-mekh\/"},"modified":"2026-02-01T20:39:41","modified_gmt":"2026-02-01T17:39:41","slug":"lace-up-boots-black-mekh","status":"publish","type":"product","link":"https:\/\/nextsnkr.com\/lt\/produktas\/lace-up-boots-black-mekh\/","title":{"rendered":"Batai Lace-up Boots Black su kailiu-odiniai \u017eieminiai batai"},"content":{"rendered":"<h2>Batai Lace-up Boots Black su kailiu-odiniai \u017eieminiai batai<\/h2>\n<p>Batai &#8222;Lace-up boots Black&#8221; &#8211; stilingi ir \u0161ilti \u017eieminiai batai, pagaminti i\u0161 auk\u0161tos kokyb\u0117s odos ir ap\u0161iltinti mink\u0161tu vilnos. Modelis su Lace-up u\u017etikrina patikim\u0105 nusileidim\u0105 ir komfort\u0105 \u0161altuoju met\u0173 laiku. Pagaminti Kinijoje, \u0161ie batai derina prakti\u0161kum\u0105, patvarum\u0105 ir modern\u0173 dizain\u0105. Idealus pasirinkimas tiems, kurie ie\u0161ko \u0161ilt\u0173 ir universali\u0173 \u017eiemini\u0173 bat\u0173 kasdieniam d\u0117v\u0117jimui.<\/p>\n","protected":false},"excerpt":{"rendered":"<p>Batai &#8222;Lace-up boots Black&#8221; &#8211; stilingi ir \u0161ilti \u017eieminiai batai, pagaminti i\u0161 auk\u0161tos kokyb\u0117s odos ir ap\u0161iltinti mink\u0161tu vilnos. Modelis su Lace-up u\u017etikrina patikim\u0105 nusileidim\u0105 ir komfort\u0105 \u0161altuoju met\u0173 laiku. Pagaminti Kinijoje, \u0161ie batai derina prakti\u0161kum\u0105, patvarum\u0105 ir modern\u0173 dizain\u0105. Idealus pasirinkimas tiems, kurie ie\u0161ko \u0161ilt\u0173 ir universali\u0173 \u017eiemini\u0173 bat\u0173 kasdieniam d\u0117v\u0117jimui.<\/p>\n","protected":false},"featured_media":753383,"comment_status":"open","ping_status":"open","template":"","meta":[],"product_brand":[],"product_cat":[3264,3336],"product_tag":[],"class_list":{"0":"post-753382","1":"product","2":"type-product","3":"status-publish","4":"has-post-thumbnail","6":"product_cat-all-product","7":"product_cat-cherevyky","8":"pa_rozmir-910","9":"pa_rozmir-912","10":"pa_rozmir-914","11":"pa_rozmir-915","12":"pa_rozmir-916","13":"pa_rozmir-917","14":"pa_rozmir-918","15":"pa_rozmir-919","16":"pa_rozmir-920","17":"pa_rozmir-921","18":"pa_rozmir-922","20":"first","21":"instock","22":"purchasable","23":"product-type-variable"},"_links":{"self":[{"href":"https:\/\/nextsnkr.com\/lt\/wp-json\/wp\/v2\/product\/753382","targetHints":{"allow":["GET"]}}],"collection":[{"href":"https:\/\/nextsnkr.com\/lt\/wp-json\/wp\/v2\/product"}],"about":[{"href":"https:\/\/nextsnkr.com\/lt\/wp-json\/wp\/v2\/types\/product"}],"replies":[{"embeddable":true,"href":"https:\/\/nextsnkr.com\/lt\/wp-json\/wp\/v2\/comments?post=753382"}],"version-history":[{"count":0,"href":"https:\/\/nextsnkr.com\/lt\/wp-json\/wp\/v2\/product\/753382\/revisions"}],"wp:featuredmedia":[{"embeddable":true,"href":"https:\/\/nextsnkr.com\/lt\/wp-json\/wp\/v2\/media\/753383"}],"wp:attachment":[{"href":"https:\/\/nextsnkr.com\/lt\/wp-json\/wp\/v2\/media?parent=753382"}],"wp:term":[{"taxonomy":"product_brand","embeddable":true,"href":"https:\/\/nextsnkr.com\/lt\/wp-json\/wp\/v2\/product_brand?post=753382"},{"taxonomy":"product_cat","embeddable":true,"href":"https:\/\/nextsnkr.com\/lt\/wp-json\/wp\/v2\/product_cat?post=753382"},{"taxonomy":"product_tag","embeddable":true,"href":"https:\/\/nextsnkr.com\/lt\/wp-json\/wp\/v2\/product_tag?post=753382"}],"curies":[{"name":"wp","href":"https:\/\/api.w.org\/{rel}","templated":true}]}}