{"id":750847,"date":"2025-06-13T12:39:30","date_gmt":"2025-06-13T09:39:30","guid":{"rendered":"https:\/\/nextsnkr.com\/product\/ugg-classic-mini-ii-boot-shade\/"},"modified":"2026-02-01T20:38:19","modified_gmt":"2026-02-01T17:38:19","slug":"ugg-classic-mini-ii-boot-shade","status":"publish","type":"product","link":"https:\/\/nextsnkr.com\/lt\/produktas\/ugg-classic-mini-ii-boot-shade\/","title":{"rendered":"UGG Classic Mini II Boot Shade-Moteri\u0161ki zom\u0161iniai Uggai su avikailiu"},"content":{"rendered":"<h2>UGG Classic Mini II Boot Shade-Moteri\u0161ki zom\u0161iniai Uggai su avikailiu<\/h2>\n<p>UGG Classic Mini II Boot Shade-stilingos ir \u0161iltos moteri\u0161kos uggos, pagamintos i\u0161 mink\u0161to zom\u0161os ir nat\u016bralios avikailio. Jie u\u017etikrina puiki\u0105 termoizoliacij\u0105, komfort\u0105 ir lengvum\u0105 kasdienio d\u0117v\u0117jimo metu. D\u0117l klasikinio dizaino modelis lengvai derinamas su bet kuriuo \u017eiemos b\u016bdu. Gamyba Australijoje garantuoja tikr\u0105j\u0105 kokyb\u0119 ir ilgaam\u017ei\u0161kum\u0105. Pasirinkite UGG Classic Mini II, kad \u017eiem\u0105 gautum\u0117te \u0161ilum\u0105, mink\u0161tum\u0105 ir auk\u0161\u010diausios kokyb\u0117s komfort\u0105.<\/p>\n","protected":false},"excerpt":{"rendered":"<p>UGG Classic Mini II Boot Shade-stilingos ir \u0161iltos moteri\u0161kos uggos, pagamintos i\u0161 mink\u0161to zom\u0161os ir nat\u016bralios avikailio. Jie u\u017etikrina puiki\u0105 termoizoliacij\u0105, komfort\u0105 ir lengvum\u0105 kasdienio d\u0117v\u0117jimo metu. D\u0117l klasikinio dizaino modelis lengvai derinamas su bet kuriuo \u017eiemos b\u016bdu. Gamyba Australijoje garantuoja tikr\u0105j\u0105 kokyb\u0119 ir ilgaam\u017ei\u0161kum\u0105. Pasirinkite UGG Classic Mini II, kad \u017eiem\u0105 gautum\u0117te \u0161ilum\u0105, mink\u0161tum\u0105 ir auk\u0161\u010diausios kokyb\u0117s komfort\u0105.<\/p>\n","protected":false},"featured_media":750848,"comment_status":"open","ping_status":"open","template":"","meta":[],"product_brand":[],"product_cat":[3412,3264],"product_tag":[],"class_list":{"0":"post-750847","1":"product","2":"type-product","3":"status-publish","4":"has-post-thumbnail","6":"product_cat-ugg","7":"product_cat-all-product","8":"pa_rozmir-910","9":"pa_rozmir-912","10":"pa_rozmir-914","11":"pa_rozmir-915","12":"pa_rozmir-916","13":"pa_rozmir-917","14":"pa_rozmir-918","15":"pa_rozmir-919","16":"pa_rozmir-920","17":"pa_rozmir-921","18":"pa_rozmir-922","20":"first","21":"instock","22":"purchasable","23":"product-type-variable"},"_links":{"self":[{"href":"https:\/\/nextsnkr.com\/lt\/wp-json\/wp\/v2\/product\/750847","targetHints":{"allow":["GET"]}}],"collection":[{"href":"https:\/\/nextsnkr.com\/lt\/wp-json\/wp\/v2\/product"}],"about":[{"href":"https:\/\/nextsnkr.com\/lt\/wp-json\/wp\/v2\/types\/product"}],"replies":[{"embeddable":true,"href":"https:\/\/nextsnkr.com\/lt\/wp-json\/wp\/v2\/comments?post=750847"}],"version-history":[{"count":0,"href":"https:\/\/nextsnkr.com\/lt\/wp-json\/wp\/v2\/product\/750847\/revisions"}],"wp:featuredmedia":[{"embeddable":true,"href":"https:\/\/nextsnkr.com\/lt\/wp-json\/wp\/v2\/media\/750848"}],"wp:attachment":[{"href":"https:\/\/nextsnkr.com\/lt\/wp-json\/wp\/v2\/media?parent=750847"}],"wp:term":[{"taxonomy":"product_brand","embeddable":true,"href":"https:\/\/nextsnkr.com\/lt\/wp-json\/wp\/v2\/product_brand?post=750847"},{"taxonomy":"product_cat","embeddable":true,"href":"https:\/\/nextsnkr.com\/lt\/wp-json\/wp\/v2\/product_cat?post=750847"},{"taxonomy":"product_tag","embeddable":true,"href":"https:\/\/nextsnkr.com\/lt\/wp-json\/wp\/v2\/product_tag?post=750847"}],"curies":[{"name":"wp","href":"https:\/\/api.w.org\/{rel}","templated":true}]}}