{"id":750340,"date":"2025-06-13T12:40:52","date_gmt":"2025-06-13T09:40:52","guid":{"rendered":"https:\/\/nextsnkr.com\/product\/mini-bailey-button-black-rasprodazha\/"},"modified":"2026-02-01T20:38:06","modified_gmt":"2026-02-01T17:38:06","slug":"mini-bailey-button-black-rasprodazha","status":"publish","type":"product","link":"https:\/\/nextsnkr.com\/lt\/produktas\/mini-bailey-button-black-rasprodazha\/","title":{"rendered":"UGG Mini Bailey button Black-Moteri\u0161ki zom\u0161iniai avi\u017einiai dribsniai"},"content":{"rendered":"<h2>UGG Mini Bailey button Black-Moteri\u0161ki zom\u0161iniai avi\u017einiai dribsniai<\/h2>\n<p>UGG Mini Bailey button Black-stilingos moteri\u0161kos uggs, pagamintos i\u0161 mink\u0161to zom\u0161os ir nat\u016bralaus avikailio, kuris \u0161altuoju met\u0173 laiku suteikia \u0161ilum\u0105 ir komfort\u0105. Lengvas padas suteikia mink\u0161t\u0105 p\u0117s\u010diomis, o firminis mygtuko u\u017esegimas prideda originalumo ir patogumo bat\u0173 metu. Pagaminti Australijoje, \u0161ie UGG jungia auk\u0161\u010diausios kokyb\u0117s med\u017eiagas, kokyb\u0119 ir klasikin\u012f UGG prek\u0117s \u017eenklo dizain\u0105. Idealus pasirinkimas kasdieniniam \u017eiemos stiliui.<\/p>\n","protected":false},"excerpt":{"rendered":"<p>UGG Mini Bailey button Black-stilingos moteri\u0161kos uggs, pagamintos i\u0161 mink\u0161to zom\u0161os ir nat\u016bralaus avikailio, kuris \u0161altuoju met\u0173 laiku suteikia \u0161ilum\u0105 ir komfort\u0105. Lengvas padas suteikia mink\u0161t\u0105 p\u0117s\u010diomis, o firminis mygtuko u\u017esegimas prideda originalumo ir patogumo bat\u0173 metu. Pagaminti Australijoje, \u0161ie UGG jungia auk\u0161\u010diausios kokyb\u0117s med\u017eiagas, kokyb\u0119 ir klasikin\u012f UGG prek\u0117s \u017eenklo dizain\u0105. Idealus pasirinkimas kasdieniniam \u017eiemos stiliui.<\/p>\n","protected":false},"featured_media":750341,"comment_status":"open","ping_status":"open","template":"","meta":[],"product_brand":[],"product_cat":[3412,3264],"product_tag":[],"class_list":{"0":"post-750340","1":"product","2":"type-product","3":"status-publish","4":"has-post-thumbnail","6":"product_cat-ugg","7":"product_cat-all-product","8":"pa_rozmir-910","9":"pa_rozmir-912","10":"pa_rozmir-914","11":"pa_rozmir-915","12":"pa_rozmir-916","13":"pa_rozmir-917","14":"pa_rozmir-918","15":"pa_rozmir-919","16":"pa_rozmir-920","17":"pa_rozmir-921","18":"pa_rozmir-922","20":"first","21":"instock","22":"purchasable","23":"product-type-variable"},"_links":{"self":[{"href":"https:\/\/nextsnkr.com\/lt\/wp-json\/wp\/v2\/product\/750340","targetHints":{"allow":["GET"]}}],"collection":[{"href":"https:\/\/nextsnkr.com\/lt\/wp-json\/wp\/v2\/product"}],"about":[{"href":"https:\/\/nextsnkr.com\/lt\/wp-json\/wp\/v2\/types\/product"}],"replies":[{"embeddable":true,"href":"https:\/\/nextsnkr.com\/lt\/wp-json\/wp\/v2\/comments?post=750340"}],"version-history":[{"count":0,"href":"https:\/\/nextsnkr.com\/lt\/wp-json\/wp\/v2\/product\/750340\/revisions"}],"wp:featuredmedia":[{"embeddable":true,"href":"https:\/\/nextsnkr.com\/lt\/wp-json\/wp\/v2\/media\/750341"}],"wp:attachment":[{"href":"https:\/\/nextsnkr.com\/lt\/wp-json\/wp\/v2\/media?parent=750340"}],"wp:term":[{"taxonomy":"product_brand","embeddable":true,"href":"https:\/\/nextsnkr.com\/lt\/wp-json\/wp\/v2\/product_brand?post=750340"},{"taxonomy":"product_cat","embeddable":true,"href":"https:\/\/nextsnkr.com\/lt\/wp-json\/wp\/v2\/product_cat?post=750340"},{"taxonomy":"product_tag","embeddable":true,"href":"https:\/\/nextsnkr.com\/lt\/wp-json\/wp\/v2\/product_tag?post=750340"}],"curies":[{"name":"wp","href":"https:\/\/api.w.org\/{rel}","templated":true}]}}