{"id":749495,"date":"2025-06-14T15:57:05","date_gmt":"2025-06-14T12:57:05","guid":{"rendered":"https:\/\/nextsnkr.com\/product\/dior-sandals-white\/"},"modified":"2026-02-01T20:37:42","modified_gmt":"2026-02-01T17:37:42","slug":"dior-sandals-white","status":"publish","type":"product","link":"https:\/\/nextsnkr.com\/lt\/produktas\/dior-sandals-white\/","title":{"rendered":"&#8222;Dior sandals White&#8221; sandalai i\u0161 tekstil\u0117s &#8211; stilingi ir patog\u016bs"},"content":{"rendered":"<h2>&#8222;Dior sandals White&#8221; sandalai i\u0161 tekstil\u0117s &#8211; stilingi ir patog\u016bs<\/h2>\n<p>&#8222;Dior Sandals White&#8221; &#8211; lengvi ir eleganti\u0161ki moteri\u0161ki tekstil\u0117s sandalai, sukurti komfortui ir stilingam i\u0161vaizdai. Modelis pasi\u017eymi gerai apgalvotu dizainu, kuris kasdien d\u0117vi patogum\u0105, o \u0161viesios spalvos daro j\u012f universaliu vasaros vaizdams. Pagaminta Kinijoje, &#8222;Dior&#8221; sandalai derina modern\u0173 dizain\u0105, auk\u0161\u010diausios kokyb\u0117s med\u017eiagas ir ilgaam\u017ei\u0161kum\u0105. Idealus pasirinkimas tiems, kurie vertina komfort\u0105, estetik\u0105 ir prek\u0117s \u017eenkl\u0105 Dior.<\/p>\n","protected":false},"excerpt":{"rendered":"<p>&#8222;Dior Sandals White&#8221; &#8211; lengvi ir eleganti\u0161ki moteri\u0161ki tekstil\u0117s sandalai, sukurti komfortui ir stilingam i\u0161vaizdai. Modelis pasi\u017eymi gerai apgalvotu dizainu, kuris kasdien d\u0117vi patogum\u0105, o \u0161viesios spalvos daro j\u012f universaliu vasaros vaizdams. Pagaminta Kinijoje, &#8222;Dior&#8221; sandalai derina modern\u0173 dizain\u0105, auk\u0161\u010diausios kokyb\u0117s med\u017eiagas ir ilgaam\u017ei\u0161kum\u0105. Idealus pasirinkimas tiems, kurie vertina komfort\u0105, estetik\u0105 ir prek\u0117s \u017eenkl\u0105 Dior.<\/p>\n","protected":false},"featured_media":749496,"comment_status":"open","ping_status":"open","template":"","meta":[],"product_brand":[],"product_cat":[3264,3452],"product_tag":[],"class_list":{"0":"post-749495","1":"product","2":"type-product","3":"status-publish","4":"has-post-thumbnail","6":"product_cat-all-product","7":"product_cat-sandali","8":"pa_rozmir-910","9":"pa_rozmir-912","10":"pa_rozmir-914","11":"pa_rozmir-915","12":"pa_rozmir-916","13":"pa_rozmir-917","14":"pa_rozmir-918","15":"pa_rozmir-919","16":"pa_rozmir-920","17":"pa_rozmir-921","18":"pa_rozmir-922","20":"first","21":"onbackorder","22":"purchasable","23":"product-type-variable"},"_links":{"self":[{"href":"https:\/\/nextsnkr.com\/lt\/wp-json\/wp\/v2\/product\/749495","targetHints":{"allow":["GET"]}}],"collection":[{"href":"https:\/\/nextsnkr.com\/lt\/wp-json\/wp\/v2\/product"}],"about":[{"href":"https:\/\/nextsnkr.com\/lt\/wp-json\/wp\/v2\/types\/product"}],"replies":[{"embeddable":true,"href":"https:\/\/nextsnkr.com\/lt\/wp-json\/wp\/v2\/comments?post=749495"}],"version-history":[{"count":0,"href":"https:\/\/nextsnkr.com\/lt\/wp-json\/wp\/v2\/product\/749495\/revisions"}],"wp:featuredmedia":[{"embeddable":true,"href":"https:\/\/nextsnkr.com\/lt\/wp-json\/wp\/v2\/media\/749496"}],"wp:attachment":[{"href":"https:\/\/nextsnkr.com\/lt\/wp-json\/wp\/v2\/media?parent=749495"}],"wp:term":[{"taxonomy":"product_brand","embeddable":true,"href":"https:\/\/nextsnkr.com\/lt\/wp-json\/wp\/v2\/product_brand?post=749495"},{"taxonomy":"product_cat","embeddable":true,"href":"https:\/\/nextsnkr.com\/lt\/wp-json\/wp\/v2\/product_cat?post=749495"},{"taxonomy":"product_tag","embeddable":true,"href":"https:\/\/nextsnkr.com\/lt\/wp-json\/wp\/v2\/product_tag?post=749495"}],"curies":[{"name":"wp","href":"https:\/\/api.w.org\/{rel}","templated":true}]}}