{"id":748988,"date":"2025-06-14T15:58:41","date_gmt":"2025-06-14T12:58:41","guid":{"rendered":"https:\/\/nextsnkr.com\/product\/miu-womens-miu-crochet-knit-slides-black\/"},"modified":"2026-02-01T20:37:29","modified_gmt":"2026-02-01T17:37:29","slug":"miu-womens-miu-crochet-knit-slides-black","status":"publish","type":"product","link":"https:\/\/nextsnkr.com\/lt\/produktas\/miu-womens-miu-crochet-knit-slides-black\/","title":{"rendered":"\u0160lepet\u0117s Miu Women &#8216; s Miu Crochet Knit slides Black-stilingi tekstil\u0117s skal\u016bnai"},"content":{"rendered":"<h2>\u0160lepet\u0117s Miu Women &#8216; s Miu Crochet Knit slides Black-stilingi tekstil\u0117s skal\u016bnai<\/h2>\n<p>\u0160lepet\u0117s Miu Women &#8216; s Miu Crochet Knit slides Black pagamintos i\u0161 mink\u0161tos tekstil\u0117s, derinant komfort\u0105 ir mading\u0105 dizain\u0105. Juoda spalva daro juos universaliais ir lengvai derinama su bet kokiu nam\u0173 ar kasdieniu b\u016bdu. Lengva ir kv\u0117puojanti strukt\u016bra u\u017etikrina patogi\u0105 kojin\u0119 vis\u0105 dien\u0105. Pasirinkite &#8222;Miu Women&#8217; s Miu Crochet Knit slides Black &#8221; stilingam akcentui ir maksimaliam komfortui namuose ir atostogose.<\/p>\n","protected":false},"excerpt":{"rendered":"<p>\u0160lepet\u0117s Miu Women &#8216; s Miu Crochet Knit slides Black pagamintos i\u0161 mink\u0161tos tekstil\u0117s, derinant komfort\u0105 ir mading\u0105 dizain\u0105. Juoda spalva daro juos universaliais ir lengvai derinama su bet kokiu nam\u0173 ar kasdieniu b\u016bdu. Lengva ir kv\u0117puojanti strukt\u016bra u\u017etikrina patogi\u0105 kojin\u0119 vis\u0105 dien\u0105. Pasirinkite &#8222;Miu Women&#8217; s Miu Crochet Knit slides Black &#8221; stilingam akcentui ir maksimaliam komfortui namuose ir atostogose.<\/p>\n","protected":false},"featured_media":748989,"comment_status":"open","ping_status":"open","template":"","meta":[],"product_brand":[],"product_cat":[3264,3425],"product_tag":[],"class_list":{"0":"post-748988","1":"product","2":"type-product","3":"status-publish","4":"has-post-thumbnail","6":"product_cat-all-product","7":"product_cat-shlopantsi","8":"pa_rozmir-910","9":"pa_rozmir-912","10":"pa_rozmir-914","11":"pa_rozmir-915","12":"pa_rozmir-916","13":"pa_rozmir-917","14":"pa_rozmir-918","15":"pa_rozmir-919","16":"pa_rozmir-920","17":"pa_rozmir-921","18":"pa_rozmir-922","20":"first","21":"instock","22":"purchasable","23":"product-type-variable"},"_links":{"self":[{"href":"https:\/\/nextsnkr.com\/lt\/wp-json\/wp\/v2\/product\/748988","targetHints":{"allow":["GET"]}}],"collection":[{"href":"https:\/\/nextsnkr.com\/lt\/wp-json\/wp\/v2\/product"}],"about":[{"href":"https:\/\/nextsnkr.com\/lt\/wp-json\/wp\/v2\/types\/product"}],"replies":[{"embeddable":true,"href":"https:\/\/nextsnkr.com\/lt\/wp-json\/wp\/v2\/comments?post=748988"}],"version-history":[{"count":0,"href":"https:\/\/nextsnkr.com\/lt\/wp-json\/wp\/v2\/product\/748988\/revisions"}],"wp:featuredmedia":[{"embeddable":true,"href":"https:\/\/nextsnkr.com\/lt\/wp-json\/wp\/v2\/media\/748989"}],"wp:attachment":[{"href":"https:\/\/nextsnkr.com\/lt\/wp-json\/wp\/v2\/media?parent=748988"}],"wp:term":[{"taxonomy":"product_brand","embeddable":true,"href":"https:\/\/nextsnkr.com\/lt\/wp-json\/wp\/v2\/product_brand?post=748988"},{"taxonomy":"product_cat","embeddable":true,"href":"https:\/\/nextsnkr.com\/lt\/wp-json\/wp\/v2\/product_cat?post=748988"},{"taxonomy":"product_tag","embeddable":true,"href":"https:\/\/nextsnkr.com\/lt\/wp-json\/wp\/v2\/product_tag?post=748988"}],"curies":[{"name":"wp","href":"https:\/\/api.w.org\/{rel}","templated":true}]}}