{"id":745590,"date":"2025-06-14T16:13:10","date_gmt":"2025-06-14T13:13:10","guid":{"rendered":"https:\/\/nextsnkr.com\/product\/balenciaga-3xl-black-white\/"},"modified":"2026-02-01T20:35:53","modified_gmt":"2026-02-01T17:35:53","slug":"balenciaga-3xl-black-white","status":"publish","type":"product","link":"https:\/\/nextsnkr.com\/lt\/produktas\/balenciaga-3xl-black-white\/","title":{"rendered":"Balenciaga 3XL Black \/ White sportba\u010diai i\u0161 odos ir tekstil\u0117s"},"content":{"rendered":"<h2>Balenciaga 3XL Black \/ White sportba\u010diai i\u0161 odos ir tekstil\u0117s<\/h2>\n<p>Balenciaga 3XL Black \/ White-stilingi ir modern\u016bs sportba\u010diai, odos ir tekstil\u0117s derinys u\u017etikrina tvirtum\u0105, komfort\u0105 ir puiki\u0105 ventiliacij\u0105. Modelis pasi\u017eymi masyviu dizainu su kontrastingais juodais ir baltais elementais, kurie prideda unikalumo ir tendencijos vaizd\u0105. Pagaminta Kinijoje, &#8222;Balenciaga&#8221; sportba\u010diai Idealiai tinka kasdieniam d\u0117v\u0117jimui ir aktyviam miesto stiliui, derinant auk\u0161\u010diausios kokyb\u0117s ir \u0161iuolaiki\u0161k\u0105 i\u0161vaizd\u0105.<\/p>\n","protected":false},"excerpt":{"rendered":"<p>Balenciaga 3XL Black \/ White-stilingi ir modern\u016bs sportba\u010diai, odos ir tekstil\u0117s derinys u\u017etikrina tvirtum\u0105, komfort\u0105 ir puiki\u0105 ventiliacij\u0105. Modelis pasi\u017eymi masyviu dizainu su kontrastingais juodais ir baltais elementais, kurie prideda unikalumo ir tendencijos vaizd\u0105. Pagaminta Kinijoje, &#8222;Balenciaga&#8221; sportba\u010diai Idealiai tinka kasdieniam d\u0117v\u0117jimui ir aktyviam miesto stiliui, derinant auk\u0161\u010diausios kokyb\u0117s ir \u0161iuolaiki\u0161k\u0105 i\u0161vaizd\u0105.<\/p>\n","protected":false},"featured_media":745591,"comment_status":"open","ping_status":"open","template":"","meta":[],"product_brand":[],"product_cat":[3264,3265],"product_tag":[],"class_list":{"0":"post-745590","1":"product","2":"type-product","3":"status-publish","4":"has-post-thumbnail","6":"product_cat-all-product","7":"product_cat-krosivky","8":"pa_rozmir-910","9":"pa_rozmir-912","10":"pa_rozmir-914","11":"pa_rozmir-915","12":"pa_rozmir-916","13":"pa_rozmir-917","14":"pa_rozmir-918","15":"pa_rozmir-919","16":"pa_rozmir-920","17":"pa_rozmir-921","18":"pa_rozmir-922","20":"first","21":"onbackorder","22":"purchasable","23":"product-type-variable"},"_links":{"self":[{"href":"https:\/\/nextsnkr.com\/lt\/wp-json\/wp\/v2\/product\/745590","targetHints":{"allow":["GET"]}}],"collection":[{"href":"https:\/\/nextsnkr.com\/lt\/wp-json\/wp\/v2\/product"}],"about":[{"href":"https:\/\/nextsnkr.com\/lt\/wp-json\/wp\/v2\/types\/product"}],"replies":[{"embeddable":true,"href":"https:\/\/nextsnkr.com\/lt\/wp-json\/wp\/v2\/comments?post=745590"}],"version-history":[{"count":0,"href":"https:\/\/nextsnkr.com\/lt\/wp-json\/wp\/v2\/product\/745590\/revisions"}],"wp:featuredmedia":[{"embeddable":true,"href":"https:\/\/nextsnkr.com\/lt\/wp-json\/wp\/v2\/media\/745591"}],"wp:attachment":[{"href":"https:\/\/nextsnkr.com\/lt\/wp-json\/wp\/v2\/media?parent=745590"}],"wp:term":[{"taxonomy":"product_brand","embeddable":true,"href":"https:\/\/nextsnkr.com\/lt\/wp-json\/wp\/v2\/product_brand?post=745590"},{"taxonomy":"product_cat","embeddable":true,"href":"https:\/\/nextsnkr.com\/lt\/wp-json\/wp\/v2\/product_cat?post=745590"},{"taxonomy":"product_tag","embeddable":true,"href":"https:\/\/nextsnkr.com\/lt\/wp-json\/wp\/v2\/product_tag?post=745590"}],"curies":[{"name":"wp","href":"https:\/\/api.w.org\/{rel}","templated":true}]}}