{"id":742132,"date":"2025-06-14T16:24:53","date_gmt":"2025-06-14T13:24:53","guid":{"rendered":"https:\/\/nextsnkr.com\/product\/ugg-classic-ultra-mini-platform-xl-khaki\/"},"modified":"2026-02-01T20:34:11","modified_gmt":"2026-02-01T17:34:11","slug":"ugg-classic-ultra-mini-platform-xl-khaki","status":"publish","type":"product","link":"https:\/\/nextsnkr.com\/lt\/produktas\/ugg-classic-ultra-mini-platform-xl-khaki\/","title":{"rendered":"Batai Ugg Classic Ultra Mini Platform XL Khaki-zom\u0161iniai su kailiu"},"content":{"rendered":"<h2>Batai Ugg Classic Ultra Mini Platform XL Khaki-zom\u0161iniai su kailiu<\/h2>\n<p>Ugg Klasikiniai Ultra Mini Platform XL Khaki batai yra pagaminti i\u0161 auk\u0161tos kokyb\u0117s zom\u0161os ir mink\u0161to kailio, kuris suteikia \u0161ilum\u0105, komfort\u0105 ir stiling\u0105 i\u0161vaizd\u0105. Platforma prideda \u0161iuolaiki\u0161k\u0105 akcent\u0105, o universali chaki spalva daro model\u012f lengv\u0105 kartu su bet kokia drabu\u017ei\u0173 spinta. Idealiai tinka d\u0117v\u0117ti kasdien \u0161altuoju met\u0173 laiku, \u0161ie batai gaminami Vietname ir derina prakti\u0161kum\u0105, ilgaam\u017ei\u0161kum\u0105 ir auk\u0161\u010diausios kokyb\u0117s dizain\u0105.<\/p>\n","protected":false},"excerpt":{"rendered":"<p>Ugg Klasikiniai Ultra Mini Platform XL Khaki batai yra pagaminti i\u0161 auk\u0161tos kokyb\u0117s zom\u0161os ir mink\u0161to kailio, kuris suteikia \u0161ilum\u0105, komfort\u0105 ir stiling\u0105 i\u0161vaizd\u0105. Platforma prideda \u0161iuolaiki\u0161k\u0105 akcent\u0105, o universali chaki spalva daro model\u012f lengv\u0105 kartu su bet kokia drabu\u017ei\u0173 spinta. Idealiai tinka d\u0117v\u0117ti kasdien \u0161altuoju met\u0173 laiku, \u0161ie batai gaminami Vietname ir derina prakti\u0161kum\u0105, ilgaam\u017ei\u0161kum\u0105 ir auk\u0161\u010diausios kokyb\u0117s dizain\u0105.<\/p>\n","protected":false},"featured_media":742133,"comment_status":"open","ping_status":"open","template":"","meta":[],"product_brand":[],"product_cat":[3412,3264],"product_tag":[],"class_list":{"0":"post-742132","1":"product","2":"type-product","3":"status-publish","4":"has-post-thumbnail","6":"product_cat-ugg","7":"product_cat-all-product","8":"pa_rozmir-910","9":"pa_rozmir-912","10":"pa_rozmir-914","11":"pa_rozmir-915","12":"pa_rozmir-916","13":"pa_rozmir-917","14":"pa_rozmir-918","15":"pa_rozmir-919","16":"pa_rozmir-920","17":"pa_rozmir-921","18":"pa_rozmir-922","20":"first","21":"onbackorder","22":"purchasable","23":"product-type-variable"},"_links":{"self":[{"href":"https:\/\/nextsnkr.com\/lt\/wp-json\/wp\/v2\/product\/742132","targetHints":{"allow":["GET"]}}],"collection":[{"href":"https:\/\/nextsnkr.com\/lt\/wp-json\/wp\/v2\/product"}],"about":[{"href":"https:\/\/nextsnkr.com\/lt\/wp-json\/wp\/v2\/types\/product"}],"replies":[{"embeddable":true,"href":"https:\/\/nextsnkr.com\/lt\/wp-json\/wp\/v2\/comments?post=742132"}],"version-history":[{"count":0,"href":"https:\/\/nextsnkr.com\/lt\/wp-json\/wp\/v2\/product\/742132\/revisions"}],"wp:featuredmedia":[{"embeddable":true,"href":"https:\/\/nextsnkr.com\/lt\/wp-json\/wp\/v2\/media\/742133"}],"wp:attachment":[{"href":"https:\/\/nextsnkr.com\/lt\/wp-json\/wp\/v2\/media?parent=742132"}],"wp:term":[{"taxonomy":"product_brand","embeddable":true,"href":"https:\/\/nextsnkr.com\/lt\/wp-json\/wp\/v2\/product_brand?post=742132"},{"taxonomy":"product_cat","embeddable":true,"href":"https:\/\/nextsnkr.com\/lt\/wp-json\/wp\/v2\/product_cat?post=742132"},{"taxonomy":"product_tag","embeddable":true,"href":"https:\/\/nextsnkr.com\/lt\/wp-json\/wp\/v2\/product_tag?post=742132"}],"curies":[{"name":"wp","href":"https:\/\/api.w.org\/{rel}","templated":true}]}}