{"id":741222,"date":"2025-06-14T16:28:04","date_gmt":"2025-06-14T13:28:04","guid":{"rendered":"https:\/\/nextsnkr.com\/product\/ugg-neumel-moc-boot-chestnut\/"},"modified":"2026-02-01T20:33:36","modified_gmt":"2026-02-01T17:33:36","slug":"ugg-neumel-moc-boot-chestnut","status":"publish","type":"product","link":"https:\/\/nextsnkr.com\/lt\/produktas\/ugg-neumel-moc-boot-chestnut\/","title":{"rendered":"Batai UGG Neumel Moc Boot Chestnut i\u0161 zom\u0161os ir kailio"},"content":{"rendered":"<h2>Batai UGG Neumel Moc Boot Chestnut i\u0161 zom\u0161os ir kailio<\/h2>\n<p>UGG Neumel Moc Boot Chestnut-stilingi ir \u0161ilti Vyri\u0161ki batai, pagaminti i\u0161 nat\u016bralaus zom\u0161os ir mink\u0161to kailio. Modelis u\u017etikrina komfort\u0105 ir \u0161ilum\u0105 \u0161altu oru, o apgalvotas dizainas u\u017etikrina patog\u0173 sodinim\u0105 ir ilgaam\u017ei\u0161kum\u0105. Klasikin\u0117 ruda spalva lengvai derinama su bet kokia spinta, tod\u0117l batai yra universalus pasirinkimas miesto pasivaik\u0161\u010diojimams ir aktyviam poilsiui. Pagaminta Vietname, jie sujungia auk\u0161\u010diausios kokyb\u0117s ir ugg stili\u0173.<\/p>\n","protected":false},"excerpt":{"rendered":"<p>UGG Neumel Moc Boot Chestnut-stilingi ir \u0161ilti Vyri\u0161ki batai, pagaminti i\u0161 nat\u016bralaus zom\u0161os ir mink\u0161to kailio. Modelis u\u017etikrina komfort\u0105 ir \u0161ilum\u0105 \u0161altu oru, o apgalvotas dizainas u\u017etikrina patog\u0173 sodinim\u0105 ir ilgaam\u017ei\u0161kum\u0105. Klasikin\u0117 ruda spalva lengvai derinama su bet kokia spinta, tod\u0117l batai yra universalus pasirinkimas miesto pasivaik\u0161\u010diojimams ir aktyviam poilsiui. Pagaminta Vietname, jie sujungia auk\u0161\u010diausios kokyb\u0117s ir ugg stili\u0173.<\/p>\n","protected":false},"featured_media":741223,"comment_status":"open","ping_status":"open","template":"","meta":[],"product_brand":[],"product_cat":[3412,3264],"product_tag":[],"class_list":{"0":"post-741222","1":"product","2":"type-product","3":"status-publish","4":"has-post-thumbnail","6":"product_cat-ugg","7":"product_cat-all-product","8":"pa_rozmir-910","9":"pa_rozmir-912","10":"pa_rozmir-914","11":"pa_rozmir-915","12":"pa_rozmir-916","13":"pa_rozmir-917","14":"pa_rozmir-918","15":"pa_rozmir-919","16":"pa_rozmir-920","17":"pa_rozmir-921","18":"pa_rozmir-922","20":"first","21":"onbackorder","22":"purchasable","23":"product-type-variable"},"_links":{"self":[{"href":"https:\/\/nextsnkr.com\/lt\/wp-json\/wp\/v2\/product\/741222","targetHints":{"allow":["GET"]}}],"collection":[{"href":"https:\/\/nextsnkr.com\/lt\/wp-json\/wp\/v2\/product"}],"about":[{"href":"https:\/\/nextsnkr.com\/lt\/wp-json\/wp\/v2\/types\/product"}],"replies":[{"embeddable":true,"href":"https:\/\/nextsnkr.com\/lt\/wp-json\/wp\/v2\/comments?post=741222"}],"version-history":[{"count":0,"href":"https:\/\/nextsnkr.com\/lt\/wp-json\/wp\/v2\/product\/741222\/revisions"}],"wp:featuredmedia":[{"embeddable":true,"href":"https:\/\/nextsnkr.com\/lt\/wp-json\/wp\/v2\/media\/741223"}],"wp:attachment":[{"href":"https:\/\/nextsnkr.com\/lt\/wp-json\/wp\/v2\/media?parent=741222"}],"wp:term":[{"taxonomy":"product_brand","embeddable":true,"href":"https:\/\/nextsnkr.com\/lt\/wp-json\/wp\/v2\/product_brand?post=741222"},{"taxonomy":"product_cat","embeddable":true,"href":"https:\/\/nextsnkr.com\/lt\/wp-json\/wp\/v2\/product_cat?post=741222"},{"taxonomy":"product_tag","embeddable":true,"href":"https:\/\/nextsnkr.com\/lt\/wp-json\/wp\/v2\/product_tag?post=741222"}],"curies":[{"name":"wp","href":"https:\/\/api.w.org\/{rel}","templated":true}]}}