{"id":740494,"date":"2025-06-14T16:30:56","date_gmt":"2025-06-14T13:30:56","guid":{"rendered":"https:\/\/nextsnkr.com\/product\/ugg-classic-ultra-mini-black-leather\/"},"modified":"2026-02-01T20:33:16","modified_gmt":"2026-02-01T17:33:16","slug":"ugg-classic-ultra-mini-black-leather","status":"publish","type":"product","link":"https:\/\/nextsnkr.com\/lt\/produktas\/ugg-classic-ultra-mini-black-leather\/","title":{"rendered":"Ugg Classic Ultra Mini Black Leather-odiniai moteri\u0161ki uggs su vilna"},"content":{"rendered":"<h2>Ugg Classic Ultra Mini Black Leather-odiniai moteri\u0161ki uggs su vilna<\/h2>\n<p>&#8222;Ugg Classic Ultra Mini Black Leather&#8221; derina nat\u016brali\u0105 od\u0105 ir mink\u0161t\u0105 viln\u0105, u\u017etikrinant \u0161ilum\u0105 ir komfort\u0105 \u0161altuoju met\u0173 laiku. Lengvas ir patogus dizainas daro \u0161iuos uggs Idealiai tinka kasdieniam d\u0117v\u0117jimui, o eleganti\u0161kas juodas dizainas prideda stili\u0173 bet kokiam vaizdui. Pagaminti Vietname i\u0161 auk\u0161tos kokyb\u0117s med\u017eiag\u0173, jie garantuoja ilgaam\u017ei\u0161kum\u0105 ir prakti\u0161kum\u0105. Pasirinkite Ugg Classic Ultra Mini komfortui, \u0161ilumai ir \u0161iuolaikiniam miesto stiliui.<\/p>\n","protected":false},"excerpt":{"rendered":"<p>&#8222;Ugg Classic Ultra Mini Black Leather&#8221; derina nat\u016brali\u0105 od\u0105 ir mink\u0161t\u0105 viln\u0105, u\u017etikrinant \u0161ilum\u0105 ir komfort\u0105 \u0161altuoju met\u0173 laiku. Lengvas ir patogus dizainas daro \u0161iuos uggs Idealiai tinka kasdieniam d\u0117v\u0117jimui, o eleganti\u0161kas juodas dizainas prideda stili\u0173 bet kokiam vaizdui. Pagaminti Vietname i\u0161 auk\u0161tos kokyb\u0117s med\u017eiag\u0173, jie garantuoja ilgaam\u017ei\u0161kum\u0105 ir prakti\u0161kum\u0105. Pasirinkite Ugg Classic Ultra Mini komfortui, \u0161ilumai ir \u0161iuolaikiniam miesto stiliui.<\/p>\n","protected":false},"featured_media":740495,"comment_status":"open","ping_status":"open","template":"","meta":[],"product_brand":[],"product_cat":[3412,3264],"product_tag":[],"class_list":{"0":"post-740494","1":"product","2":"type-product","3":"status-publish","4":"has-post-thumbnail","6":"product_cat-ugg","7":"product_cat-all-product","8":"pa_rozmir-910","9":"pa_rozmir-912","10":"pa_rozmir-914","11":"pa_rozmir-915","12":"pa_rozmir-916","13":"pa_rozmir-917","14":"pa_rozmir-918","15":"pa_rozmir-919","16":"pa_rozmir-920","17":"pa_rozmir-921","18":"pa_rozmir-922","20":"first","21":"onbackorder","22":"purchasable","23":"product-type-variable"},"_links":{"self":[{"href":"https:\/\/nextsnkr.com\/lt\/wp-json\/wp\/v2\/product\/740494","targetHints":{"allow":["GET"]}}],"collection":[{"href":"https:\/\/nextsnkr.com\/lt\/wp-json\/wp\/v2\/product"}],"about":[{"href":"https:\/\/nextsnkr.com\/lt\/wp-json\/wp\/v2\/types\/product"}],"replies":[{"embeddable":true,"href":"https:\/\/nextsnkr.com\/lt\/wp-json\/wp\/v2\/comments?post=740494"}],"version-history":[{"count":0,"href":"https:\/\/nextsnkr.com\/lt\/wp-json\/wp\/v2\/product\/740494\/revisions"}],"wp:featuredmedia":[{"embeddable":true,"href":"https:\/\/nextsnkr.com\/lt\/wp-json\/wp\/v2\/media\/740495"}],"wp:attachment":[{"href":"https:\/\/nextsnkr.com\/lt\/wp-json\/wp\/v2\/media?parent=740494"}],"wp:term":[{"taxonomy":"product_brand","embeddable":true,"href":"https:\/\/nextsnkr.com\/lt\/wp-json\/wp\/v2\/product_brand?post=740494"},{"taxonomy":"product_cat","embeddable":true,"href":"https:\/\/nextsnkr.com\/lt\/wp-json\/wp\/v2\/product_cat?post=740494"},{"taxonomy":"product_tag","embeddable":true,"href":"https:\/\/nextsnkr.com\/lt\/wp-json\/wp\/v2\/product_tag?post=740494"}],"curies":[{"name":"wp","href":"https:\/\/api.w.org\/{rel}","templated":true}]}}