{"id":740312,"date":"2025-06-14T16:31:36","date_gmt":"2025-06-14T13:31:36","guid":{"rendered":"https:\/\/nextsnkr.com\/product\/ugg-lowmel-sneaker-beige\/"},"modified":"2026-02-01T20:33:11","modified_gmt":"2026-02-01T17:33:11","slug":"ugg-lowmel-sneaker-beige","status":"publish","type":"product","link":"https:\/\/nextsnkr.com\/lt\/produktas\/ugg-lowmel-sneaker-beige\/","title":{"rendered":"Sportba\u010diai UGG Lowmel Sneaker Beige zom\u0161iniai Moteri\u0161ki su kailiu"},"content":{"rendered":"<h2>Sportba\u010diai UGG Lowmel Sneaker Beige zom\u0161iniai Moteri\u0161ki su kailiu<\/h2>\n<p>UGG Lowmel Sneaker Beige sportba\u010diai yra stilingi ir patog\u016bs batai kasdieniam d\u0117v\u0117jimui. Pagaminti i\u0161 auk\u0161tos kokyb\u0117s zom\u0161os ir mink\u0161to kailio, jie u\u017etikrina \u0161ilum\u0105, patog\u0173 sodinim\u0105 ir ilgaam\u017ei\u0161kum\u0105. \u0160viesiai sm\u0117lio spalvos lengvai derinamos su bet kokiu b\u016bdu, o \u0161iuolaikinis dizainas pabr\u0117\u017eia elegancij\u0105 ir tendencij\u0105. Pagaminti Vietname, \u0161ie UGG sportba\u010diai Idealiai tinka miestui, pasivaik\u0161\u010diojimams ir aktyviam poilsiui \u0161altuoju met\u0173 laiku.<\/p>\n","protected":false},"excerpt":{"rendered":"<p>UGG Lowmel Sneaker Beige sportba\u010diai yra stilingi ir patog\u016bs batai kasdieniam d\u0117v\u0117jimui. Pagaminti i\u0161 auk\u0161tos kokyb\u0117s zom\u0161os ir mink\u0161to kailio, jie u\u017etikrina \u0161ilum\u0105, patog\u0173 sodinim\u0105 ir ilgaam\u017ei\u0161kum\u0105. \u0160viesiai sm\u0117lio spalvos lengvai derinamos su bet kokiu b\u016bdu, o \u0161iuolaikinis dizainas pabr\u0117\u017eia elegancij\u0105 ir tendencij\u0105. Pagaminti Vietname, \u0161ie UGG sportba\u010diai Idealiai tinka miestui, pasivaik\u0161\u010diojimams ir aktyviam poilsiui \u0161altuoju met\u0173 laiku.<\/p>\n","protected":false},"featured_media":740313,"comment_status":"open","ping_status":"open","template":"","meta":[],"product_brand":[],"product_cat":[3412,3264],"product_tag":[],"class_list":{"0":"post-740312","1":"product","2":"type-product","3":"status-publish","4":"has-post-thumbnail","6":"product_cat-ugg","7":"product_cat-all-product","8":"pa_rozmir-910","9":"pa_rozmir-912","10":"pa_rozmir-914","11":"pa_rozmir-915","12":"pa_rozmir-916","13":"pa_rozmir-917","14":"pa_rozmir-918","15":"pa_rozmir-919","16":"pa_rozmir-920","17":"pa_rozmir-921","18":"pa_rozmir-922","20":"first","21":"onbackorder","22":"purchasable","23":"product-type-variable"},"_links":{"self":[{"href":"https:\/\/nextsnkr.com\/lt\/wp-json\/wp\/v2\/product\/740312","targetHints":{"allow":["GET"]}}],"collection":[{"href":"https:\/\/nextsnkr.com\/lt\/wp-json\/wp\/v2\/product"}],"about":[{"href":"https:\/\/nextsnkr.com\/lt\/wp-json\/wp\/v2\/types\/product"}],"replies":[{"embeddable":true,"href":"https:\/\/nextsnkr.com\/lt\/wp-json\/wp\/v2\/comments?post=740312"}],"version-history":[{"count":0,"href":"https:\/\/nextsnkr.com\/lt\/wp-json\/wp\/v2\/product\/740312\/revisions"}],"wp:featuredmedia":[{"embeddable":true,"href":"https:\/\/nextsnkr.com\/lt\/wp-json\/wp\/v2\/media\/740313"}],"wp:attachment":[{"href":"https:\/\/nextsnkr.com\/lt\/wp-json\/wp\/v2\/media?parent=740312"}],"wp:term":[{"taxonomy":"product_brand","embeddable":true,"href":"https:\/\/nextsnkr.com\/lt\/wp-json\/wp\/v2\/product_brand?post=740312"},{"taxonomy":"product_cat","embeddable":true,"href":"https:\/\/nextsnkr.com\/lt\/wp-json\/wp\/v2\/product_cat?post=740312"},{"taxonomy":"product_tag","embeddable":true,"href":"https:\/\/nextsnkr.com\/lt\/wp-json\/wp\/v2\/product_tag?post=740312"}],"curies":[{"name":"wp","href":"https:\/\/api.w.org\/{rel}","templated":true}]}}