{"id":739766,"date":"2025-06-14T16:33:30","date_gmt":"2025-06-14T13:33:30","guid":{"rendered":"https:\/\/nextsnkr.com\/product\/ugg-classic-mini-lace-up-black\/"},"modified":"2026-02-01T20:32:56","modified_gmt":"2026-02-01T17:32:56","slug":"ugg-classic-mini-lace-up-black","status":"publish","type":"product","link":"https:\/\/nextsnkr.com\/lt\/produktas\/ugg-classic-mini-lace-up-black\/","title":{"rendered":"UGG Classic Mini Lace-Up Black &#8211; womens \u0437\u0430\u043c\u0448\u0435\u0432\u044b\u0435 batai su si\u016blai-plikas"},"content":{"rendered":"<h2>UGG Classic Mini Lace-Up Black &#8211; womens \u0437\u0430\u043c\u0448\u0435\u0432\u044b\u0435 batai su si\u016blai-plikas<\/h2>\n<p>UGG Classic Mini Lace-Up Black &#8211; stilingi ir \u0161ilti moteri\u0161ki batai i\u0161 auk\u0161\u010diausios kokyb\u0117s zom\u0161os ir mink\u0161to kailio. Modelis u\u017etikrina komfort\u0105 ir puiki\u0105 termoizoliacij\u0105, Tinka d\u0117v\u0117ti kasdien \u0161altuoju met\u0173 laiku. Patogus Lace &#8211; up ir lankstus padas u\u017etikrina komfort\u0105 vaik\u0161\u010diojant, o \u0161iuolaikin\u0117 juoda spalva suteikia elegancijos bet kokiam vaizdui. Gamyba Kinijoje patvirtina med\u017eiag\u0173 kokyb\u0119 ir ilgaam\u017ei\u0161kum\u0105. Pasirinkite Ugg Classic Mini Lace-Up Black \u0161ilumai, stiliui ir patogumui.<\/p>\n","protected":false},"excerpt":{"rendered":"<p>UGG Classic Mini Lace-Up Black &#8211; stilingi ir \u0161ilti moteri\u0161ki batai i\u0161 auk\u0161\u010diausios kokyb\u0117s zom\u0161os ir mink\u0161to kailio. Modelis u\u017etikrina komfort\u0105 ir puiki\u0105 termoizoliacij\u0105, Tinka d\u0117v\u0117ti kasdien \u0161altuoju met\u0173 laiku. Patogus Lace &#8211; up ir lankstus padas u\u017etikrina komfort\u0105 vaik\u0161\u010diojant, o \u0161iuolaikin\u0117 juoda spalva suteikia elegancijos bet kokiam vaizdui. Gamyba Kinijoje patvirtina med\u017eiag\u0173 kokyb\u0119 ir ilgaam\u017ei\u0161kum\u0105. Pasirinkite Ugg Classic Mini Lace-Up Black \u0161ilumai, stiliui ir patogumui.<\/p>\n","protected":false},"featured_media":739767,"comment_status":"open","ping_status":"open","template":"","meta":[],"product_brand":[],"product_cat":[3412,3264],"product_tag":[],"class_list":{"0":"post-739766","1":"product","2":"type-product","3":"status-publish","4":"has-post-thumbnail","6":"product_cat-ugg","7":"product_cat-all-product","8":"pa_rozmir-910","9":"pa_rozmir-912","10":"pa_rozmir-914","11":"pa_rozmir-915","12":"pa_rozmir-916","13":"pa_rozmir-917","14":"pa_rozmir-918","15":"pa_rozmir-919","16":"pa_rozmir-920","17":"pa_rozmir-921","18":"pa_rozmir-922","20":"first","21":"instock","22":"purchasable","23":"product-type-variable"},"_links":{"self":[{"href":"https:\/\/nextsnkr.com\/lt\/wp-json\/wp\/v2\/product\/739766","targetHints":{"allow":["GET"]}}],"collection":[{"href":"https:\/\/nextsnkr.com\/lt\/wp-json\/wp\/v2\/product"}],"about":[{"href":"https:\/\/nextsnkr.com\/lt\/wp-json\/wp\/v2\/types\/product"}],"replies":[{"embeddable":true,"href":"https:\/\/nextsnkr.com\/lt\/wp-json\/wp\/v2\/comments?post=739766"}],"version-history":[{"count":0,"href":"https:\/\/nextsnkr.com\/lt\/wp-json\/wp\/v2\/product\/739766\/revisions"}],"wp:featuredmedia":[{"embeddable":true,"href":"https:\/\/nextsnkr.com\/lt\/wp-json\/wp\/v2\/media\/739767"}],"wp:attachment":[{"href":"https:\/\/nextsnkr.com\/lt\/wp-json\/wp\/v2\/media?parent=739766"}],"wp:term":[{"taxonomy":"product_brand","embeddable":true,"href":"https:\/\/nextsnkr.com\/lt\/wp-json\/wp\/v2\/product_brand?post=739766"},{"taxonomy":"product_cat","embeddable":true,"href":"https:\/\/nextsnkr.com\/lt\/wp-json\/wp\/v2\/product_cat?post=739766"},{"taxonomy":"product_tag","embeddable":true,"href":"https:\/\/nextsnkr.com\/lt\/wp-json\/wp\/v2\/product_tag?post=739766"}],"curies":[{"name":"wp","href":"https:\/\/api.w.org\/{rel}","templated":true}]}}