{"id":739402,"date":"2025-06-14T16:35:05","date_gmt":"2025-06-14T13:35:05","guid":{"rendered":"https:\/\/nextsnkr.com\/product\/ugg-neumel-hybrid-khaki\/"},"modified":"2026-02-01T20:32:46","modified_gmt":"2026-02-01T17:32:46","slug":"ugg-neumel-hybrid-khaki","status":"publish","type":"product","link":"https:\/\/nextsnkr.com\/lt\/produktas\/ugg-neumel-hybrid-khaki\/","title":{"rendered":"Ugg Neumel Hybrid Khaki Batai-zom\u0161iniai ir kailiniai \u017eieminiai batai"},"content":{"rendered":"<h2>Ugg Neumel Hybrid Khaki Batai-zom\u0161iniai ir kailiniai \u017eieminiai batai<\/h2>\n<p>Stilingi Ugg Neumel Hybrid Khaki batai yra pagaminti i\u0161 zom\u0161os ir nat\u016bralaus kailio derinio, kuris \u0161altuoju met\u0173 laiku suteikia \u0161ilum\u0105, komfort\u0105 ir atsparum\u0105 dilimui. Universalus Khaki atspalvis leid\u017eia model\u012f lengvai derinti su bet kokia drabu\u017ei\u0173 spinta, pabr\u0117\u017eiant \u0161iuolaikin\u012f stili\u0173. Vietname pagaminti batai sujungia auk\u0161\u010diausios kokyb\u0117s, patikimumo ir patogaus nusileidimo. Idealus pasirinkimas kasdieniam d\u0117v\u0117jimui, pasivaik\u0161\u010diojimams ir aktyviam poilsiui \u0161altuoju met\u0173 laiku.<\/p>\n","protected":false},"excerpt":{"rendered":"<p>Stilingi Ugg Neumel Hybrid Khaki batai yra pagaminti i\u0161 zom\u0161os ir nat\u016bralaus kailio derinio, kuris \u0161altuoju met\u0173 laiku suteikia \u0161ilum\u0105, komfort\u0105 ir atsparum\u0105 dilimui. Universalus Khaki atspalvis leid\u017eia model\u012f lengvai derinti su bet kokia drabu\u017ei\u0173 spinta, pabr\u0117\u017eiant \u0161iuolaikin\u012f stili\u0173. Vietname pagaminti batai sujungia auk\u0161\u010diausios kokyb\u0117s, patikimumo ir patogaus nusileidimo. Idealus pasirinkimas kasdieniam d\u0117v\u0117jimui, pasivaik\u0161\u010diojimams ir aktyviam poilsiui \u0161altuoju met\u0173 laiku.<\/p>\n","protected":false},"featured_media":739403,"comment_status":"open","ping_status":"open","template":"","meta":[],"product_brand":[],"product_cat":[3412,3264],"product_tag":[],"class_list":{"0":"post-739402","1":"product","2":"type-product","3":"status-publish","4":"has-post-thumbnail","6":"product_cat-ugg","7":"product_cat-all-product","8":"pa_rozmir-910","9":"pa_rozmir-912","10":"pa_rozmir-914","11":"pa_rozmir-915","12":"pa_rozmir-916","13":"pa_rozmir-917","14":"pa_rozmir-918","15":"pa_rozmir-919","16":"pa_rozmir-920","17":"pa_rozmir-921","18":"pa_rozmir-922","20":"first","21":"onbackorder","22":"purchasable","23":"product-type-variable"},"_links":{"self":[{"href":"https:\/\/nextsnkr.com\/lt\/wp-json\/wp\/v2\/product\/739402","targetHints":{"allow":["GET"]}}],"collection":[{"href":"https:\/\/nextsnkr.com\/lt\/wp-json\/wp\/v2\/product"}],"about":[{"href":"https:\/\/nextsnkr.com\/lt\/wp-json\/wp\/v2\/types\/product"}],"replies":[{"embeddable":true,"href":"https:\/\/nextsnkr.com\/lt\/wp-json\/wp\/v2\/comments?post=739402"}],"version-history":[{"count":0,"href":"https:\/\/nextsnkr.com\/lt\/wp-json\/wp\/v2\/product\/739402\/revisions"}],"wp:featuredmedia":[{"embeddable":true,"href":"https:\/\/nextsnkr.com\/lt\/wp-json\/wp\/v2\/media\/739403"}],"wp:attachment":[{"href":"https:\/\/nextsnkr.com\/lt\/wp-json\/wp\/v2\/media?parent=739402"}],"wp:term":[{"taxonomy":"product_brand","embeddable":true,"href":"https:\/\/nextsnkr.com\/lt\/wp-json\/wp\/v2\/product_brand?post=739402"},{"taxonomy":"product_cat","embeddable":true,"href":"https:\/\/nextsnkr.com\/lt\/wp-json\/wp\/v2\/product_cat?post=739402"},{"taxonomy":"product_tag","embeddable":true,"href":"https:\/\/nextsnkr.com\/lt\/wp-json\/wp\/v2\/product_tag?post=739402"}],"curies":[{"name":"wp","href":"https:\/\/api.w.org\/{rel}","templated":true}]}}