{"id":738492,"date":"2025-06-14T16:38:24","date_gmt":"2025-06-14T13:38:24","guid":{"rendered":"https:\/\/nextsnkr.com\/product\/dr-martens-jadon-audrick-black-termo\/"},"modified":"2026-02-01T20:32:24","modified_gmt":"2026-02-01T17:32:24","slug":"dr-martens-jadon-audrick-black-termo","status":"publish","type":"product","link":"https:\/\/nextsnkr.com\/lt\/produktas\/dr-martens-jadon-audrick-black-termo\/","title":{"rendered":"Batai Dr. Martens Jadon Audrick Black-odiniai termo Batai"},"content":{"rendered":"<h2>Batai Dr. Martens Jadon Audrick Black-odiniai termo Batai<\/h2>\n<p>Batai Dr. Martens Jadon Audrick Black yra pagaminti i\u0161 auk\u0161tos kokyb\u0117s odos ir turi \u0161ilumin\u012f \u0161ildytuv\u0105 patogiam naudojimui \u0161altuoju met\u0173 laiku. Modelis suderina klasikini\u0173 \u0431\u0440\u0443\u0442\u0430\u043b\u044c\u043d\u044b\u0439 dizainas, prek\u0117s su patvarumu ir ilgaam\u017ei\u0161kumo med\u017eiag\u0173. Gamyba Kinijoje u\u017etikrina patikim\u0105 kokyb\u0119, o patvari karoliai suteikia saug\u0173 vaik\u0161\u010dioti ant bet kokio pavir\u0161iaus. Puikus pasirinkimas tiems, kurie vertina stilius, patogumas ir prakti\u0161kumas.<\/p>\n","protected":false},"excerpt":{"rendered":"<p>Batai Dr. Martens Jadon Audrick Black yra pagaminti i\u0161 auk\u0161tos kokyb\u0117s odos ir turi \u0161ilumin\u012f \u0161ildytuv\u0105 patogiam naudojimui \u0161altuoju met\u0173 laiku. Modelis suderina klasikini\u0173 \u0431\u0440\u0443\u0442\u0430\u043b\u044c\u043d\u044b\u0439 dizainas, prek\u0117s su patvarumu ir ilgaam\u017ei\u0161kumo med\u017eiag\u0173. Gamyba Kinijoje u\u017etikrina patikim\u0105 kokyb\u0119, o patvari karoliai suteikia saug\u0173 vaik\u0161\u010dioti ant bet kokio pavir\u0161iaus. Puikus pasirinkimas tiems, kurie vertina stilius, patogumas ir prakti\u0161kumas.<\/p>\n","protected":false},"featured_media":738493,"comment_status":"open","ping_status":"open","template":"","meta":[],"product_brand":[2398],"product_cat":[3621,3264,3336],"product_tag":[],"class_list":{"0":"post-738492","1":"product","2":"type-product","3":"status-publish","4":"has-post-thumbnail","6":"product_brand-dr-martens","7":"product_cat-dr-martens","8":"product_cat-all-product","9":"product_cat-cherevyky","10":"pa_rozmir-910","11":"pa_rozmir-912","12":"pa_rozmir-914","13":"pa_rozmir-915","14":"pa_rozmir-916","15":"pa_rozmir-917","16":"pa_rozmir-918","17":"pa_rozmir-919","18":"pa_rozmir-920","19":"pa_rozmir-921","20":"pa_rozmir-922","22":"first","23":"onbackorder","24":"purchasable","25":"product-type-variable"},"_links":{"self":[{"href":"https:\/\/nextsnkr.com\/lt\/wp-json\/wp\/v2\/product\/738492","targetHints":{"allow":["GET"]}}],"collection":[{"href":"https:\/\/nextsnkr.com\/lt\/wp-json\/wp\/v2\/product"}],"about":[{"href":"https:\/\/nextsnkr.com\/lt\/wp-json\/wp\/v2\/types\/product"}],"replies":[{"embeddable":true,"href":"https:\/\/nextsnkr.com\/lt\/wp-json\/wp\/v2\/comments?post=738492"}],"version-history":[{"count":0,"href":"https:\/\/nextsnkr.com\/lt\/wp-json\/wp\/v2\/product\/738492\/revisions"}],"wp:featuredmedia":[{"embeddable":true,"href":"https:\/\/nextsnkr.com\/lt\/wp-json\/wp\/v2\/media\/738493"}],"wp:attachment":[{"href":"https:\/\/nextsnkr.com\/lt\/wp-json\/wp\/v2\/media?parent=738492"}],"wp:term":[{"taxonomy":"product_brand","embeddable":true,"href":"https:\/\/nextsnkr.com\/lt\/wp-json\/wp\/v2\/product_brand?post=738492"},{"taxonomy":"product_cat","embeddable":true,"href":"https:\/\/nextsnkr.com\/lt\/wp-json\/wp\/v2\/product_cat?post=738492"},{"taxonomy":"product_tag","embeddable":true,"href":"https:\/\/nextsnkr.com\/lt\/wp-json\/wp\/v2\/product_tag?post=738492"}],"curies":[{"name":"wp","href":"https:\/\/api.w.org\/{rel}","templated":true}]}}