{"id":735944,"date":"2025-06-14T16:46:27","date_gmt":"2025-06-14T13:46:27","guid":{"rendered":"https:\/\/nextsnkr.com\/product\/no-brand-white-art-011\/"},"modified":"2026-02-01T20:31:06","modified_gmt":"2026-02-01T17:31:06","slug":"no-brand-white-art-011","status":"publish","type":"product","link":"https:\/\/nextsnkr.com\/lt\/produktas\/no-brand-white-art-011\/","title":{"rendered":"Batai No Brand White Art 011-Moteri\u0161ki odiniai klasikiniai"},"content":{"rendered":"<h2>Batai No Brand White Art 011-Moteri\u0161ki odiniai klasikiniai<\/h2>\n<p>No Brand White Art 011-eleganti\u0161ki moteri\u0161ki batai, pagaminti i\u0161 auk\u0161tos kokyb\u0117s nat\u016bralios odos, u\u017etikrinan\u010dios stiprum\u0105, ilgaam\u017ei\u0161kum\u0105 ir komfort\u0105 d\u0117vint kasdien. Klasikin\u0117 balta spalva prideda \u0161vie\u017eumo ir universalumo \u012fvaizd\u012f, lengvai derinama su bet kokiu drabu\u017ei\u0173 stiliumi. Vietname pagaminti batai pasi\u017eymi apgalvotu sodinimu, tvariu padu ir \u0161iuolaikiniu dizainu. Idealus pasirinkimas miestui, pasivaik\u0161\u010diojimams ir \u0161altajam met\u0173 laikui.<\/p>\n","protected":false},"excerpt":{"rendered":"<p>No Brand White Art 011-eleganti\u0161ki moteri\u0161ki batai, pagaminti i\u0161 auk\u0161tos kokyb\u0117s nat\u016bralios odos, u\u017etikrinan\u010dios stiprum\u0105, ilgaam\u017ei\u0161kum\u0105 ir komfort\u0105 d\u0117vint kasdien. Klasikin\u0117 balta spalva prideda \u0161vie\u017eumo ir universalumo \u012fvaizd\u012f, lengvai derinama su bet kokiu drabu\u017ei\u0173 stiliumi. Vietname pagaminti batai pasi\u017eymi apgalvotu sodinimu, tvariu padu ir \u0161iuolaikiniu dizainu. Idealus pasirinkimas miestui, pasivaik\u0161\u010diojimams ir \u0161altajam met\u0173 laikui.<\/p>\n","protected":false},"featured_media":735945,"comment_status":"open","ping_status":"open","template":"","meta":[],"product_brand":[],"product_cat":[3264,3336],"product_tag":[],"class_list":{"0":"post-735944","1":"product","2":"type-product","3":"status-publish","4":"has-post-thumbnail","6":"product_cat-all-product","7":"product_cat-cherevyky","8":"pa_rozmir-910","9":"pa_rozmir-912","10":"pa_rozmir-914","11":"pa_rozmir-915","12":"pa_rozmir-916","13":"pa_rozmir-917","14":"pa_rozmir-918","15":"pa_rozmir-919","16":"pa_rozmir-920","17":"pa_rozmir-921","18":"pa_rozmir-922","20":"first","21":"onbackorder","22":"purchasable","23":"product-type-variable"},"_links":{"self":[{"href":"https:\/\/nextsnkr.com\/lt\/wp-json\/wp\/v2\/product\/735944","targetHints":{"allow":["GET"]}}],"collection":[{"href":"https:\/\/nextsnkr.com\/lt\/wp-json\/wp\/v2\/product"}],"about":[{"href":"https:\/\/nextsnkr.com\/lt\/wp-json\/wp\/v2\/types\/product"}],"replies":[{"embeddable":true,"href":"https:\/\/nextsnkr.com\/lt\/wp-json\/wp\/v2\/comments?post=735944"}],"version-history":[{"count":0,"href":"https:\/\/nextsnkr.com\/lt\/wp-json\/wp\/v2\/product\/735944\/revisions"}],"wp:featuredmedia":[{"embeddable":true,"href":"https:\/\/nextsnkr.com\/lt\/wp-json\/wp\/v2\/media\/735945"}],"wp:attachment":[{"href":"https:\/\/nextsnkr.com\/lt\/wp-json\/wp\/v2\/media?parent=735944"}],"wp:term":[{"taxonomy":"product_brand","embeddable":true,"href":"https:\/\/nextsnkr.com\/lt\/wp-json\/wp\/v2\/product_brand?post=735944"},{"taxonomy":"product_cat","embeddable":true,"href":"https:\/\/nextsnkr.com\/lt\/wp-json\/wp\/v2\/product_cat?post=735944"},{"taxonomy":"product_tag","embeddable":true,"href":"https:\/\/nextsnkr.com\/lt\/wp-json\/wp\/v2\/product_tag?post=735944"}],"curies":[{"name":"wp","href":"https:\/\/api.w.org\/{rel}","templated":true}]}}