{"id":734558,"date":"2025-06-14T19:51:21","date_gmt":"2025-06-14T16:51:21","guid":{"rendered":"https:\/\/nextsnkr.com\/product\/jordan-1-grey\/"},"modified":"2026-02-01T20:30:28","modified_gmt":"2026-02-01T17:30:28","slug":"jordan-1-grey","status":"publish","type":"product","link":"https:\/\/nextsnkr.com\/lt\/produktas\/jordan-1-grey\/","title":{"rendered":"Jordan 1 Grey sportba\u010diai-stilingi auk\u0161ti pilkos spalvos sportba\u010diai"},"content":{"rendered":"<h2>Jordan 1 Grey sportba\u010diai-stilingi auk\u0161ti pilkos spalvos sportba\u010diai<\/h2>\n<p>Jordan 1 Grey batai &#8211; klasikiniai auk\u0161ti sportba\u010diai, kurie derina stili\u0173 ir komfort\u0105 kasdieniam d\u0117v\u0117jimui. Modelis Pagamintas i\u0161 auk\u0161tos kokyb\u0117s med\u017eiag\u0173, u\u017etikrinan\u010di\u0173 stiprum\u0105 ir patog\u0173 P\u0117dos sodinim\u0105. Pilka spalva daro krep\u0161elius universalius, lengvai derinamus su bet kokiu kasdieniu ar sportiniu b\u016bdu. Idealiai tinka aktyviam miesto gyvenimui ir mading\u0173 vaizd\u0173 k\u016brimui. Pasirinkite &#8222;Jordan 1 Grey&#8221;, kad suderintum\u0117te modern\u0173 stili\u0173, komfort\u0105 ir mading\u0105 dizain\u0105.<\/p>\n","protected":false},"excerpt":{"rendered":"<p>Jordan 1 Grey batai &#8211; klasikiniai auk\u0161ti sportba\u010diai, kurie derina stili\u0173 ir komfort\u0105 kasdieniam d\u0117v\u0117jimui. Modelis Pagamintas i\u0161 auk\u0161tos kokyb\u0117s med\u017eiag\u0173, u\u017etikrinan\u010di\u0173 stiprum\u0105 ir patog\u0173 P\u0117dos sodinim\u0105. Pilka spalva daro krep\u0161elius universalius, lengvai derinamus su bet kokiu kasdieniu ar sportiniu b\u016bdu. Idealiai tinka aktyviam miesto gyvenimui ir mading\u0173 vaizd\u0173 k\u016brimui. Pasirinkite &#8222;Jordan 1 Grey&#8221;, kad suderintum\u0117te modern\u0173 stili\u0173, komfort\u0105 ir mading\u0105 dizain\u0105.<\/p>\n","protected":false},"featured_media":734559,"comment_status":"open","ping_status":"open","template":"","meta":[],"product_brand":[],"product_cat":[3388,3264,3323],"product_tag":[],"class_list":{"0":"post-734558","1":"product","2":"type-product","3":"status-publish","4":"has-post-thumbnail","6":"product_cat-nike-jordan","7":"product_cat-all-product","8":"product_cat-kedy","9":"pa_rozmir-910","10":"pa_rozmir-912","11":"pa_rozmir-914","12":"pa_rozmir-915","13":"pa_rozmir-916","14":"pa_rozmir-917","15":"pa_rozmir-918","16":"pa_rozmir-919","17":"pa_rozmir-920","18":"pa_rozmir-921","19":"pa_rozmir-922","21":"first","22":"instock","23":"purchasable","24":"product-type-variable"},"_links":{"self":[{"href":"https:\/\/nextsnkr.com\/lt\/wp-json\/wp\/v2\/product\/734558","targetHints":{"allow":["GET"]}}],"collection":[{"href":"https:\/\/nextsnkr.com\/lt\/wp-json\/wp\/v2\/product"}],"about":[{"href":"https:\/\/nextsnkr.com\/lt\/wp-json\/wp\/v2\/types\/product"}],"replies":[{"embeddable":true,"href":"https:\/\/nextsnkr.com\/lt\/wp-json\/wp\/v2\/comments?post=734558"}],"version-history":[{"count":0,"href":"https:\/\/nextsnkr.com\/lt\/wp-json\/wp\/v2\/product\/734558\/revisions"}],"wp:featuredmedia":[{"embeddable":true,"href":"https:\/\/nextsnkr.com\/lt\/wp-json\/wp\/v2\/media\/734559"}],"wp:attachment":[{"href":"https:\/\/nextsnkr.com\/lt\/wp-json\/wp\/v2\/media?parent=734558"}],"wp:term":[{"taxonomy":"product_brand","embeddable":true,"href":"https:\/\/nextsnkr.com\/lt\/wp-json\/wp\/v2\/product_brand?post=734558"},{"taxonomy":"product_cat","embeddable":true,"href":"https:\/\/nextsnkr.com\/lt\/wp-json\/wp\/v2\/product_cat?post=734558"},{"taxonomy":"product_tag","embeddable":true,"href":"https:\/\/nextsnkr.com\/lt\/wp-json\/wp\/v2\/product_tag?post=734558"}],"curies":[{"name":"wp","href":"https:\/\/api.w.org\/{rel}","templated":true}]}}