{"id":732517,"date":"2025-06-14T21:02:26","date_gmt":"2025-06-14T18:02:26","guid":{"rendered":"https:\/\/nextsnkr.com\/product\/air-jordan-retro1-black-white\/"},"modified":"2026-02-01T20:29:18","modified_gmt":"2026-02-01T17:29:18","slug":"air-jordan-retro1-black-white","status":"publish","type":"product","link":"https:\/\/nextsnkr.com\/lt\/produktas\/air-jordan-retro1-black-white\/","title":{"rendered":"&#8222;Air Jordan Retro 1 black White&#8221; i\u0161 nat\u016bralios odos"},"content":{"rendered":"<h2>&#8222;Air Jordan Retro 1 black White&#8221; i\u0161 nat\u016bralios odos<\/h2>\n<p>&#8222;Air Jordan Retro 1 Black White&#8221; &#8211; klasikiniai nat\u016bralios odos Kedai, derinantys stili\u0173, komfort\u0105 ir ilgaam\u017ei\u0161kum\u0105. Juodos ir baltos spalvos dizainas daro model\u012f universal\u0173 ir lengvai suderinam\u0105 su bet kokia drabu\u017ei\u0173 spinta. Tvirtas padas u\u017etikrina nusid\u0117v\u0117jim\u0105 ir stabilum\u0105 kasdienio d\u0117v\u0117jimo metu, o apgalvotas dizainas u\u017etikrina patog\u0173 sodinim\u0105. Gaminami Vietname, \u0161ie &#8222;Air Jordan&#8221; batai bus puikus pasirinkimas tiems, kurie vertina prek\u0117s \u017eenkl\u0105, stili\u0173 ir funkcionalum\u0105 kasdieniame gyvenime.<\/p>\n","protected":false},"excerpt":{"rendered":"<p>&#8222;Air Jordan Retro 1 Black White&#8221; &#8211; klasikiniai nat\u016bralios odos Kedai, derinantys stili\u0173, komfort\u0105 ir ilgaam\u017ei\u0161kum\u0105. Juodos ir baltos spalvos dizainas daro model\u012f universal\u0173 ir lengvai suderinam\u0105 su bet kokia drabu\u017ei\u0173 spinta. Tvirtas padas u\u017etikrina nusid\u0117v\u0117jim\u0105 ir stabilum\u0105 kasdienio d\u0117v\u0117jimo metu, o apgalvotas dizainas u\u017etikrina patog\u0173 sodinim\u0105. Gaminami Vietname, \u0161ie &#8222;Air Jordan&#8221; batai bus puikus pasirinkimas tiems, kurie vertina prek\u0117s \u017eenkl\u0105, stili\u0173 ir funkcionalum\u0105 kasdieniame gyvenime.<\/p>\n","protected":false},"featured_media":732518,"comment_status":"open","ping_status":"open","template":"","meta":[],"product_brand":[],"product_cat":[3388,3264,3323],"product_tag":[],"class_list":{"0":"post-732517","1":"product","2":"type-product","3":"status-publish","4":"has-post-thumbnail","6":"product_cat-nike-jordan","7":"product_cat-all-product","8":"product_cat-kedy","9":"pa_rozmir-910","10":"pa_rozmir-912","11":"pa_rozmir-914","12":"pa_rozmir-915","13":"pa_rozmir-916","14":"pa_rozmir-917","15":"pa_rozmir-918","16":"pa_rozmir-919","17":"pa_rozmir-920","18":"pa_rozmir-921","19":"pa_rozmir-922","21":"first","22":"instock","23":"purchasable","24":"product-type-variable"},"_links":{"self":[{"href":"https:\/\/nextsnkr.com\/lt\/wp-json\/wp\/v2\/product\/732517","targetHints":{"allow":["GET"]}}],"collection":[{"href":"https:\/\/nextsnkr.com\/lt\/wp-json\/wp\/v2\/product"}],"about":[{"href":"https:\/\/nextsnkr.com\/lt\/wp-json\/wp\/v2\/types\/product"}],"replies":[{"embeddable":true,"href":"https:\/\/nextsnkr.com\/lt\/wp-json\/wp\/v2\/comments?post=732517"}],"version-history":[{"count":0,"href":"https:\/\/nextsnkr.com\/lt\/wp-json\/wp\/v2\/product\/732517\/revisions"}],"wp:featuredmedia":[{"embeddable":true,"href":"https:\/\/nextsnkr.com\/lt\/wp-json\/wp\/v2\/media\/732518"}],"wp:attachment":[{"href":"https:\/\/nextsnkr.com\/lt\/wp-json\/wp\/v2\/media?parent=732517"}],"wp:term":[{"taxonomy":"product_brand","embeddable":true,"href":"https:\/\/nextsnkr.com\/lt\/wp-json\/wp\/v2\/product_brand?post=732517"},{"taxonomy":"product_cat","embeddable":true,"href":"https:\/\/nextsnkr.com\/lt\/wp-json\/wp\/v2\/product_cat?post=732517"},{"taxonomy":"product_tag","embeddable":true,"href":"https:\/\/nextsnkr.com\/lt\/wp-json\/wp\/v2\/product_tag?post=732517"}],"curies":[{"name":"wp","href":"https:\/\/api.w.org\/{rel}","templated":true}]}}