{"id":731672,"date":"2025-06-14T21:06:40","date_gmt":"2025-06-14T18:06:40","guid":{"rendered":"https:\/\/nextsnkr.com\/product\/air-jordan-retro1-black-violet-white\/"},"modified":"2026-02-01T20:28:56","modified_gmt":"2026-02-01T17:28:56","slug":"air-jordan-retro1-black-violet-white","status":"publish","type":"product","link":"https:\/\/nextsnkr.com\/lt\/produktas\/air-jordan-retro1-black-violet-white\/","title":{"rendered":"&#8222;Air Jordan Retro 1 Black violet White&#8221; &#8211; odiniai ir zom\u0161iniai sportba\u010diai"},"content":{"rendered":"<h2>&#8222;Air Jordan Retro 1 Black violet White&#8221; &#8211; odiniai ir zom\u0161iniai sportba\u010diai<\/h2>\n<p>&#8222;Air Jordan Retro1 Black violet White&#8221; yra stilingas ir patogus modelis kasdieniam d\u0117v\u0117jimui ir aktyviam poilsiui. Pagaminti i\u0161 nat\u016bralios odos ir zom\u0161os, jie u\u017etikrina stiprum\u0105, ilgaam\u017ei\u0161kum\u0105 ir patog\u0173 P\u0117dos sodinim\u0105. Kontrastingas juodos, violetin\u0117s ir baltos spalv\u0173 derinys sukuria ry\u0161k\u0173 ir \u0161iuolaiki\u0161k\u0105 vaizd\u0105. padas u\u017etikrina nusid\u0117v\u0117jim\u0105 ir palaikym\u0105 va\u017eiuojant. Gamintojas-Vietnamas. Pasirinkite &#8222;Air Jordan Retro1 Black violet White&#8221;, kad suderintum\u0117te stili\u0173 ir komfort\u0105. Kodas: 0442v-200453.<\/p>\n","protected":false},"excerpt":{"rendered":"<p>&#8222;Air Jordan Retro1 Black violet White&#8221; yra stilingas ir patogus modelis kasdieniam d\u0117v\u0117jimui ir aktyviam poilsiui. Pagaminti i\u0161 nat\u016bralios odos ir zom\u0161os, jie u\u017etikrina stiprum\u0105, ilgaam\u017ei\u0161kum\u0105 ir patog\u0173 P\u0117dos sodinim\u0105. Kontrastingas juodos, violetin\u0117s ir baltos spalv\u0173 derinys sukuria ry\u0161k\u0173 ir \u0161iuolaiki\u0161k\u0105 vaizd\u0105. padas u\u017etikrina nusid\u0117v\u0117jim\u0105 ir palaikym\u0105 va\u017eiuojant. Gamintojas-Vietnamas. Pasirinkite &#8222;Air Jordan Retro1 Black violet White&#8221;, kad suderintum\u0117te stili\u0173 ir komfort\u0105. Kodas: 0442v-200453.<\/p>\n","protected":false},"featured_media":731673,"comment_status":"open","ping_status":"open","template":"","meta":[],"product_brand":[],"product_cat":[3388,3264,3323],"product_tag":[],"class_list":{"0":"post-731672","1":"product","2":"type-product","3":"status-publish","4":"has-post-thumbnail","6":"product_cat-nike-jordan","7":"product_cat-all-product","8":"product_cat-kedy","9":"pa_rozmir-910","10":"pa_rozmir-912","11":"pa_rozmir-914","12":"pa_rozmir-915","13":"pa_rozmir-916","14":"pa_rozmir-917","15":"pa_rozmir-918","16":"pa_rozmir-919","17":"pa_rozmir-920","18":"pa_rozmir-921","19":"pa_rozmir-922","21":"first","22":"instock","23":"purchasable","24":"product-type-variable"},"_links":{"self":[{"href":"https:\/\/nextsnkr.com\/lt\/wp-json\/wp\/v2\/product\/731672","targetHints":{"allow":["GET"]}}],"collection":[{"href":"https:\/\/nextsnkr.com\/lt\/wp-json\/wp\/v2\/product"}],"about":[{"href":"https:\/\/nextsnkr.com\/lt\/wp-json\/wp\/v2\/types\/product"}],"replies":[{"embeddable":true,"href":"https:\/\/nextsnkr.com\/lt\/wp-json\/wp\/v2\/comments?post=731672"}],"version-history":[{"count":0,"href":"https:\/\/nextsnkr.com\/lt\/wp-json\/wp\/v2\/product\/731672\/revisions"}],"wp:featuredmedia":[{"embeddable":true,"href":"https:\/\/nextsnkr.com\/lt\/wp-json\/wp\/v2\/media\/731673"}],"wp:attachment":[{"href":"https:\/\/nextsnkr.com\/lt\/wp-json\/wp\/v2\/media?parent=731672"}],"wp:term":[{"taxonomy":"product_brand","embeddable":true,"href":"https:\/\/nextsnkr.com\/lt\/wp-json\/wp\/v2\/product_brand?post=731672"},{"taxonomy":"product_cat","embeddable":true,"href":"https:\/\/nextsnkr.com\/lt\/wp-json\/wp\/v2\/product_cat?post=731672"},{"taxonomy":"product_tag","embeddable":true,"href":"https:\/\/nextsnkr.com\/lt\/wp-json\/wp\/v2\/product_tag?post=731672"}],"curies":[{"name":"wp","href":"https:\/\/api.w.org\/{rel}","templated":true}]}}