{"id":730306,"date":"2025-06-14T21:12:59","date_gmt":"2025-06-14T18:12:59","guid":{"rendered":"https:\/\/nextsnkr.com\/product\/black-full-ref-ne-premyum-rasprodazha\/"},"modified":"2026-02-01T20:28:08","modified_gmt":"2026-02-01T17:28:08","slug":"black-full-ref-ne-premyum-rasprodazha","status":"publish","type":"product","link":"https:\/\/nextsnkr.com\/lt\/produktas\/black-full-ref-ne-premyum-rasprodazha\/","title":{"rendered":"Black * Full Ref sportba\u010diai n\u0117ra Premium &#8211; Vyri\u0161ki tekstiliniai sportba\u010diai"},"content":{"rendered":"<h2>Black * Full Ref sportba\u010diai n\u0117ra Premium &#8211; Vyri\u0161ki tekstiliniai sportba\u010diai<\/h2>\n<p>BlackFull Ref sportba\u010diai n\u0117ra auk\u0161\u010diausios kokyb\u0117s, Pagaminti i\u0161 kv\u0117puojan\u010dios tekstil\u0117s ir tinklelio, kuris u\u017etikrina lengvum\u0105 ir komfort\u0105 d\u0117vint. Modelis tinka kasdieniam naudojimui, pasivaik\u0161\u010diojimams ir lengvam mokymui. \u0160iuolaikinis dizainas ir juoda spalva daro sportba\u010dius universalius ir stilingus. Pasirinkite &#8222;BlackFull Ref&#8221; n\u0117ra auk\u0161\u010diausios kokyb\u0117s, kad kiekviename \u017eingsnyje suderintum\u0117te patogum\u0105, prakti\u0161kum\u0105 ir prieinam\u0105 kokyb\u0119.<\/p>\n","protected":false},"excerpt":{"rendered":"<p>BlackFull Ref sportba\u010diai n\u0117ra auk\u0161\u010diausios kokyb\u0117s, Pagaminti i\u0161 kv\u0117puojan\u010dios tekstil\u0117s ir tinklelio, kuris u\u017etikrina lengvum\u0105 ir komfort\u0105 d\u0117vint. Modelis tinka kasdieniam naudojimui, pasivaik\u0161\u010diojimams ir lengvam mokymui. \u0160iuolaikinis dizainas ir juoda spalva daro sportba\u010dius universalius ir stilingus. Pasirinkite &#8222;BlackFull Ref&#8221; n\u0117ra auk\u0161\u010diausios kokyb\u0117s, kad kiekviename \u017eingsnyje suderintum\u0117te patogum\u0105, prakti\u0161kum\u0105 ir prieinam\u0105 kokyb\u0119.<\/p>\n","protected":false},"featured_media":730308,"comment_status":"open","ping_status":"open","template":"","meta":[],"product_brand":[],"product_cat":[3264,3265],"product_tag":[],"class_list":{"0":"post-730306","1":"product","2":"type-product","3":"status-publish","4":"has-post-thumbnail","6":"product_cat-all-product","7":"product_cat-krosivky","8":"pa_rozmir-923","9":"pa_rozmir-910","10":"pa_rozmir-912","11":"pa_rozmir-914","12":"pa_rozmir-915","13":"pa_rozmir-916","14":"pa_rozmir-917","15":"pa_rozmir-918","16":"pa_rozmir-919","17":"pa_rozmir-921","18":"pa_rozmir-922","20":"first","21":"instock","22":"purchasable","23":"product-type-variable"},"_links":{"self":[{"href":"https:\/\/nextsnkr.com\/lt\/wp-json\/wp\/v2\/product\/730306","targetHints":{"allow":["GET"]}}],"collection":[{"href":"https:\/\/nextsnkr.com\/lt\/wp-json\/wp\/v2\/product"}],"about":[{"href":"https:\/\/nextsnkr.com\/lt\/wp-json\/wp\/v2\/types\/product"}],"replies":[{"embeddable":true,"href":"https:\/\/nextsnkr.com\/lt\/wp-json\/wp\/v2\/comments?post=730306"}],"version-history":[{"count":0,"href":"https:\/\/nextsnkr.com\/lt\/wp-json\/wp\/v2\/product\/730306\/revisions"}],"wp:featuredmedia":[{"embeddable":true,"href":"https:\/\/nextsnkr.com\/lt\/wp-json\/wp\/v2\/media\/730308"}],"wp:attachment":[{"href":"https:\/\/nextsnkr.com\/lt\/wp-json\/wp\/v2\/media?parent=730306"}],"wp:term":[{"taxonomy":"product_brand","embeddable":true,"href":"https:\/\/nextsnkr.com\/lt\/wp-json\/wp\/v2\/product_brand?post=730306"},{"taxonomy":"product_cat","embeddable":true,"href":"https:\/\/nextsnkr.com\/lt\/wp-json\/wp\/v2\/product_cat?post=730306"},{"taxonomy":"product_tag","embeddable":true,"href":"https:\/\/nextsnkr.com\/lt\/wp-json\/wp\/v2\/product_tag?post=730306"}],"curies":[{"name":"wp","href":"https:\/\/api.w.org\/{rel}","templated":true}]}}